{"id":5539144,"date":"2024-10-22T22:39:02","date_gmt":"2024-10-22T19:39:02","guid":{"rendered":"https:\/\/www.ccmboutique.ro\/shop\/haina-de-blana-anjelika-silver\/"},"modified":"2024-10-23T11:11:43","modified_gmt":"2024-10-23T08:11:43","slug":"anjelika-silver-fur-coat","status":"publish","type":"product","link":"https:\/\/www.ccmboutique.ro\/ro\/shop\/anjelika-silver-fur-coat\/","title":{"rendered":"Haina De Blana ANJELIKA Silver"},"content":{"rendered":"","protected":false},"excerpt":{"rendered":"<p id=\"tw-target-text\" class=\"tw-data-text tw-text-large tw-ta\" dir=\"ltr\" data-placeholder=\"Traducere\" data-ved=\"2ahUKEwj_4vDhrqKJAxW69LsIHQ2WDe8Q3ewLegQIChAU\" aria-label=\"Text tradus: When the temperatures drop and the cold wind blows in, elegance and comfort become absolute necessities. Discover our exclusive collection of fur coats, designed to envelop you in luxury and warmth. Each piece is carefully crafted using the finest materials to give you a unique experience. Whatever your style, our collection offers options for every occasion. From elegant to rebellious, each piece reflects your personality and sophistication.\"><span class=\"Y2IQFc\" lang=\"en\">Atunci c\u00e2nd temperaturile scad \u0219i bate v\u00e2ntul rece, elegan\u021ba \u0219i confortul devin absolut necesare.<\/span><\/p>\n<p class=\"tw-data-text tw-text-large tw-ta\" dir=\"ltr\" data-placeholder=\"Traducere\" data-ved=\"2ahUKEwj_4vDhrqKJAxW69LsIHQ2WDe8Q3ewLegQIChAU\" aria-label=\"Text tradus: When the temperatures drop and the cold wind blows in, elegance and comfort become absolute necessities. Discover our exclusive collection of fur coats, designed to envelop you in luxury and warmth. Each piece is carefully crafted using the finest materials to give you a unique experience. Whatever your style, our collection offers options for every occasion. From elegant to rebellious, each piece reflects your personality and sophistication.\"><span class=\"Y2IQFc\" lang=\"en\">Descoperi\u021bi colec\u021bia noastr\u0103 exclusiv\u0103 de paltoane de blan\u0103, concepute pentru a v\u0103 \u00eenv\u0103lui \u00een lux \u0219i c\u0103ldur\u0103.<\/span><\/p>\n<p class=\"tw-data-text tw-text-large tw-ta\" dir=\"ltr\" data-placeholder=\"Traducere\" data-ved=\"2ahUKEwj_4vDhrqKJAxW69LsIHQ2WDe8Q3ewLegQIChAU\" aria-label=\"Text tradus: When the temperatures drop and the cold wind blows in, elegance and comfort become absolute necessities. Discover our exclusive collection of fur coats, designed to envelop you in luxury and warmth. Each piece is carefully crafted using the finest materials to give you a unique experience. Whatever your style, our collection offers options for every occasion. From elegant to rebellious, each piece reflects your personality and sophistication.\"><span class=\"Y2IQFc\" lang=\"en\">Fiecare pies\u0103 este fabricat\u0103 cu grij\u0103, folosind cele mai bune materiale pentru a v\u0103 oferi o experien\u021b\u0103 unic\u0103.<\/span><\/p>\n<p class=\"tw-data-text tw-text-large tw-ta\" dir=\"ltr\" data-placeholder=\"Traducere\" data-ved=\"2ahUKEwj_4vDhrqKJAxW69LsIHQ2WDe8Q3ewLegQIChAU\" aria-label=\"Text tradus: When the temperatures drop and the cold wind blows in, elegance and comfort become absolute necessities. Discover our exclusive collection of fur coats, designed to envelop you in luxury and warmth. Each piece is carefully crafted using the finest materials to give you a unique experience. Whatever your style, our collection offers options for every occasion. From elegant to rebellious, each piece reflects your personality and sophistication.\"><span class=\"Y2IQFc\" lang=\"en\">Indiferent de stilul t\u0103u, colec\u021bia noastr\u0103 ofer\u0103 op\u021biuni pentru fiecare ocazie.<\/span><\/p>\n<p class=\"tw-data-text tw-text-large tw-ta\" dir=\"ltr\" data-placeholder=\"Traducere\" data-ved=\"2ahUKEwj_4vDhrqKJAxW69LsIHQ2WDe8Q3ewLegQIChAU\" aria-label=\"Text tradus: When the temperatures drop and the cold wind blows in, elegance and comfort become absolute necessities. Discover our exclusive collection of fur coats, designed to envelop you in luxury and warmth. Each piece is carefully crafted using the finest materials to give you a unique experience. Whatever your style, our collection offers options for every occasion. From elegant to rebellious, each piece reflects your personality and sophistication.\"><span class=\"Y2IQFc\" lang=\"en\">De la elegant la rebel, fiecare pies\u0103 \u00ee\u021bi reflect\u0103 personalitatea \u0219i rafinamentul.<\/span><\/p>\n","protected":false},"featured_media":5539129,"comment_status":"closed","ping_status":"closed","template":"","meta":[],"product_cat":[444,452],"product_tag":[],"class_list":["post-5539144","product","type-product","status-publish","has-post-thumbnail","hentry","product_cat-femei-2","product_cat-haine-din-blana-2"],"acf":[],"_links":{"self":[{"href":"https:\/\/www.ccmboutique.ro\/ro\/wp-json\/wp\/v2\/product\/5539144","targetHints":{"allow":["GET"]}}],"collection":[{"href":"https:\/\/www.ccmboutique.ro\/ro\/wp-json\/wp\/v2\/product"}],"about":[{"href":"https:\/\/www.ccmboutique.ro\/ro\/wp-json\/wp\/v2\/types\/product"}],"replies":[{"embeddable":true,"href":"https:\/\/www.ccmboutique.ro\/ro\/wp-json\/wp\/v2\/comments?post=5539144"}],"version-history":[{"count":1,"href":"https:\/\/www.ccmboutique.ro\/ro\/wp-json\/wp\/v2\/product\/5539144\/revisions"}],"predecessor-version":[{"id":5539290,"href":"https:\/\/www.ccmboutique.ro\/ro\/wp-json\/wp\/v2\/product\/5539144\/revisions\/5539290"}],"wp:featuredmedia":[{"embeddable":true,"href":"https:\/\/www.ccmboutique.ro\/ro\/wp-json\/wp\/v2\/media\/5539129"}],"wp:attachment":[{"href":"https:\/\/www.ccmboutique.ro\/ro\/wp-json\/wp\/v2\/media?parent=5539144"}],"wp:term":[{"taxonomy":"product_cat","embeddable":true,"href":"https:\/\/www.ccmboutique.ro\/ro\/wp-json\/wp\/v2\/product_cat?post=5539144"},{"taxonomy":"product_tag","embeddable":true,"href":"https:\/\/www.ccmboutique.ro\/ro\/wp-json\/wp\/v2\/product_tag?post=5539144"}],"curies":[{"name":"wp","href":"https:\/\/api.w.org\/{rel}","templated":true}]}}