{"id":5539116,"date":"2024-10-22T22:18:00","date_gmt":"2024-10-22T19:18:00","guid":{"rendered":"https:\/\/www.ccmboutique.ro\/shop\/haina-de-blana-dasha-butter\/"},"modified":"2025-01-13T19:33:29","modified_gmt":"2025-01-13T17:33:29","slug":"dasha-palarie-de-blana","status":"publish","type":"product","link":"https:\/\/www.ccmboutique.ro\/ro\/shop\/dasha-palarie-de-blana\/","title":{"rendered":"Haina De Blana DASHA Butter"},"content":{"rendered":"","protected":false},"excerpt":{"rendered":"<p id=\"tw-target-text\" class=\"tw-data-text tw-text-large tw-ta\" dir=\"ltr\" data-placeholder=\"Traducere\" data-ved=\"2ahUKEwj_4vDhrqKJAxW69LsIHQ2WDe8Q3ewLegQIChAU\" aria-label=\"Text tradus: A fur coat that dresses your every desire in style and sophistication. With a V design and rich fox fur, this model is the expression of ultimate elegance! l Total customization: \u2714\ufe0f Any color, any size, any length \u2714\ufe0f Closures of your choice: zipper or clips \u2714\ufe0f Every detail is adjusted for you! \ud83d\udc57 Create your perfect outfit and stand out with a piece created especially for you! There are no limits to your imagination.\"><span class=\"Y2IQFc\" lang=\"en\">O hain\u0103 de blan\u0103 care v\u0103 \u00eembrac\u0103 fiecare dorin\u021b\u0103 \u00een stil \u0219i rafinament.<\/span><\/p>\n<p class=\"tw-data-text tw-text-large tw-ta\" dir=\"ltr\" data-placeholder=\"Traducere\" data-ved=\"2ahUKEwj_4vDhrqKJAxW69LsIHQ2WDe8Q3ewLegQIChAU\" aria-label=\"Text tradus: A fur coat that dresses your every desire in style and sophistication. With a V design and rich fox fur, this model is the expression of ultimate elegance! l Total customization: \u2714\ufe0f Any color, any size, any length \u2714\ufe0f Closures of your choice: zipper or clips \u2714\ufe0f Every detail is adjusted for you! \ud83d\udc57 Create your perfect outfit and stand out with a piece created especially for you! There are no limits to your imagination.\"><span class=\"Y2IQFc\" lang=\"en\">Cu un design \u00een V \u0219i blan\u0103 bogat\u0103 de vulpe, acest model este expresia elegan\u021bei supreme!<\/span><\/p>\n<p class=\"tw-data-text tw-text-large tw-ta\" dir=\"ltr\" data-placeholder=\"Traducere\" data-ved=\"2ahUKEwj_4vDhrqKJAxW69LsIHQ2WDe8Q3ewLegQIChAU\" aria-label=\"Text tradus: A fur coat that dresses your every desire in style and sophistication. With a V design and rich fox fur, this model is the expression of ultimate elegance! l Total customization: \u2714\ufe0f Any color, any size, any length \u2714\ufe0f Closures of your choice: zipper or clips \u2714\ufe0f Every detail is adjusted for you! \ud83d\udc57 Create your perfect outfit and stand out with a piece created especially for you! There are no limits to your imagination.\"><span class=\"Y2IQFc\" lang=\"en\">Personalizare total\u0103: <\/span><\/p>\n<p class=\"tw-data-text tw-text-large tw-ta\" dir=\"ltr\" data-placeholder=\"Traducere\" data-ved=\"2ahUKEwj_4vDhrqKJAxW69LsIHQ2WDe8Q3ewLegQIChAU\" aria-label=\"Text tradus: A fur coat that dresses your every desire in style and sophistication. With a V design and rich fox fur, this model is the expression of ultimate elegance! l Total customization: \u2714\ufe0f Any color, any size, any length \u2714\ufe0f Closures of your choice: zipper or clips \u2714\ufe0f Every detail is adjusted for you! \ud83d\udc57 Create your perfect outfit and stand out with a piece created especially for you! There are no limits to your imagination.\"><span class=\"Y2IQFc\" lang=\"en\">\u2714\ufe0f<\/span><span class=\"Y2IQFc\" lang=\"en\">Orice culoare, orice m\u0103rime, orice lungime.<\/span><\/p>\n<p class=\"tw-data-text tw-text-large tw-ta\" dir=\"ltr\" data-placeholder=\"Traducere\" data-ved=\"2ahUKEwj_4vDhrqKJAxW69LsIHQ2WDe8Q3ewLegQIChAU\" aria-label=\"Text tradus: A fur coat that dresses your every desire in style and sophistication. With a V design and rich fox fur, this model is the expression of ultimate elegance! l Total customization: \u2714\ufe0f Any color, any size, any length \u2714\ufe0f Closures of your choice: zipper or clips \u2714\ufe0f Every detail is adjusted for you! \ud83d\udc57 Create your perfect outfit and stand out with a piece created especially for you! There are no limits to your imagination.\"><span class=\"Y2IQFc\" lang=\"en\">\u2714\ufe0f \u00cenchidere la alegere: fermoar sau agrafe.<\/span><\/p>\n<p class=\"tw-data-text tw-text-large tw-ta\" dir=\"ltr\" data-placeholder=\"Traducere\" data-ved=\"2ahUKEwj_4vDhrqKJAxW69LsIHQ2WDe8Q3ewLegQIChAU\" aria-label=\"Text tradus: A fur coat that dresses your every desire in style and sophistication. With a V design and rich fox fur, this model is the expression of ultimate elegance! l Total customization: \u2714\ufe0f Any color, any size, any length \u2714\ufe0f Closures of your choice: zipper or clips \u2714\ufe0f Every detail is adjusted for you! \ud83d\udc57 Create your perfect outfit and stand out with a piece created especially for you! There are no limits to your imagination.\"><span class=\"Y2IQFc\" lang=\"en\">\u2714\ufe0f Fiecare detaliu este reglat pentru tine!<\/span><\/p>\n<p class=\"tw-data-text tw-text-large tw-ta\" dir=\"ltr\" data-placeholder=\"Traducere\" data-ved=\"2ahUKEwj_4vDhrqKJAxW69LsIHQ2WDe8Q3ewLegQIChAU\" aria-label=\"Text tradus: A fur coat that dresses your every desire in style and sophistication. With a V design and rich fox fur, this model is the expression of ultimate elegance! l Total customization: \u2714\ufe0f Any color, any size, any length \u2714\ufe0f Closures of your choice: zipper or clips \u2714\ufe0f Every detail is adjusted for you! \ud83d\udc57 Create your perfect outfit and stand out with a piece created especially for you! There are no limits to your imagination.\"><span class=\"Y2IQFc\" lang=\"en\">Creeaz\u0103-\u021bi \u021binuta perfect\u0103 \u0219i ie\u0219i \u00een eviden\u021b\u0103 cu o pies\u0103 creat\u0103 special pentru tine!<\/span><\/p>\n<p class=\"tw-data-text tw-text-large tw-ta\" dir=\"ltr\" data-placeholder=\"Traducere\" data-ved=\"2ahUKEwj_4vDhrqKJAxW69LsIHQ2WDe8Q3ewLegQIChAU\" aria-label=\"Text tradus: A fur coat that dresses your every desire in style and sophistication. With a V design and rich fox fur, this model is the expression of ultimate elegance! l Total customization: \u2714\ufe0f Any color, any size, any length \u2714\ufe0f Closures of your choice: zipper or clips \u2714\ufe0f Every detail is adjusted for you! \ud83d\udc57 Create your perfect outfit and stand out with a piece created especially for you! There are no limits to your imagination.\"><span class=\"Y2IQFc\" lang=\"en\">Imagina\u021bia ta nu are limite.<\/span><\/p>\n","protected":false},"featured_media":5539114,"comment_status":"closed","ping_status":"closed","template":"","meta":[],"product_cat":[444,452],"product_tag":[],"class_list":["post-5539116","product","type-product","status-publish","has-post-thumbnail","hentry","product_cat-femei-2","product_cat-haine-din-blana-2"],"acf":[],"_links":{"self":[{"href":"https:\/\/www.ccmboutique.ro\/ro\/wp-json\/wp\/v2\/product\/5539116","targetHints":{"allow":["GET"]}}],"collection":[{"href":"https:\/\/www.ccmboutique.ro\/ro\/wp-json\/wp\/v2\/product"}],"about":[{"href":"https:\/\/www.ccmboutique.ro\/ro\/wp-json\/wp\/v2\/types\/product"}],"replies":[{"embeddable":true,"href":"https:\/\/www.ccmboutique.ro\/ro\/wp-json\/wp\/v2\/comments?post=5539116"}],"version-history":[{"count":1,"href":"https:\/\/www.ccmboutique.ro\/ro\/wp-json\/wp\/v2\/product\/5539116\/revisions"}],"predecessor-version":[{"id":5541441,"href":"https:\/\/www.ccmboutique.ro\/ro\/wp-json\/wp\/v2\/product\/5539116\/revisions\/5541441"}],"wp:featuredmedia":[{"embeddable":true,"href":"https:\/\/www.ccmboutique.ro\/ro\/wp-json\/wp\/v2\/media\/5539114"}],"wp:attachment":[{"href":"https:\/\/www.ccmboutique.ro\/ro\/wp-json\/wp\/v2\/media?parent=5539116"}],"wp:term":[{"taxonomy":"product_cat","embeddable":true,"href":"https:\/\/www.ccmboutique.ro\/ro\/wp-json\/wp\/v2\/product_cat?post=5539116"},{"taxonomy":"product_tag","embeddable":true,"href":"https:\/\/www.ccmboutique.ro\/ro\/wp-json\/wp\/v2\/product_tag?post=5539116"}],"curies":[{"name":"wp","href":"https:\/\/api.w.org\/{rel}","templated":true}]}}