{"id":5539097,"date":"2024-10-22T20:58:11","date_gmt":"2024-10-22T17:58:11","guid":{"rendered":"https:\/\/www.ccmboutique.ro\/shop\/haina-de-blana-dasha-gold-frost\/"},"modified":"2025-01-13T19:34:42","modified_gmt":"2025-01-13T17:34:42","slug":"dasha-gold-frost-fur-coat","status":"publish","type":"product","link":"https:\/\/www.ccmboutique.ro\/ro\/shop\/dasha-gold-frost-fur-coat\/","title":{"rendered":"Haina De Blana DASHA Gold Frost"},"content":{"rendered":"","protected":false},"excerpt":{"rendered":"<p id=\"tw-target-text\" class=\"tw-data-text tw-text-large tw-ta\" dir=\"ltr\" data-placeholder=\"Traducere\" data-ved=\"2ahUKEwj_4vDhrqKJAxW69LsIHQ2WDe8Q3ewLegQIChAU\" aria-label=\"Text tradus: Turn your dream into reality: Fox fur coat, created just for you! Enter the world of absolute luxury with a natural fox fur coat with a refined V design. Comfort meets elegance in a piece customized down to the smallest detail! \u2714\ufe0f Any color, size or length. \u2714\ufe0f Refined closures: zipper or clips, your choice. \u2714\ufe0f Each coat is unique, created especially for you. Imagine a coat that perfectly complements your style and personality. We can make it a reality! Customize your coat today! Write us for details and let's get started!\"><span class=\"Y2IQFc\" lang=\"en\">Transform\u0103-\u021bi visul \u00een realitate: Haina din blan\u0103 de vulpe, creata doar pentru tine!<\/span><\/p>\n<p class=\"tw-data-text tw-text-large tw-ta\" dir=\"ltr\" data-placeholder=\"Traducere\" data-ved=\"2ahUKEwj_4vDhrqKJAxW69LsIHQ2WDe8Q3ewLegQIChAU\" aria-label=\"Text tradus: Turn your dream into reality: Fox fur coat, created just for you! Enter the world of absolute luxury with a natural fox fur coat with a refined V design. Comfort meets elegance in a piece customized down to the smallest detail! \u2714\ufe0f Any color, size or length. \u2714\ufe0f Refined closures: zipper or clips, your choice. \u2714\ufe0f Each coat is unique, created especially for you. Imagine a coat that perfectly complements your style and personality. We can make it a reality! Customize your coat today! Write us for details and let's get started!\"><span class=\"Y2IQFc\" lang=\"en\">Intra\u021bi \u00een lumea luxului absolut cu o hain\u0103 din blan\u0103 natural\u0103 de vulpe cu un design rafinat \u00een V.<\/span><\/p>\n<p class=\"tw-data-text tw-text-large tw-ta\" dir=\"ltr\" data-placeholder=\"Traducere\" data-ved=\"2ahUKEwj_4vDhrqKJAxW69LsIHQ2WDe8Q3ewLegQIChAU\" aria-label=\"Text tradus: Turn your dream into reality: Fox fur coat, created just for you! Enter the world of absolute luxury with a natural fox fur coat with a refined V design. Comfort meets elegance in a piece customized down to the smallest detail! \u2714\ufe0f Any color, size or length. \u2714\ufe0f Refined closures: zipper or clips, your choice. \u2714\ufe0f Each coat is unique, created especially for you. Imagine a coat that perfectly complements your style and personality. We can make it a reality! Customize your coat today! Write us for details and let's get started!\"><span class=\"Y2IQFc\" lang=\"en\">Confortul \u00eent\u00e2lne\u0219te elegan\u021ba \u00eentr-o pies\u0103 personalizat\u0103 p\u00e2n\u0103 la cel mai mic detaliu!<\/span><\/p>\n<p class=\"tw-data-text tw-text-large tw-ta\" dir=\"ltr\" data-placeholder=\"Traducere\" data-ved=\"2ahUKEwj_4vDhrqKJAxW69LsIHQ2WDe8Q3ewLegQIChAU\" aria-label=\"Text tradus: Turn your dream into reality: Fox fur coat, created just for you! Enter the world of absolute luxury with a natural fox fur coat with a refined V design. Comfort meets elegance in a piece customized down to the smallest detail! \u2714\ufe0f Any color, size or length. \u2714\ufe0f Refined closures: zipper or clips, your choice. \u2714\ufe0f Each coat is unique, created especially for you. Imagine a coat that perfectly complements your style and personality. We can make it a reality! Customize your coat today! Write us for details and let's get started!\"><span class=\"Y2IQFc\" lang=\"en\">\u2714\ufe0f Orice culoare, dimensiune sau lungime.<\/span><\/p>\n<p class=\"tw-data-text tw-text-large tw-ta\" dir=\"ltr\" data-placeholder=\"Traducere\" data-ved=\"2ahUKEwj_4vDhrqKJAxW69LsIHQ2WDe8Q3ewLegQIChAU\" aria-label=\"Text tradus: Turn your dream into reality: Fox fur coat, created just for you! Enter the world of absolute luxury with a natural fox fur coat with a refined V design. Comfort meets elegance in a piece customized down to the smallest detail! \u2714\ufe0f Any color, size or length. \u2714\ufe0f Refined closures: zipper or clips, your choice. \u2714\ufe0f Each coat is unique, created especially for you. Imagine a coat that perfectly complements your style and personality. We can make it a reality! Customize your coat today! Write us for details and let's get started!\"><span class=\"Y2IQFc\" lang=\"en\">\u2714\ufe0f \u00cenchideri rafinate: fermoar sau agrafe, la alegere.<\/span><\/p>\n<p class=\"tw-data-text tw-text-large tw-ta\" dir=\"ltr\" data-placeholder=\"Traducere\" data-ved=\"2ahUKEwj_4vDhrqKJAxW69LsIHQ2WDe8Q3ewLegQIChAU\" aria-label=\"Text tradus: Turn your dream into reality: Fox fur coat, created just for you! Enter the world of absolute luxury with a natural fox fur coat with a refined V design. Comfort meets elegance in a piece customized down to the smallest detail! \u2714\ufe0f Any color, size or length. \u2714\ufe0f Refined closures: zipper or clips, your choice. \u2714\ufe0f Each coat is unique, created especially for you. Imagine a coat that perfectly complements your style and personality. We can make it a reality! Customize your coat today! Write us for details and let's get started!\"><span class=\"Y2IQFc\" lang=\"en\">\u2714\ufe0f Fiecare haina este unica, creata special pentru tine.<\/span><\/p>\n<p class=\"tw-data-text tw-text-large tw-ta\" dir=\"ltr\" data-placeholder=\"Traducere\" data-ved=\"2ahUKEwj_4vDhrqKJAxW69LsIHQ2WDe8Q3ewLegQIChAU\" aria-label=\"Text tradus: Turn your dream into reality: Fox fur coat, created just for you! Enter the world of absolute luxury with a natural fox fur coat with a refined V design. Comfort meets elegance in a piece customized down to the smallest detail! \u2714\ufe0f Any color, size or length. \u2714\ufe0f Refined closures: zipper or clips, your choice. \u2714\ufe0f Each coat is unique, created especially for you. Imagine a coat that perfectly complements your style and personality. We can make it a reality! Customize your coat today! Write us for details and let's get started!\"><span class=\"Y2IQFc\" lang=\"en\">Imagina\u021bi-v\u0103 o hain\u0103 care v\u0103 completeaz\u0103 perfect stilul \u0219i personalitatea.<\/span><\/p>\n<p class=\"tw-data-text tw-text-large tw-ta\" dir=\"ltr\" data-placeholder=\"Traducere\" data-ved=\"2ahUKEwj_4vDhrqKJAxW69LsIHQ2WDe8Q3ewLegQIChAU\" aria-label=\"Text tradus: Turn your dream into reality: Fox fur coat, created just for you! Enter the world of absolute luxury with a natural fox fur coat with a refined V design. Comfort meets elegance in a piece customized down to the smallest detail! \u2714\ufe0f Any color, size or length. \u2714\ufe0f Refined closures: zipper or clips, your choice. \u2714\ufe0f Each coat is unique, created especially for you. Imagine a coat that perfectly complements your style and personality. We can make it a reality! Customize your coat today! Write us for details and let's get started!\"><span class=\"Y2IQFc\" lang=\"en\">Noi o putem transforma \u00een realitate! Personaliza\u021bi-v\u0103 haina ast\u0103zi!  Scrie\u021bi-ne pentru detalii \u0219i s\u0103 \u00eencepem!<\/span><\/p>\n","protected":false},"featured_media":5539089,"comment_status":"closed","ping_status":"closed","template":"","meta":[],"product_cat":[444,452],"product_tag":[],"class_list":["post-5539097","product","type-product","status-publish","has-post-thumbnail","hentry","product_cat-femei-2","product_cat-haine-din-blana-2"],"acf":[],"_links":{"self":[{"href":"https:\/\/www.ccmboutique.ro\/ro\/wp-json\/wp\/v2\/product\/5539097","targetHints":{"allow":["GET"]}}],"collection":[{"href":"https:\/\/www.ccmboutique.ro\/ro\/wp-json\/wp\/v2\/product"}],"about":[{"href":"https:\/\/www.ccmboutique.ro\/ro\/wp-json\/wp\/v2\/types\/product"}],"replies":[{"embeddable":true,"href":"https:\/\/www.ccmboutique.ro\/ro\/wp-json\/wp\/v2\/comments?post=5539097"}],"version-history":[{"count":1,"href":"https:\/\/www.ccmboutique.ro\/ro\/wp-json\/wp\/v2\/product\/5539097\/revisions"}],"predecessor-version":[{"id":5541442,"href":"https:\/\/www.ccmboutique.ro\/ro\/wp-json\/wp\/v2\/product\/5539097\/revisions\/5541442"}],"wp:featuredmedia":[{"embeddable":true,"href":"https:\/\/www.ccmboutique.ro\/ro\/wp-json\/wp\/v2\/media\/5539089"}],"wp:attachment":[{"href":"https:\/\/www.ccmboutique.ro\/ro\/wp-json\/wp\/v2\/media?parent=5539097"}],"wp:term":[{"taxonomy":"product_cat","embeddable":true,"href":"https:\/\/www.ccmboutique.ro\/ro\/wp-json\/wp\/v2\/product_cat?post=5539097"},{"taxonomy":"product_tag","embeddable":true,"href":"https:\/\/www.ccmboutique.ro\/ro\/wp-json\/wp\/v2\/product_tag?post=5539097"}],"curies":[{"name":"wp","href":"https:\/\/api.w.org\/{rel}","templated":true}]}}