{"id":5539091,"date":"2024-10-22T20:16:05","date_gmt":"2024-10-22T17:16:05","guid":{"rendered":"https:\/\/www.ccmboutique.ro\/shop\/haina-de-blana-dasha-green\/"},"modified":"2024-10-22T20:16:05","modified_gmt":"2024-10-22T17:16:05","slug":"dasha-verde-gheata-pelerina-coate","status":"publish","type":"product","link":"https:\/\/www.ccmboutique.ro\/ro\/shop\/dasha-verde-gheata-pelerina-coate\/","title":{"rendered":"Haina De Blana DASHA Green"},"content":{"rendered":"","protected":false},"excerpt":{"rendered":"<p id=\"tw-target-text\" class=\"tw-data-text tw-text-large tw-ta\" dir=\"ltr\" data-placeholder=\"Traducere\" data-ved=\"2ahUKEwj_4vDhrqKJAxW69LsIHQ2WDe8Q3ewLegQIChAU\" aria-label=\"Text tradus: Unique, just like you: Natural fox fur coat! Luxury, elegance and complete customization \u2013 all in one fox fur coat with a spectacular V design. Each piece is custom-made to reflect your unique style! \ud83c\udfa8 Choose the perfect color \ud83d\udccf Order any size or length \ud83d\udd12 Opt for a zipper or clips, you decide! Now is your chance to wear a garment that tells your story. A collector's item, as unique and refined as you are. \ud83d\udcf2 Want to customize it? Contact us and create your own fur masterpiece!\"><span class=\"Y2IQFc\" lang=\"en\">Unica, la fel ca tine: Haina din blan\u0103 natural\u0103 de vulpe!<\/span><\/p>\n<p class=\"tw-data-text tw-text-large tw-ta\" dir=\"ltr\" data-placeholder=\"Traducere\" data-ved=\"2ahUKEwj_4vDhrqKJAxW69LsIHQ2WDe8Q3ewLegQIChAU\" aria-label=\"Text tradus: Unique, just like you: Natural fox fur coat! Luxury, elegance and complete customization \u2013 all in one fox fur coat with a spectacular V design. Each piece is custom-made to reflect your unique style! \ud83c\udfa8 Choose the perfect color \ud83d\udccf Order any size or length \ud83d\udd12 Opt for a zipper or clips, you decide! Now is your chance to wear a garment that tells your story. A collector's item, as unique and refined as you are. \ud83d\udcf2 Want to customize it? Contact us and create your own fur masterpiece!\"><span class=\"Y2IQFc\" lang=\"en\">Lux, elegan\u021b\u0103 \u0219i personalizare complet\u0103 &#8211; toate \u00eentr-o hain\u0103 din blan\u0103 de vulpe cu un design spectaculos \u00een V.<\/span><\/p>\n<p class=\"tw-data-text tw-text-large tw-ta\" dir=\"ltr\" data-placeholder=\"Traducere\" data-ved=\"2ahUKEwj_4vDhrqKJAxW69LsIHQ2WDe8Q3ewLegQIChAU\" aria-label=\"Text tradus: Unique, just like you: Natural fox fur coat! Luxury, elegance and complete customization \u2013 all in one fox fur coat with a spectacular V design. Each piece is custom-made to reflect your unique style! \ud83c\udfa8 Choose the perfect color \ud83d\udccf Order any size or length \ud83d\udd12 Opt for a zipper or clips, you decide! Now is your chance to wear a garment that tells your story. A collector's item, as unique and refined as you are. \ud83d\udcf2 Want to customize it? Contact us and create your own fur masterpiece!\"><span class=\"Y2IQFc\" lang=\"en\"> Fiecare pies\u0103 este f\u0103cut\u0103 la comand\u0103 pentru a reflecta stilul t\u0103u unic!<\/span><\/p>\n<p class=\"tw-data-text tw-text-large tw-ta\" dir=\"ltr\" data-placeholder=\"Traducere\" data-ved=\"2ahUKEwj_4vDhrqKJAxW69LsIHQ2WDe8Q3ewLegQIChAU\" aria-label=\"Text tradus: Unique, just like you: Natural fox fur coat! Luxury, elegance and complete customization \u2013 all in one fox fur coat with a spectacular V design. Each piece is custom-made to reflect your unique style! \ud83c\udfa8 Choose the perfect color \ud83d\udccf Order any size or length \ud83d\udd12 Opt for a zipper or clips, you decide! Now is your chance to wear a garment that tells your story. A collector's item, as unique and refined as you are. \ud83d\udcf2 Want to customize it? Contact us and create your own fur masterpiece!\"><span class=\"Y2IQFc\" lang=\"en\">Alege culoarea perfect\u0103.<\/span><\/p>\n<p class=\"tw-data-text tw-text-large tw-ta\" dir=\"ltr\" data-placeholder=\"Traducere\" data-ved=\"2ahUKEwj_4vDhrqKJAxW69LsIHQ2WDe8Q3ewLegQIChAU\" aria-label=\"Text tradus: Unique, just like you: Natural fox fur coat! Luxury, elegance and complete customization \u2013 all in one fox fur coat with a spectacular V design. Each piece is custom-made to reflect your unique style! \ud83c\udfa8 Choose the perfect color \ud83d\udccf Order any size or length \ud83d\udd12 Opt for a zipper or clips, you decide! Now is your chance to wear a garment that tells your story. A collector's item, as unique and refined as you are. \ud83d\udcf2 Want to customize it? Contact us and create your own fur masterpiece!\"><span class=\"Y2IQFc\" lang=\"en\">Comanda\u021bi orice dimensiune sau lungime.<\/span><\/p>\n<p class=\"tw-data-text tw-text-large tw-ta\" dir=\"ltr\" data-placeholder=\"Traducere\" data-ved=\"2ahUKEwj_4vDhrqKJAxW69LsIHQ2WDe8Q3ewLegQIChAU\" aria-label=\"Text tradus: Unique, just like you: Natural fox fur coat! Luxury, elegance and complete customization \u2013 all in one fox fur coat with a spectacular V design. Each piece is custom-made to reflect your unique style! \ud83c\udfa8 Choose the perfect color \ud83d\udccf Order any size or length \ud83d\udd12 Opt for a zipper or clips, you decide! Now is your chance to wear a garment that tells your story. A collector's item, as unique and refined as you are. \ud83d\udcf2 Want to customize it? Contact us and create your own fur masterpiece!\"><span class=\"Y2IQFc\" lang=\"en\">Opteaz\u0103 pentru un fermoar sau agrafe, tu decizi!<\/span><\/p>\n<p class=\"tw-data-text tw-text-large tw-ta\" dir=\"ltr\" data-placeholder=\"Traducere\" data-ved=\"2ahUKEwj_4vDhrqKJAxW69LsIHQ2WDe8Q3ewLegQIChAU\" aria-label=\"Text tradus: Unique, just like you: Natural fox fur coat! Luxury, elegance and complete customization \u2013 all in one fox fur coat with a spectacular V design. Each piece is custom-made to reflect your unique style! \ud83c\udfa8 Choose the perfect color \ud83d\udccf Order any size or length \ud83d\udd12 Opt for a zipper or clips, you decide! Now is your chance to wear a garment that tells your story. A collector's item, as unique and refined as you are. \ud83d\udcf2 Want to customize it? Contact us and create your own fur masterpiece!\"><span class=\"Y2IQFc\" lang=\"en\">Acum este \u0219ansa ta s\u0103 por\u021bi un articol de \u00eembr\u0103c\u0103minte care \u00ee\u021bi spune povestea.<\/span><\/p>\n<p class=\"tw-data-text tw-text-large tw-ta\" dir=\"ltr\" data-placeholder=\"Traducere\" data-ved=\"2ahUKEwj_4vDhrqKJAxW69LsIHQ2WDe8Q3ewLegQIChAU\" aria-label=\"Text tradus: Unique, just like you: Natural fox fur coat! Luxury, elegance and complete customization \u2013 all in one fox fur coat with a spectacular V design. Each piece is custom-made to reflect your unique style! \ud83c\udfa8 Choose the perfect color \ud83d\udccf Order any size or length \ud83d\udd12 Opt for a zipper or clips, you decide! Now is your chance to wear a garment that tells your story. A collector's item, as unique and refined as you are. \ud83d\udcf2 Want to customize it? Contact us and create your own fur masterpiece!\"><span class=\"Y2IQFc\" lang=\"en\">Un obiect de colec\u021bie, la fel de unic \u0219i rafinat ca \u0219i tine.<\/span><\/p>\n<p class=\"tw-data-text tw-text-large tw-ta\" dir=\"ltr\" data-placeholder=\"Traducere\" data-ved=\"2ahUKEwj_4vDhrqKJAxW69LsIHQ2WDe8Q3ewLegQIChAU\" aria-label=\"Text tradus: Unique, just like you: Natural fox fur coat! Luxury, elegance and complete customization \u2013 all in one fox fur coat with a spectacular V design. Each piece is custom-made to reflect your unique style! \ud83c\udfa8 Choose the perfect color \ud83d\udccf Order any size or length \ud83d\udd12 Opt for a zipper or clips, you decide! Now is your chance to wear a garment that tells your story. A collector's item, as unique and refined as you are. \ud83d\udcf2 Want to customize it? Contact us and create your own fur masterpiece!\"><span class=\"Y2IQFc\" lang=\"en\">Dori\u021bi s\u0103 o personaliza\u021bi? Contacteaz\u0103-ne \u0219i creeaz\u0103-\u021bi propria capodoper\u0103 de blan\u0103! <\/span><\/p>\n","protected":false},"featured_media":5539050,"comment_status":"closed","ping_status":"closed","template":"","meta":[],"product_cat":[444,452],"product_tag":[],"class_list":["post-5539091","product","type-product","status-publish","has-post-thumbnail","hentry","product_cat-femei-2","product_cat-haine-din-blana-2"],"acf":[],"_links":{"self":[{"href":"https:\/\/www.ccmboutique.ro\/ro\/wp-json\/wp\/v2\/product\/5539091","targetHints":{"allow":["GET"]}}],"collection":[{"href":"https:\/\/www.ccmboutique.ro\/ro\/wp-json\/wp\/v2\/product"}],"about":[{"href":"https:\/\/www.ccmboutique.ro\/ro\/wp-json\/wp\/v2\/types\/product"}],"replies":[{"embeddable":true,"href":"https:\/\/www.ccmboutique.ro\/ro\/wp-json\/wp\/v2\/comments?post=5539091"}],"version-history":[{"count":0,"href":"https:\/\/www.ccmboutique.ro\/ro\/wp-json\/wp\/v2\/product\/5539091\/revisions"}],"wp:featuredmedia":[{"embeddable":true,"href":"https:\/\/www.ccmboutique.ro\/ro\/wp-json\/wp\/v2\/media\/5539050"}],"wp:attachment":[{"href":"https:\/\/www.ccmboutique.ro\/ro\/wp-json\/wp\/v2\/media?parent=5539091"}],"wp:term":[{"taxonomy":"product_cat","embeddable":true,"href":"https:\/\/www.ccmboutique.ro\/ro\/wp-json\/wp\/v2\/product_cat?post=5539091"},{"taxonomy":"product_tag","embeddable":true,"href":"https:\/\/www.ccmboutique.ro\/ro\/wp-json\/wp\/v2\/product_tag?post=5539091"}],"curies":[{"name":"wp","href":"https:\/\/api.w.org\/{rel}","templated":true}]}}