{"id":5539014,"date":"2024-10-22T19:06:02","date_gmt":"2024-10-22T16:06:02","guid":{"rendered":"https:\/\/www.ccmboutique.ro\/shop\/haina-de-blana-dasha\/"},"modified":"2025-01-13T19:35:22","modified_gmt":"2025-01-13T17:35:22","slug":"dasha-haina-blana-alba","status":"publish","type":"product","link":"https:\/\/www.ccmboutique.ro\/ro\/shop\/dasha-haina-blana-alba\/","title":{"rendered":"Haina De Blana DASHA"},"content":{"rendered":"","protected":false},"excerpt":{"rendered":"<p>Lux redefinit: Haina din blan\u0103 natural\u0103 de vulpe!<\/p>\n<p>Visa\u021bi la o pies\u0103 de \u00eembr\u0103c\u0103minte care s\u0103 v\u0103 exprime stilul unic \u0219i elegan\u021ba f\u0103r\u0103 compromisuri? Aceast\u0103 hain\u0103 din blan\u0103 natural\u0103 cu un design sofisticat \u00een form\u0103 de V este f\u0103cut\u0103 s\u0103 \u00eentoarc\u0103 privirile!<\/p>\n<p>\u2714\ufe0f Blan\u0103 de vulpe bogat\u0103, luxuriant\u0103, care v\u0103 ofer\u0103 confort \u0219i rafinament<br \/>\n\u2714\ufe0f Personalizabil\u0103 \u00een orice culoare, lungime \u0219i m\u0103rime<br \/>\n\u2714\ufe0f \u00cenchideri elegante, la alegere: fermoar sau clipsuri<br \/>\n\u2714\ufe0f Design unic, creat special pentru dumneavoastr\u0103!<\/p>\n<p>Transform\u0103-\u021bi garderoba cu o pies\u0103 statement, perfect adaptat\u0103 stilului t\u0103u. Acum pute\u021bi crea haina visurilor dvs., la comand\u0103!<\/p>\n<p>Scrie\u021bi-ne acum pentru o consulta\u021bie gratuit\u0103 \u0219i s\u0103 d\u0103m via\u021b\u0103 celei mai sofisticate haine din colec\u021bia dumneavoastr\u0103<\/p>\n","protected":false},"featured_media":5539007,"comment_status":"closed","ping_status":"closed","template":"","meta":[],"product_cat":[444,452],"product_tag":[],"class_list":["post-5539014","product","type-product","status-publish","has-post-thumbnail","hentry","product_cat-femei-2","product_cat-haine-din-blana-2"],"acf":[],"_links":{"self":[{"href":"https:\/\/www.ccmboutique.ro\/ro\/wp-json\/wp\/v2\/product\/5539014","targetHints":{"allow":["GET"]}}],"collection":[{"href":"https:\/\/www.ccmboutique.ro\/ro\/wp-json\/wp\/v2\/product"}],"about":[{"href":"https:\/\/www.ccmboutique.ro\/ro\/wp-json\/wp\/v2\/types\/product"}],"replies":[{"embeddable":true,"href":"https:\/\/www.ccmboutique.ro\/ro\/wp-json\/wp\/v2\/comments?post=5539014"}],"version-history":[{"count":2,"href":"https:\/\/www.ccmboutique.ro\/ro\/wp-json\/wp\/v2\/product\/5539014\/revisions"}],"predecessor-version":[{"id":5541443,"href":"https:\/\/www.ccmboutique.ro\/ro\/wp-json\/wp\/v2\/product\/5539014\/revisions\/5541443"}],"wp:featuredmedia":[{"embeddable":true,"href":"https:\/\/www.ccmboutique.ro\/ro\/wp-json\/wp\/v2\/media\/5539007"}],"wp:attachment":[{"href":"https:\/\/www.ccmboutique.ro\/ro\/wp-json\/wp\/v2\/media?parent=5539014"}],"wp:term":[{"taxonomy":"product_cat","embeddable":true,"href":"https:\/\/www.ccmboutique.ro\/ro\/wp-json\/wp\/v2\/product_cat?post=5539014"},{"taxonomy":"product_tag","embeddable":true,"href":"https:\/\/www.ccmboutique.ro\/ro\/wp-json\/wp\/v2\/product_tag?post=5539014"}],"curies":[{"name":"wp","href":"https:\/\/api.w.org\/{rel}","templated":true}]}}