{"id":5538985,"date":"2024-10-22T11:31:34","date_gmt":"2024-10-22T08:31:34","guid":{"rendered":"https:\/\/www.ccmboutique.ro\/shop\/haina-din-blana-de-oaie-mongoleza-angelina-capucino\/"},"modified":"2024-10-28T09:42:38","modified_gmt":"2024-10-28T07:42:38","slug":"angelina-mongolian-capucino","status":"publish","type":"product","link":"https:\/\/www.ccmboutique.ro\/ro\/shop\/angelina-mongolian-capucino\/","title":{"rendered":"Haina De Blana Mongoleza ANGELINA Capucino"},"content":{"rendered":"","protected":false},"excerpt":{"rendered":"<p>Oferim bl\u0103nuri de cea mai bun\u0103 calitate pentru a v\u0103 face s\u0103 str\u0103luci\u021bi cu orice ocazie.<\/p>\n<p class=\"p1\">Este cea mai calduroasa, pufoasa si glamour haina de blana.<\/p>\n<p>Aceast\u0103 haina ofer\u0103 o c\u0103ldur\u0103 suprem\u0103, este sofisticata si glamouroasa , va iesi in evidenta oriunde te-ai duce.<\/p>\n<p>Este o explozie de senza\u021bii, textura moale, m\u0103t\u0103soas\u0103 la atingere.<\/p>\n<p class=\"p1\">Se poate purta inchisa , pe jum\u0103tate deschisa sau complet deschisa , \u00een func\u021bie de \u021binuta ta \u0219i de vreme. \u00cenchiderile cu inele practice adaug\u0103 func\u021bionalitate stilului incontestabil al hainei.<\/p>\n<p class=\"p1\">Confec\u021bionat\u0103 100% din cea mai fin\u0103 blan\u0103 de oaie mongoleza , aceast\u0103 pies\u0103 rafinat\u0103 va deveni vedeta garderobei tale.<\/p>\n<p class=\"p1\">Disponibila pe orice lungime.<\/p>\n<p class=\"p1\">V\u0103 rug\u0103m s\u0103 acorda\u021bi p\u00e2n\u0103 la 10-14 zile pentru expedierea articolului, deoarece aceast\u0103 pies\u0103 este realizat\u0103 manual la comand\u0103.<\/p>\n<p>Material: 100% blan\u0103 de oaie mongoleza premium.<\/p>\n<p>Instruc\u021biuni de \u00eengrijire: cur\u0103\u021bare uscat\u0103 profesionala.<\/p>\n","protected":false},"featured_media":5541167,"comment_status":"closed","ping_status":"closed","template":"","meta":[],"product_cat":[444,452],"product_tag":[],"class_list":["post-5538985","product","type-product","status-publish","has-post-thumbnail","hentry","product_cat-femei-2","product_cat-haine-din-blana-2"],"acf":[],"_links":{"self":[{"href":"https:\/\/www.ccmboutique.ro\/ro\/wp-json\/wp\/v2\/product\/5538985","targetHints":{"allow":["GET"]}}],"collection":[{"href":"https:\/\/www.ccmboutique.ro\/ro\/wp-json\/wp\/v2\/product"}],"about":[{"href":"https:\/\/www.ccmboutique.ro\/ro\/wp-json\/wp\/v2\/types\/product"}],"replies":[{"embeddable":true,"href":"https:\/\/www.ccmboutique.ro\/ro\/wp-json\/wp\/v2\/comments?post=5538985"}],"version-history":[{"count":1,"href":"https:\/\/www.ccmboutique.ro\/ro\/wp-json\/wp\/v2\/product\/5538985\/revisions"}],"predecessor-version":[{"id":5539389,"href":"https:\/\/www.ccmboutique.ro\/ro\/wp-json\/wp\/v2\/product\/5538985\/revisions\/5539389"}],"wp:featuredmedia":[{"embeddable":true,"href":"https:\/\/www.ccmboutique.ro\/ro\/wp-json\/wp\/v2\/media\/5541167"}],"wp:attachment":[{"href":"https:\/\/www.ccmboutique.ro\/ro\/wp-json\/wp\/v2\/media?parent=5538985"}],"wp:term":[{"taxonomy":"product_cat","embeddable":true,"href":"https:\/\/www.ccmboutique.ro\/ro\/wp-json\/wp\/v2\/product_cat?post=5538985"},{"taxonomy":"product_tag","embeddable":true,"href":"https:\/\/www.ccmboutique.ro\/ro\/wp-json\/wp\/v2\/product_tag?post=5538985"}],"curies":[{"name":"wp","href":"https:\/\/api.w.org\/{rel}","templated":true}]}}