{"id":5538955,"date":"2024-10-22T11:14:39","date_gmt":"2024-10-22T08:14:39","guid":{"rendered":"https:\/\/www.ccmboutique.ro\/shop\/cojoc-shearling-dyna\/"},"modified":"2024-10-22T11:14:39","modified_gmt":"2024-10-22T08:14:39","slug":"dyna-shearling-coat","status":"publish","type":"product","link":"https:\/\/www.ccmboutique.ro\/ro\/shop\/dyna-shearling-coat\/","title":{"rendered":"Cojoc Shearling DYNA"},"content":{"rendered":"","protected":false},"excerpt":{"rendered":"<p id=\"tw-target-text\" class=\"tw-data-text tw-text-large tw-ta\" dir=\"ltr\" data-placeholder=\"Traducere\" data-ved=\"2ahUKEwiGgaDsm6CJAxXhhf0HHXcoF0YQ3ewLegQIChAU\" aria-label=\"Text tradus: Want to stand out this season? Opt for a short shearling coat that combines elegance with functionality! This exclusive shell, accessorized with natural fur, is specially created to give you both the necessary warmth and a luxurious look. With a custom cut to your measurements and available in various colors, it's the ideal piece for winter. You feel protected from the cold, but you look fabulous. Adaptable to any style and body shape. Available in any size and color, completely customized for you. Order now and create your perfect coat for this season! Contact us and we will help you choose the right size and color for you. Be ready to stand out with a luxurious and sophisticated look!\"><span class=\"Y2IQFc\" lang=\"en\">Vrei s\u0103 ie\u0219i \u00een eviden\u021b\u0103 \u00een acest sezon?<\/span><\/p>\n<p class=\"tw-data-text tw-text-large tw-ta\" dir=\"ltr\" data-placeholder=\"Traducere\" data-ved=\"2ahUKEwiGgaDsm6CJAxXhhf0HHXcoF0YQ3ewLegQIChAU\" aria-label=\"Text tradus: Want to stand out this season? Opt for a short shearling coat that combines elegance with functionality! This exclusive shell, accessorized with natural fur, is specially created to give you both the necessary warmth and a luxurious look. With a custom cut to your measurements and available in various colors, it's the ideal piece for winter. You feel protected from the cold, but you look fabulous. Adaptable to any style and body shape. Available in any size and color, completely customized for you. Order now and create your perfect coat for this season! Contact us and we will help you choose the right size and color for you. Be ready to stand out with a luxurious and sophisticated look!\"><span class=\"Y2IQFc\" lang=\"en\">Opteaz\u0103 pentru un cojoc scurt din shearling care combin\u0103 elegan\u021ba cu func\u021bionalitatea!<\/span><\/p>\n<p class=\"tw-data-text tw-text-large tw-ta\" dir=\"ltr\" data-placeholder=\"Traducere\" data-ved=\"2ahUKEwiGgaDsm6CJAxXhhf0HHXcoF0YQ3ewLegQIChAU\" aria-label=\"Text tradus: Want to stand out this season? Opt for a short shearling coat that combines elegance with functionality! This exclusive shell, accessorized with natural fur, is specially created to give you both the necessary warmth and a luxurious look. With a custom cut to your measurements and available in various colors, it's the ideal piece for winter. You feel protected from the cold, but you look fabulous. Adaptable to any style and body shape. Available in any size and color, completely customized for you. Order now and create your perfect coat for this season! Contact us and we will help you choose the right size and color for you. Be ready to stand out with a luxurious and sophisticated look!\"><span class=\"Y2IQFc\" lang=\"en\">Aceast\u0103 hain\u0103 exclusivist\u0103 din shearling, accesorizat\u0103 cu blan\u0103 natural\u0103, este special creat\u0103 pentru a v\u0103 oferi at\u00e2t c\u0103ldura necesar\u0103, c\u00e2t \u0219i un aspect luxos.<\/span><\/p>\n<p class=\"tw-data-text tw-text-large tw-ta\" dir=\"ltr\" data-placeholder=\"Traducere\" data-ved=\"2ahUKEwiGgaDsm6CJAxXhhf0HHXcoF0YQ3ewLegQIChAU\" aria-label=\"Text tradus: Want to stand out this season? Opt for a short shearling coat that combines elegance with functionality! This exclusive shell, accessorized with natural fur, is specially created to give you both the necessary warmth and a luxurious look. With a custom cut to your measurements and available in various colors, it's the ideal piece for winter. You feel protected from the cold, but you look fabulous. Adaptable to any style and body shape. Available in any size and color, completely customized for you. Order now and create your perfect coat for this season! Contact us and we will help you choose the right size and color for you. Be ready to stand out with a luxurious and sophisticated look!\"><span class=\"Y2IQFc\" lang=\"en\">Cu o croial\u0103 personalizat\u0103 la m\u0103surile tale \u0219i disponibil\u0103 \u00een diverse culori, este piesa ideal\u0103 pentru iarn\u0103.<\/span><\/p>\n<p class=\"tw-data-text tw-text-large tw-ta\" dir=\"ltr\" data-placeholder=\"Traducere\" data-ved=\"2ahUKEwiGgaDsm6CJAxXhhf0HHXcoF0YQ3ewLegQIChAU\" aria-label=\"Text tradus: Want to stand out this season? Opt for a short shearling coat that combines elegance with functionality! This exclusive shell, accessorized with natural fur, is specially created to give you both the necessary warmth and a luxurious look. With a custom cut to your measurements and available in various colors, it's the ideal piece for winter. You feel protected from the cold, but you look fabulous. Adaptable to any style and body shape. Available in any size and color, completely customized for you. Order now and create your perfect coat for this season! Contact us and we will help you choose the right size and color for you. Be ready to stand out with a luxurious and sophisticated look!\"><span class=\"Y2IQFc\" lang=\"en\">Te sim\u021bi protejat\u0103 de frig, dar ar\u0103\u021bi fabulos.<\/span><\/p>\n<p class=\"tw-data-text tw-text-large tw-ta\" dir=\"ltr\" data-placeholder=\"Traducere\" data-ved=\"2ahUKEwiGgaDsm6CJAxXhhf0HHXcoF0YQ3ewLegQIChAU\" aria-label=\"Text tradus: Want to stand out this season? Opt for a short shearling coat that combines elegance with functionality! This exclusive shell, accessorized with natural fur, is specially created to give you both the necessary warmth and a luxurious look. With a custom cut to your measurements and available in various colors, it's the ideal piece for winter. You feel protected from the cold, but you look fabulous. Adaptable to any style and body shape. Available in any size and color, completely customized for you. Order now and create your perfect coat for this season! Contact us and we will help you choose the right size and color for you. Be ready to stand out with a luxurious and sophisticated look!\"><span class=\"Y2IQFc\" lang=\"en\">Adaptabil la orice stil \u0219i form\u0103 a corpului.<\/span><\/p>\n<p class=\"tw-data-text tw-text-large tw-ta\" dir=\"ltr\" data-placeholder=\"Traducere\" data-ved=\"2ahUKEwiGgaDsm6CJAxXhhf0HHXcoF0YQ3ewLegQIChAU\" aria-label=\"Text tradus: Want to stand out this season? Opt for a short shearling coat that combines elegance with functionality! This exclusive shell, accessorized with natural fur, is specially created to give you both the necessary warmth and a luxurious look. With a custom cut to your measurements and available in various colors, it's the ideal piece for winter. You feel protected from the cold, but you look fabulous. Adaptable to any style and body shape. Available in any size and color, completely customized for you. Order now and create your perfect coat for this season! Contact us and we will help you choose the right size and color for you. Be ready to stand out with a luxurious and sophisticated look!\"><span class=\"Y2IQFc\" lang=\"en\">Disponibil \u00een orice dimensiune \u0219i culoare, complet personalizat pentru dvs.<\/span><\/p>\n<p class=\"tw-data-text tw-text-large tw-ta\" dir=\"ltr\" data-placeholder=\"Traducere\" data-ved=\"2ahUKEwiGgaDsm6CJAxXhhf0HHXcoF0YQ3ewLegQIChAU\" aria-label=\"Text tradus: Want to stand out this season? Opt for a short shearling coat that combines elegance with functionality! This exclusive shell, accessorized with natural fur, is specially created to give you both the necessary warmth and a luxurious look. With a custom cut to your measurements and available in various colors, it's the ideal piece for winter. You feel protected from the cold, but you look fabulous. Adaptable to any style and body shape. Available in any size and color, completely customized for you. Order now and create your perfect coat for this season! Contact us and we will help you choose the right size and color for you. Be ready to stand out with a luxurious and sophisticated look!\"><span class=\"Y2IQFc\" lang=\"en\">Comand\u0103 acum \u0219i creeaz\u0103-\u021bi haina perfect\u0103 pentru acest sezon!<\/span><\/p>\n<p class=\"tw-data-text tw-text-large tw-ta\" dir=\"ltr\" data-placeholder=\"Traducere\" data-ved=\"2ahUKEwiGgaDsm6CJAxXhhf0HHXcoF0YQ3ewLegQIChAU\" aria-label=\"Text tradus: Want to stand out this season? Opt for a short shearling coat that combines elegance with functionality! This exclusive shell, accessorized with natural fur, is specially created to give you both the necessary warmth and a luxurious look. With a custom cut to your measurements and available in various colors, it's the ideal piece for winter. You feel protected from the cold, but you look fabulous. Adaptable to any style and body shape. Available in any size and color, completely customized for you. Order now and create your perfect coat for this season! Contact us and we will help you choose the right size and color for you. Be ready to stand out with a luxurious and sophisticated look!\"><span class=\"Y2IQFc\" lang=\"en\">Contacta\u021bi-ne \u0219i v\u0103 vom ajuta s\u0103 alege\u021bi dimensiunea \u0219i culoarea potrivit\u0103 pentru dvs.<\/span><\/p>\n<p class=\"tw-data-text tw-text-large tw-ta\" dir=\"ltr\" data-placeholder=\"Traducere\" data-ved=\"2ahUKEwiGgaDsm6CJAxXhhf0HHXcoF0YQ3ewLegQIChAU\" aria-label=\"Text tradus: Want to stand out this season? Opt for a short shearling coat that combines elegance with functionality! This exclusive shell, accessorized with natural fur, is specially created to give you both the necessary warmth and a luxurious look. With a custom cut to your measurements and available in various colors, it's the ideal piece for winter. You feel protected from the cold, but you look fabulous. Adaptable to any style and body shape. Available in any size and color, completely customized for you. Order now and create your perfect coat for this season! Contact us and we will help you choose the right size and color for you. Be ready to stand out with a luxurious and sophisticated look!\"><span class=\"Y2IQFc\" lang=\"en\">Fii gata s\u0103 ie\u0219i \u00een eviden\u021b\u0103 cu un look luxos \u0219i sofisticat!<\/span><\/p>\n","protected":false},"featured_media":5538948,"comment_status":"closed","ping_status":"closed","template":"","meta":[],"product_cat":[446,444],"product_tag":[],"class_list":["post-5538955","product","type-product","status-publish","has-post-thumbnail","hentry","product_cat-cojoace-shearling","product_cat-femei-2"],"acf":[],"_links":{"self":[{"href":"https:\/\/www.ccmboutique.ro\/ro\/wp-json\/wp\/v2\/product\/5538955","targetHints":{"allow":["GET"]}}],"collection":[{"href":"https:\/\/www.ccmboutique.ro\/ro\/wp-json\/wp\/v2\/product"}],"about":[{"href":"https:\/\/www.ccmboutique.ro\/ro\/wp-json\/wp\/v2\/types\/product"}],"replies":[{"embeddable":true,"href":"https:\/\/www.ccmboutique.ro\/ro\/wp-json\/wp\/v2\/comments?post=5538955"}],"version-history":[{"count":0,"href":"https:\/\/www.ccmboutique.ro\/ro\/wp-json\/wp\/v2\/product\/5538955\/revisions"}],"wp:featuredmedia":[{"embeddable":true,"href":"https:\/\/www.ccmboutique.ro\/ro\/wp-json\/wp\/v2\/media\/5538948"}],"wp:attachment":[{"href":"https:\/\/www.ccmboutique.ro\/ro\/wp-json\/wp\/v2\/media?parent=5538955"}],"wp:term":[{"taxonomy":"product_cat","embeddable":true,"href":"https:\/\/www.ccmboutique.ro\/ro\/wp-json\/wp\/v2\/product_cat?post=5538955"},{"taxonomy":"product_tag","embeddable":true,"href":"https:\/\/www.ccmboutique.ro\/ro\/wp-json\/wp\/v2\/product_tag?post=5538955"}],"curies":[{"name":"wp","href":"https:\/\/api.w.org\/{rel}","templated":true}]}}