{"id":5538855,"date":"2024-10-21T23:03:14","date_gmt":"2024-10-21T20:03:14","guid":{"rendered":"https:\/\/www.ccmboutique.ro\/shop\/haina-de-blana-ameliya-rex\/"},"modified":"2024-10-28T10:59:31","modified_gmt":"2024-10-28T08:59:31","slug":"ayah-rex-chinchilla-coat","status":"publish","type":"product","link":"https:\/\/www.ccmboutique.ro\/ro\/shop\/ayah-rex-chinchilla-coat\/","title":{"rendered":"Haina De Blana Rex AYAH Black"},"content":{"rendered":"","protected":false},"excerpt":{"rendered":"<p id=\"tw-target-text\" class=\"tw-data-text tw-text-large tw-ta\" dir=\"ltr\" data-placeholder=\"Traducere\" data-ved=\"2ahUKEwiGgaDsm6CJAxXhhf0HHXcoF0YQ3ewLegQIChAU\" aria-label=\"Text tradus: Absolute elegance in a single piece of clothing. Our rex chinchilla fur is an expression of luxury and sophistication. Every detail is carefully crafted, to offer you a unique and unparalleled experience. This model can be completely customized according to your measurements, so that it fits your style perfectly. Discover what true luxury feels like and add extra sparkle to your wardrobe. Contact us to start your perfect personalization experience! We deliver anywhere in the world, straight to your door. 0040766914884 \/ 0040766914901\"><span class=\"Y2IQFc\" lang=\"en\">Elegan\u021b\u0103 absolut\u0103 \u00eentr-o singur\u0103 pies\u0103 de \u00eembr\u0103c\u0103minte.<\/span><\/p>\n<p class=\"tw-data-text tw-text-large tw-ta\" dir=\"ltr\" data-placeholder=\"Traducere\" data-ved=\"2ahUKEwiGgaDsm6CJAxXhhf0HHXcoF0YQ3ewLegQIChAU\" aria-label=\"Text tradus: Absolute elegance in a single piece of clothing. Our rex chinchilla fur is an expression of luxury and sophistication. Every detail is carefully crafted, to offer you a unique and unparalleled experience. This model can be completely customized according to your measurements, so that it fits your style perfectly. Discover what true luxury feels like and add extra sparkle to your wardrobe. Contact us to start your perfect personalization experience! We deliver anywhere in the world, straight to your door. 0040766914884 \/ 0040766914901\"><span class=\"Y2IQFc\" lang=\"en\">Blana noastr\u0103 de chinchilla rex este o expresie a luxului \u0219i sofistic\u0103rii.<\/span><\/p>\n<p class=\"tw-data-text tw-text-large tw-ta\" dir=\"ltr\" data-placeholder=\"Traducere\" data-ved=\"2ahUKEwiGgaDsm6CJAxXhhf0HHXcoF0YQ3ewLegQIChAU\" aria-label=\"Text tradus: Absolute elegance in a single piece of clothing. Our rex chinchilla fur is an expression of luxury and sophistication. Every detail is carefully crafted, to offer you a unique and unparalleled experience. This model can be completely customized according to your measurements, so that it fits your style perfectly. Discover what true luxury feels like and add extra sparkle to your wardrobe. Contact us to start your perfect personalization experience! We deliver anywhere in the world, straight to your door. 0040766914884 \/ 0040766914901\"><span class=\"Y2IQFc\" lang=\"en\">Fiecare detaliu este creat cu aten\u021bie, pentru a v\u0103 oferi o experien\u021b\u0103 unic\u0103 \u0219i de neegalat.<\/span><\/p>\n<p class=\"tw-data-text tw-text-large tw-ta\" dir=\"ltr\" data-placeholder=\"Traducere\" data-ved=\"2ahUKEwiGgaDsm6CJAxXhhf0HHXcoF0YQ3ewLegQIChAU\" aria-label=\"Text tradus: Absolute elegance in a single piece of clothing. Our rex chinchilla fur is an expression of luxury and sophistication. Every detail is carefully crafted, to offer you a unique and unparalleled experience. This model can be completely customized according to your measurements, so that it fits your style perfectly. Discover what true luxury feels like and add extra sparkle to your wardrobe. Contact us to start your perfect personalization experience! We deliver anywhere in the world, straight to your door. 0040766914884 \/ 0040766914901\"><span class=\"Y2IQFc\" lang=\"en\">Acest model poate fi complet personalizat \u00een func\u021bie de m\u0103surile dvs., astfel \u00eenc\u00e2t s\u0103 se potriveasc\u0103 perfect stilului dvs.<\/span><\/p>\n<p class=\"tw-data-text tw-text-large tw-ta\" dir=\"ltr\" data-placeholder=\"Traducere\" data-ved=\"2ahUKEwiGgaDsm6CJAxXhhf0HHXcoF0YQ3ewLegQIChAU\" aria-label=\"Text tradus: Absolute elegance in a single piece of clothing. Our rex chinchilla fur is an expression of luxury and sophistication. Every detail is carefully crafted, to offer you a unique and unparalleled experience. This model can be completely customized according to your measurements, so that it fits your style perfectly. Discover what true luxury feels like and add extra sparkle to your wardrobe. Contact us to start your perfect personalization experience! We deliver anywhere in the world, straight to your door. 0040766914884 \/ 0040766914901\"><span class=\"Y2IQFc\" lang=\"en\">Descoperi\u021bi cum se simte luxul adev\u0103rat \u0219i ad\u0103uga\u021bi un plus de str\u0103lucire garderobei dumneavoastr\u0103.<\/span><\/p>\n<p class=\"tw-data-text tw-text-large tw-ta\" dir=\"ltr\" data-placeholder=\"Traducere\" data-ved=\"2ahUKEwiGgaDsm6CJAxXhhf0HHXcoF0YQ3ewLegQIChAU\" aria-label=\"Text tradus: Absolute elegance in a single piece of clothing. Our rex chinchilla fur is an expression of luxury and sophistication. Every detail is carefully crafted, to offer you a unique and unparalleled experience. This model can be completely customized according to your measurements, so that it fits your style perfectly. Discover what true luxury feels like and add extra sparkle to your wardrobe. Contact us to start your perfect personalization experience! We deliver anywhere in the world, straight to your door. 0040766914884 \/ 0040766914901\"><span class=\"Y2IQFc\" lang=\"en\">Contacta\u021bi-ne pentru a \u00eencepe experien\u021ba dvs. de personalizare perfect\u0103!<\/span><\/p>\n<p class=\"tw-data-text tw-text-large tw-ta\" dir=\"ltr\" data-placeholder=\"Traducere\" data-ved=\"2ahUKEwiGgaDsm6CJAxXhhf0HHXcoF0YQ3ewLegQIChAU\" aria-label=\"Text tradus: Absolute elegance in a single piece of clothing. Our rex chinchilla fur is an expression of luxury and sophistication. Every detail is carefully crafted, to offer you a unique and unparalleled experience. This model can be completely customized according to your measurements, so that it fits your style perfectly. Discover what true luxury feels like and add extra sparkle to your wardrobe. Contact us to start your perfect personalization experience! We deliver anywhere in the world, straight to your door. 0040766914884 \/ 0040766914901\"><span class=\"Y2IQFc\" lang=\"en\">Livr\u0103m oriunde \u00een lume, direct la u\u0219a dumneavoastr\u0103.<\/span><\/p>\n<p class=\"tw-data-text tw-text-large tw-ta\" dir=\"ltr\" data-placeholder=\"Traducere\" data-ved=\"2ahUKEwiGgaDsm6CJAxXhhf0HHXcoF0YQ3ewLegQIChAU\" aria-label=\"Text tradus: Absolute elegance in a single piece of clothing. Our rex chinchilla fur is an expression of luxury and sophistication. Every detail is carefully crafted, to offer you a unique and unparalleled experience. This model can be completely customized according to your measurements, so that it fits your style perfectly. Discover what true luxury feels like and add extra sparkle to your wardrobe. Contact us to start your perfect personalization experience! We deliver anywhere in the world, straight to your door. 0040766914884 \/ 0040766914901\"><span class=\"Y2IQFc\" lang=\"en\">0040766914884 \/ 0040766914901.<\/span><\/p>\n","protected":false},"featured_media":5538831,"comment_status":"closed","ping_status":"closed","template":"","meta":[],"product_cat":[444,452],"product_tag":[],"class_list":["post-5538855","product","type-product","status-publish","has-post-thumbnail","hentry","product_cat-femei-2","product_cat-haine-din-blana-2"],"acf":[],"_links":{"self":[{"href":"https:\/\/www.ccmboutique.ro\/ro\/wp-json\/wp\/v2\/product\/5538855","targetHints":{"allow":["GET"]}}],"collection":[{"href":"https:\/\/www.ccmboutique.ro\/ro\/wp-json\/wp\/v2\/product"}],"about":[{"href":"https:\/\/www.ccmboutique.ro\/ro\/wp-json\/wp\/v2\/types\/product"}],"replies":[{"embeddable":true,"href":"https:\/\/www.ccmboutique.ro\/ro\/wp-json\/wp\/v2\/comments?post=5538855"}],"version-history":[{"count":3,"href":"https:\/\/www.ccmboutique.ro\/ro\/wp-json\/wp\/v2\/product\/5538855\/revisions"}],"predecessor-version":[{"id":5539418,"href":"https:\/\/www.ccmboutique.ro\/ro\/wp-json\/wp\/v2\/product\/5538855\/revisions\/5539418"}],"wp:featuredmedia":[{"embeddable":true,"href":"https:\/\/www.ccmboutique.ro\/ro\/wp-json\/wp\/v2\/media\/5538831"}],"wp:attachment":[{"href":"https:\/\/www.ccmboutique.ro\/ro\/wp-json\/wp\/v2\/media?parent=5538855"}],"wp:term":[{"taxonomy":"product_cat","embeddable":true,"href":"https:\/\/www.ccmboutique.ro\/ro\/wp-json\/wp\/v2\/product_cat?post=5538855"},{"taxonomy":"product_tag","embeddable":true,"href":"https:\/\/www.ccmboutique.ro\/ro\/wp-json\/wp\/v2\/product_tag?post=5538855"}],"curies":[{"name":"wp","href":"https:\/\/api.w.org\/{rel}","templated":true}]}}