{"id":5538800,"date":"2024-10-21T22:45:43","date_gmt":"2024-10-21T19:45:43","guid":{"rendered":"https:\/\/www.ccmboutique.ro\/shop\/haina-de-blana-annushka-rex\/"},"modified":"2024-10-28T10:47:45","modified_gmt":"2024-10-28T08:47:45","slug":"annushka-rex-chinchilla-coat","status":"publish","type":"product","link":"https:\/\/www.ccmboutique.ro\/ro\/shop\/annushka-rex-chinchilla-coat\/","title":{"rendered":"Haina De Blana Rex ANNUSHKA"},"content":{"rendered":"","protected":false},"excerpt":{"rendered":"<p id=\"tw-target-text\" class=\"tw-data-text tw-text-large tw-ta\" dir=\"ltr\" data-placeholder=\"Traducere\" data-ved=\"2ahUKEwiGgaDsm6CJAxXhhf0HHXcoF0YQ3ewLegQIChAU\" aria-label=\"Text tradus: Do you feel like nothing impresses you anymore? Get ready for the game that will change everything. A coat so luxurious that every appearance will become memorable!\u201d Imagine ultimate elegance in a long Chinchilla Rex Rabbit fur coat that caresses your skin with every step. Made to measure, this masterpiece combines sophistication with absolute comfort. It's the piece that brings not only warmth, but also admiring glances wherever you go. Don't let luxury wait for you! Enter ccmboutique.ro and choose the coat that redefines your style. Available now - just a click away. Turn every day into a statement of elegance!\"><span class=\"Y2IQFc\" lang=\"en\">Sim\u021bi\u021bi c\u0103 nimic nu v\u0103 mai impresioneaz\u0103?<\/span><\/p>\n<p class=\"tw-data-text tw-text-large tw-ta\" dir=\"ltr\" data-placeholder=\"Traducere\" data-ved=\"2ahUKEwiGgaDsm6CJAxXhhf0HHXcoF0YQ3ewLegQIChAU\" aria-label=\"Text tradus: Do you feel like nothing impresses you anymore? Get ready for the game that will change everything. A coat so luxurious that every appearance will become memorable!\u201d Imagine ultimate elegance in a long Chinchilla Rex Rabbit fur coat that caresses your skin with every step. Made to measure, this masterpiece combines sophistication with absolute comfort. It's the piece that brings not only warmth, but also admiring glances wherever you go. Don't let luxury wait for you! Enter ccmboutique.ro and choose the coat that redefines your style. Available now - just a click away. Turn every day into a statement of elegance!\"><span class=\"Y2IQFc\" lang=\"en\">Preg\u0103te\u0219te-te pentru jocul care va schimba totul. O hain\u0103 at\u00e2t de luxoas\u0103 \u00eenc\u00e2t fiecare apari\u021bie va deveni memorabil\u0103! <\/span><\/p>\n<p class=\"tw-data-text tw-text-large tw-ta\" dir=\"ltr\" data-placeholder=\"Traducere\" data-ved=\"2ahUKEwiGgaDsm6CJAxXhhf0HHXcoF0YQ3ewLegQIChAU\" aria-label=\"Text tradus: Do you feel like nothing impresses you anymore? Get ready for the game that will change everything. A coat so luxurious that every appearance will become memorable!\u201d Imagine ultimate elegance in a long Chinchilla Rex Rabbit fur coat that caresses your skin with every step. Made to measure, this masterpiece combines sophistication with absolute comfort. It's the piece that brings not only warmth, but also admiring glances wherever you go. Don't let luxury wait for you! Enter ccmboutique.ro and choose the coat that redefines your style. Available now - just a click away. Turn every day into a statement of elegance!\"><span class=\"Y2IQFc\" lang=\"en\">Imagina\u021bi-v\u0103 elegan\u021ba suprem\u0103 \u00eentr-o hain\u0103 lung\u0103 din blan\u0103 de iepure Chinchilla Rex care v\u0103 m\u00e2ng\u00e2ie pielea la fiecare pas.<\/span><\/p>\n<p class=\"tw-data-text tw-text-large tw-ta\" dir=\"ltr\" data-placeholder=\"Traducere\" data-ved=\"2ahUKEwiGgaDsm6CJAxXhhf0HHXcoF0YQ3ewLegQIChAU\" aria-label=\"Text tradus: Do you feel like nothing impresses you anymore? Get ready for the game that will change everything. A coat so luxurious that every appearance will become memorable!\u201d Imagine ultimate elegance in a long Chinchilla Rex Rabbit fur coat that caresses your skin with every step. Made to measure, this masterpiece combines sophistication with absolute comfort. It's the piece that brings not only warmth, but also admiring glances wherever you go. Don't let luxury wait for you! Enter ccmboutique.ro and choose the coat that redefines your style. Available now - just a click away. Turn every day into a statement of elegance!\"><span class=\"Y2IQFc\" lang=\"en\">Realizat\u0103 pe m\u0103sur\u0103, aceast\u0103 capodoper\u0103 combin\u0103 sofisticarea cu confortul absolut.<\/span><\/p>\n<p class=\"tw-data-text tw-text-large tw-ta\" dir=\"ltr\" data-placeholder=\"Traducere\" data-ved=\"2ahUKEwiGgaDsm6CJAxXhhf0HHXcoF0YQ3ewLegQIChAU\" aria-label=\"Text tradus: Do you feel like nothing impresses you anymore? Get ready for the game that will change everything. A coat so luxurious that every appearance will become memorable!\u201d Imagine ultimate elegance in a long Chinchilla Rex Rabbit fur coat that caresses your skin with every step. Made to measure, this masterpiece combines sophistication with absolute comfort. It's the piece that brings not only warmth, but also admiring glances wherever you go. Don't let luxury wait for you! Enter ccmboutique.ro and choose the coat that redefines your style. Available now - just a click away. Turn every day into a statement of elegance!\"><span class=\"Y2IQFc\" lang=\"en\">Este piesa care aduce nu numai c\u0103ldur\u0103, ci \u0219i priviri admirative oriunde te-ai duce.<\/span><\/p>\n<p class=\"tw-data-text tw-text-large tw-ta\" dir=\"ltr\" data-placeholder=\"Traducere\" data-ved=\"2ahUKEwiGgaDsm6CJAxXhhf0HHXcoF0YQ3ewLegQIChAU\" aria-label=\"Text tradus: Do you feel like nothing impresses you anymore? Get ready for the game that will change everything. A coat so luxurious that every appearance will become memorable!\u201d Imagine ultimate elegance in a long Chinchilla Rex Rabbit fur coat that caresses your skin with every step. Made to measure, this masterpiece combines sophistication with absolute comfort. It's the piece that brings not only warmth, but also admiring glances wherever you go. Don't let luxury wait for you! Enter ccmboutique.ro and choose the coat that redefines your style. Available now - just a click away. Turn every day into a statement of elegance!\"><span class=\"Y2IQFc\" lang=\"en\">Nu l\u0103sa\u021bi luxul s\u0103 v\u0103 a\u0219tepte!<\/span><\/p>\n<p class=\"tw-data-text tw-text-large tw-ta\" dir=\"ltr\" data-placeholder=\"Traducere\" data-ved=\"2ahUKEwiGgaDsm6CJAxXhhf0HHXcoF0YQ3ewLegQIChAU\" aria-label=\"Text tradus: Do you feel like nothing impresses you anymore? Get ready for the game that will change everything. A coat so luxurious that every appearance will become memorable!\u201d Imagine ultimate elegance in a long Chinchilla Rex Rabbit fur coat that caresses your skin with every step. Made to measure, this masterpiece combines sophistication with absolute comfort. It's the piece that brings not only warmth, but also admiring glances wherever you go. Don't let luxury wait for you! Enter ccmboutique.ro and choose the coat that redefines your style. Available now - just a click away. Turn every day into a statement of elegance!\"><span class=\"Y2IQFc\" lang=\"en\"> Transforma\u021bi fiecare zi \u00eentr-o declara\u021bie de elegan\u021b\u0103!<\/span><\/p>\n","protected":false},"featured_media":5538772,"comment_status":"closed","ping_status":"closed","template":"","meta":[],"product_cat":[444,452],"product_tag":[],"class_list":["post-5538800","product","type-product","status-publish","has-post-thumbnail","hentry","product_cat-femei-2","product_cat-haine-din-blana-2"],"acf":[],"_links":{"self":[{"href":"https:\/\/www.ccmboutique.ro\/ro\/wp-json\/wp\/v2\/product\/5538800","targetHints":{"allow":["GET"]}}],"collection":[{"href":"https:\/\/www.ccmboutique.ro\/ro\/wp-json\/wp\/v2\/product"}],"about":[{"href":"https:\/\/www.ccmboutique.ro\/ro\/wp-json\/wp\/v2\/types\/product"}],"replies":[{"embeddable":true,"href":"https:\/\/www.ccmboutique.ro\/ro\/wp-json\/wp\/v2\/comments?post=5538800"}],"version-history":[{"count":1,"href":"https:\/\/www.ccmboutique.ro\/ro\/wp-json\/wp\/v2\/product\/5538800\/revisions"}],"predecessor-version":[{"id":5539419,"href":"https:\/\/www.ccmboutique.ro\/ro\/wp-json\/wp\/v2\/product\/5538800\/revisions\/5539419"}],"wp:featuredmedia":[{"embeddable":true,"href":"https:\/\/www.ccmboutique.ro\/ro\/wp-json\/wp\/v2\/media\/5538772"}],"wp:attachment":[{"href":"https:\/\/www.ccmboutique.ro\/ro\/wp-json\/wp\/v2\/media?parent=5538800"}],"wp:term":[{"taxonomy":"product_cat","embeddable":true,"href":"https:\/\/www.ccmboutique.ro\/ro\/wp-json\/wp\/v2\/product_cat?post=5538800"},{"taxonomy":"product_tag","embeddable":true,"href":"https:\/\/www.ccmboutique.ro\/ro\/wp-json\/wp\/v2\/product_tag?post=5538800"}],"curies":[{"name":"wp","href":"https:\/\/api.w.org\/{rel}","templated":true}]}}