{"id":5538727,"date":"2024-10-14T15:07:21","date_gmt":"2024-10-14T12:07:21","guid":{"rendered":"https:\/\/www.ccmboutique.ro\/shop\/cojoc-shearling-kostya\/"},"modified":"2024-10-14T20:42:30","modified_gmt":"2024-10-14T17:42:30","slug":"kostya-shearling-coat","status":"publish","type":"product","link":"https:\/\/www.ccmboutique.ro\/ro\/shop\/kostya-shearling-coat\/","title":{"rendered":"Haina Din Piele Imblanita KOSTYA"},"content":{"rendered":"","protected":false},"excerpt":{"rendered":"<p id=\"tw-target-text\" class=\"tw-data-text tw-text-large tw-ta\" dir=\"ltr\" data-placeholder=\"Traducere\" data-ved=\"2ahUKEwipsYe07I2JAxWUgf0HHXhXDsIQ3ewLegQIExAW\" aria-label=\"Text tradus: Don't compromise this winter \u2013 be stylish and stay protected from the cold with a unique shearling shell that makes the difference! Our shearling jacket for men, made of premium leather and natural fur, is the ideal choice for those who want to combine comfort with masculine elegance. Natural fur interior for perfect insulation. High quality leather, durable and elegant. Modern and versatile design, perfect for casual or elegant outfits. Available to order to your size - we guarantee the perfect fit and absolute comfort! Don't let the cold limit your style! Choose a shearling coat that will make you stand out and protect you from the cold weather. #cojoc #shearling #modamasculina #winter2024 #luxuryfashion #menswear #leatherandfur\"><span class=\"Y2IQFc\" lang=\"en\">Cojocul nostru pentru b\u0103rba\u021bi din blan\u0103 natural\u0103 \u0219i piele de calitate superioar\u0103 este alegerea ideal\u0103 pentru cei care doresc s\u0103 combine confortul cu elegan\u021ba masculin\u0103.<\/span><\/p>\n<p class=\"tw-data-text tw-text-large tw-ta\" dir=\"ltr\" data-placeholder=\"Traducere\" data-ved=\"2ahUKEwipsYe07I2JAxWUgf0HHXhXDsIQ3ewLegQIExAW\" aria-label=\"Text tradus: Don't compromise this winter \u2013 be stylish and stay protected from the cold with a unique shearling shell that makes the difference! Our shearling jacket for men, made of premium leather and natural fur, is the ideal choice for those who want to combine comfort with masculine elegance. Natural fur interior for perfect insulation. High quality leather, durable and elegant. Modern and versatile design, perfect for casual or elegant outfits. Available to order to your size - we guarantee the perfect fit and absolute comfort! Don't let the cold limit your style! Choose a shearling coat that will make you stand out and protect you from the cold weather. #cojoc #shearling #modamasculina #winter2024 #luxuryfashion #menswear #leatherandfur\"><span class=\"Y2IQFc\" lang=\"en\">Interior din blan\u0103 natural\u0103 pentru o izolare perfect\u0103. <\/span><\/p>\n<p class=\"tw-data-text tw-text-large tw-ta\" dir=\"ltr\" data-placeholder=\"Traducere\" data-ved=\"2ahUKEwipsYe07I2JAxWUgf0HHXhXDsIQ3ewLegQIExAW\" aria-label=\"Text tradus: Don't compromise this winter \u2013 be stylish and stay protected from the cold with a unique shearling shell that makes the difference! Our shearling jacket for men, made of premium leather and natural fur, is the ideal choice for those who want to combine comfort with masculine elegance. Natural fur interior for perfect insulation. High quality leather, durable and elegant. Modern and versatile design, perfect for casual or elegant outfits. Available to order to your size - we guarantee the perfect fit and absolute comfort! Don't let the cold limit your style! Choose a shearling coat that will make you stand out and protect you from the cold weather. #cojoc #shearling #modamasculina #winter2024 #luxuryfashion #menswear #leatherandfur\"><span class=\"Y2IQFc\" lang=\"en\">Piele de \u00eenalt\u0103 calitate, durabil\u0103 \u0219i elegant\u0103.<\/span><\/p>\n<p class=\"tw-data-text tw-text-large tw-ta\" dir=\"ltr\" data-placeholder=\"Traducere\" data-ved=\"2ahUKEwipsYe07I2JAxWUgf0HHXhXDsIQ3ewLegQIExAW\" aria-label=\"Text tradus: Don't compromise this winter \u2013 be stylish and stay protected from the cold with a unique shearling shell that makes the difference! Our shearling jacket for men, made of premium leather and natural fur, is the ideal choice for those who want to combine comfort with masculine elegance. Natural fur interior for perfect insulation. High quality leather, durable and elegant. Modern and versatile design, perfect for casual or elegant outfits. Available to order to your size - we guarantee the perfect fit and absolute comfort! Don't let the cold limit your style! Choose a shearling coat that will make you stand out and protect you from the cold weather. #cojoc #shearling #modamasculina #winter2024 #luxuryfashion #menswear #leatherandfur\"><span class=\"Y2IQFc\" lang=\"en\">Design modern \u0219i versatil, perfect pentru \u021binute casual sau elegante. <\/span><\/p>\n<p class=\"tw-data-text tw-text-large tw-ta\" dir=\"ltr\" data-placeholder=\"Traducere\" data-ved=\"2ahUKEwipsYe07I2JAxWUgf0HHXhXDsIQ3ewLegQIExAW\" aria-label=\"Text tradus: Don't compromise this winter \u2013 be stylish and stay protected from the cold with a unique shearling shell that makes the difference! Our shearling jacket for men, made of premium leather and natural fur, is the ideal choice for those who want to combine comfort with masculine elegance. Natural fur interior for perfect insulation. High quality leather, durable and elegant. Modern and versatile design, perfect for casual or elegant outfits. Available to order to your size - we guarantee the perfect fit and absolute comfort! Don't let the cold limit your style! Choose a shearling coat that will make you stand out and protect you from the cold weather. #cojoc #shearling #modamasculina #winter2024 #luxuryfashion #menswear #leatherandfur\"><span class=\"Y2IQFc\" lang=\"en\">Disponibil pentru a fi comandat pe dimensiunea dvs. &#8211; garant\u0103m potrivirea perfect\u0103 \u0219i confortul absolut! <\/span><\/p>\n<p class=\"tw-data-text tw-text-large tw-ta\" dir=\"ltr\" data-placeholder=\"Traducere\" data-ved=\"2ahUKEwipsYe07I2JAxWUgf0HHXhXDsIQ3ewLegQIExAW\" aria-label=\"Text tradus: Don't compromise this winter \u2013 be stylish and stay protected from the cold with a unique shearling shell that makes the difference! Our shearling jacket for men, made of premium leather and natural fur, is the ideal choice for those who want to combine comfort with masculine elegance. Natural fur interior for perfect insulation. High quality leather, durable and elegant. Modern and versatile design, perfect for casual or elegant outfits. Available to order to your size - we guarantee the perfect fit and absolute comfort! Don't let the cold limit your style! Choose a shearling coat that will make you stand out and protect you from the cold weather. #cojoc #shearling #modamasculina #winter2024 #luxuryfashion #menswear #leatherandfur\"><span class=\"Y2IQFc\" lang=\"en\">Nu l\u0103sa\u021bi frigul s\u0103 v\u0103 limiteze stilul! <\/span><\/p>\n<p class=\"tw-data-text tw-text-large tw-ta\" dir=\"ltr\" data-placeholder=\"Traducere\" data-ved=\"2ahUKEwipsYe07I2JAxWUgf0HHXhXDsIQ3ewLegQIExAW\" aria-label=\"Text tradus: Don't compromise this winter \u2013 be stylish and stay protected from the cold with a unique shearling shell that makes the difference! Our shearling jacket for men, made of premium leather and natural fur, is the ideal choice for those who want to combine comfort with masculine elegance. Natural fur interior for perfect insulation. High quality leather, durable and elegant. Modern and versatile design, perfect for casual or elegant outfits. Available to order to your size - we guarantee the perfect fit and absolute comfort! Don't let the cold limit your style! Choose a shearling coat that will make you stand out and protect you from the cold weather. #cojoc #shearling #modamasculina #winter2024 #luxuryfashion #menswear #leatherandfur\"><span class=\"Y2IQFc\" lang=\"en\">Alege o hain\u0103 din shearling care te va face s\u0103 ie\u0219i \u00een eviden\u021b\u0103 \u0219i te va proteja de vremea rece.<\/span><\/p>\n","protected":false},"featured_media":5538716,"comment_status":"closed","ping_status":"closed","template":"","meta":[],"product_cat":[436,441],"product_tag":[],"class_list":["post-5538727","product","type-product","status-publish","has-post-thumbnail","hentry","product_cat-barbati-2","product_cat-jachete-din-piele-naturala-2"],"acf":[],"_links":{"self":[{"href":"https:\/\/www.ccmboutique.ro\/ro\/wp-json\/wp\/v2\/product\/5538727","targetHints":{"allow":["GET"]}}],"collection":[{"href":"https:\/\/www.ccmboutique.ro\/ro\/wp-json\/wp\/v2\/product"}],"about":[{"href":"https:\/\/www.ccmboutique.ro\/ro\/wp-json\/wp\/v2\/types\/product"}],"replies":[{"embeddable":true,"href":"https:\/\/www.ccmboutique.ro\/ro\/wp-json\/wp\/v2\/comments?post=5538727"}],"version-history":[{"count":3,"href":"https:\/\/www.ccmboutique.ro\/ro\/wp-json\/wp\/v2\/product\/5538727\/revisions"}],"predecessor-version":[{"id":5538753,"href":"https:\/\/www.ccmboutique.ro\/ro\/wp-json\/wp\/v2\/product\/5538727\/revisions\/5538753"}],"wp:featuredmedia":[{"embeddable":true,"href":"https:\/\/www.ccmboutique.ro\/ro\/wp-json\/wp\/v2\/media\/5538716"}],"wp:attachment":[{"href":"https:\/\/www.ccmboutique.ro\/ro\/wp-json\/wp\/v2\/media?parent=5538727"}],"wp:term":[{"taxonomy":"product_cat","embeddable":true,"href":"https:\/\/www.ccmboutique.ro\/ro\/wp-json\/wp\/v2\/product_cat?post=5538727"},{"taxonomy":"product_tag","embeddable":true,"href":"https:\/\/www.ccmboutique.ro\/ro\/wp-json\/wp\/v2\/product_tag?post=5538727"}],"curies":[{"name":"wp","href":"https:\/\/api.w.org\/{rel}","templated":true}]}}