{"id":5538679,"date":"2024-10-11T12:53:15","date_gmt":"2024-10-11T09:53:15","guid":{"rendered":"https:\/\/www.ccmboutique.ro\/shop\/cojoc-shearling-nikanor\/"},"modified":"2024-10-14T20:53:22","modified_gmt":"2024-10-14T17:53:22","slug":"nikanor-piele-pelita-coat","status":"publish","type":"product","link":"https:\/\/www.ccmboutique.ro\/ro\/shop\/nikanor-piele-pelita-coat\/","title":{"rendered":"Haina Din Piele Imblanita NIKANOR"},"content":{"rendered":"","protected":false},"excerpt":{"rendered":"<p class=\"tw-data-text tw-text-large tw-ta\" dir=\"ltr\" data-placeholder=\"Traducere\" data-ved=\"2ahUKEwipsYe07I2JAxWUgf0HHXhXDsIQ3ewLegQIExAW\" aria-label=\"Text tradus: Don't compromise this winter \u2013 be stylish and stay protected from the cold with a unique shearling shell that makes the difference! Our shearling jacket for men, made of premium leather and natural fur, is the ideal choice for those who want to combine comfort with masculine elegance. Natural fur interior for perfect insulation. High quality leather, durable and elegant. Modern and versatile design, perfect for casual or elegant outfits. Available to order to your size - we guarantee the perfect fit and absolute comfort! Don't let the cold limit your style! Choose a shearling coat that will make you stand out and protect you from the cold weather. #cojoc #shearling #modamasculina #winter2024 #luxuryfashion #menswear #leatherandfur\"><span class=\"Y2IQFc\" lang=\"en\">Nu face\u021bi compromisuri \u00een aceast\u0103 iarn\u0103 &#8211; fi\u021bi elegant \u0219i proteja\u021bi-v\u0103 de frig cu o hain\u0103 unic\u0103 din piele care face diferen\u021ba!<br \/>\n<\/span><\/p>\n<p id=\"tw-target-text\" class=\"tw-data-text tw-text-large tw-ta\" dir=\"ltr\" data-placeholder=\"Traducere\" data-ved=\"2ahUKEwipsYe07I2JAxWUgf0HHXhXDsIQ3ewLegQIExAW\" aria-label=\"Text tradus: Don't compromise this winter \u2013 be stylish and stay protected from the cold with a unique shearling shell that makes the difference! Our shearling jacket for men, made of premium leather and natural fur, is the ideal choice for those who want to combine comfort with masculine elegance. Natural fur interior for perfect insulation. High quality leather, durable and elegant. Modern and versatile design, perfect for casual or elegant outfits. Available to order to your size - we guarantee the perfect fit and absolute comfort! Don't let the cold limit your style! Choose a shearling coat that will make you stand out and protect you from the cold weather. #cojoc #shearling #modamasculina #winter2024 #luxuryfashion #menswear #leatherandfur\"><span class=\"Y2IQFc\" lang=\"en\">Interior din blan\u0103 natural\u0103 pentru o izolare perfect\u0103.<\/span><\/p>\n<p class=\"tw-data-text tw-text-large tw-ta\" dir=\"ltr\" data-placeholder=\"Traducere\" data-ved=\"2ahUKEwipsYe07I2JAxWUgf0HHXhXDsIQ3ewLegQIExAW\" aria-label=\"Text tradus: Don't compromise this winter \u2013 be stylish and stay protected from the cold with a unique shearling shell that makes the difference! Our shearling jacket for men, made of premium leather and natural fur, is the ideal choice for those who want to combine comfort with masculine elegance. Natural fur interior for perfect insulation. High quality leather, durable and elegant. Modern and versatile design, perfect for casual or elegant outfits. Available to order to your size - we guarantee the perfect fit and absolute comfort! Don't let the cold limit your style! Choose a shearling coat that will make you stand out and protect you from the cold weather. #cojoc #shearling #modamasculina #winter2024 #luxuryfashion #menswear #leatherandfur\"><span class=\"Y2IQFc\" lang=\"en\">Piele de \u00eenalt\u0103 calitate, durabil\u0103 \u0219i elegant\u0103.<\/span><\/p>\n<p class=\"tw-data-text tw-text-large tw-ta\" dir=\"ltr\" data-placeholder=\"Traducere\" data-ved=\"2ahUKEwipsYe07I2JAxWUgf0HHXhXDsIQ3ewLegQIExAW\" aria-label=\"Text tradus: Don't compromise this winter \u2013 be stylish and stay protected from the cold with a unique shearling shell that makes the difference! Our shearling jacket for men, made of premium leather and natural fur, is the ideal choice for those who want to combine comfort with masculine elegance. Natural fur interior for perfect insulation. High quality leather, durable and elegant. Modern and versatile design, perfect for casual or elegant outfits. Available to order to your size - we guarantee the perfect fit and absolute comfort! Don't let the cold limit your style! Choose a shearling coat that will make you stand out and protect you from the cold weather. #cojoc #shearling #modamasculina #winter2024 #luxuryfashion #menswear #leatherandfur\"><span class=\"Y2IQFc\" lang=\"en\">Design modern \u0219i versatil, perfect pentru \u021binute casual sau elegante.<\/span><\/p>\n<p class=\"tw-data-text tw-text-large tw-ta\" dir=\"ltr\" data-placeholder=\"Traducere\" data-ved=\"2ahUKEwipsYe07I2JAxWUgf0HHXhXDsIQ3ewLegQIExAW\" aria-label=\"Text tradus: Don't compromise this winter \u2013 be stylish and stay protected from the cold with a unique shearling shell that makes the difference! Our shearling jacket for men, made of premium leather and natural fur, is the ideal choice for those who want to combine comfort with masculine elegance. Natural fur interior for perfect insulation. High quality leather, durable and elegant. Modern and versatile design, perfect for casual or elegant outfits. Available to order to your size - we guarantee the perfect fit and absolute comfort! Don't let the cold limit your style! Choose a shearling coat that will make you stand out and protect you from the cold weather. #cojoc #shearling #modamasculina #winter2024 #luxuryfashion #menswear #leatherandfur\"><span class=\"Y2IQFc\" lang=\"en\">Disponibila pentru a fi comandata la dimensiunea dvs. &#8211; garant\u0103m potrivirea perfect\u0103 \u0219i confortul absolut!<\/span><\/p>\n","protected":false},"featured_media":5538666,"comment_status":"closed","ping_status":"closed","template":"","meta":[],"product_cat":[436,441],"product_tag":[],"class_list":["post-5538679","product","type-product","status-publish","has-post-thumbnail","hentry","product_cat-barbati-2","product_cat-jachete-din-piele-naturala-2"],"acf":[],"_links":{"self":[{"href":"https:\/\/www.ccmboutique.ro\/ro\/wp-json\/wp\/v2\/product\/5538679","targetHints":{"allow":["GET"]}}],"collection":[{"href":"https:\/\/www.ccmboutique.ro\/ro\/wp-json\/wp\/v2\/product"}],"about":[{"href":"https:\/\/www.ccmboutique.ro\/ro\/wp-json\/wp\/v2\/types\/product"}],"replies":[{"embeddable":true,"href":"https:\/\/www.ccmboutique.ro\/ro\/wp-json\/wp\/v2\/comments?post=5538679"}],"version-history":[{"count":2,"href":"https:\/\/www.ccmboutique.ro\/ro\/wp-json\/wp\/v2\/product\/5538679\/revisions"}],"predecessor-version":[{"id":5538759,"href":"https:\/\/www.ccmboutique.ro\/ro\/wp-json\/wp\/v2\/product\/5538679\/revisions\/5538759"}],"wp:featuredmedia":[{"embeddable":true,"href":"https:\/\/www.ccmboutique.ro\/ro\/wp-json\/wp\/v2\/media\/5538666"}],"wp:attachment":[{"href":"https:\/\/www.ccmboutique.ro\/ro\/wp-json\/wp\/v2\/media?parent=5538679"}],"wp:term":[{"taxonomy":"product_cat","embeddable":true,"href":"https:\/\/www.ccmboutique.ro\/ro\/wp-json\/wp\/v2\/product_cat?post=5538679"},{"taxonomy":"product_tag","embeddable":true,"href":"https:\/\/www.ccmboutique.ro\/ro\/wp-json\/wp\/v2\/product_tag?post=5538679"}],"curies":[{"name":"wp","href":"https:\/\/api.w.org\/{rel}","templated":true}]}}