{"id":5538593,"date":"2024-10-05T10:30:08","date_gmt":"2024-10-05T07:30:08","guid":{"rendered":"https:\/\/www.ccmboutique.ro\/shop\/cojoc-shearling-berenike\/"},"modified":"2024-10-05T10:33:47","modified_gmt":"2024-10-05T07:33:47","slug":"berenike-shearling-coat","status":"publish","type":"product","link":"https:\/\/www.ccmboutique.ro\/ro\/shop\/berenike-shearling-coat\/","title":{"rendered":"Cojoc Shearling BERENIKE"},"content":{"rendered":"","protected":false},"excerpt":{"rendered":"<p id=\"tw-target-text\" class=\"tw-data-text tw-text-large tw-ta\" dir=\"ltr\" data-placeholder=\"Traducere\" data-ved=\"2ahUKEwix-cnU9_KIAxWE0AIHHe_GJBAQ3ewLegQICRAU\" aria-label=\"Text tradus: Find the warmth you need without sacrificing style with this ultra-chic short black shearling coat! Made of natural sheepskin with exclusive python leather inserts, this shell perfectly combines luxury, comfort and practicality. The short length offers freedom of movement while maintaining the sophisticated air you seek in the cold season. Be remarkable, be unique, be ready for any temperature! Order it now and take your outfits to the next level.\"><span class=\"Y2IQFc\" lang=\"en\">G\u0103se\u0219te c\u0103ldura de care ai nevoie f\u0103r\u0103 s\u0103 sacrifici stilul cu aceast\u0103 hain\u0103 scurt\u0103 ultra-chic din shearling negru!<\/span><\/p>\n<p class=\"tw-data-text tw-text-large tw-ta\" dir=\"ltr\" data-placeholder=\"Traducere\" data-ved=\"2ahUKEwix-cnU9_KIAxWE0AIHHe_GJBAQ3ewLegQICRAU\" aria-label=\"Text tradus: Find the warmth you need without sacrificing style with this ultra-chic short black shearling coat! Made of natural sheepskin with exclusive python leather inserts, this shell perfectly combines luxury, comfort and practicality. The short length offers freedom of movement while maintaining the sophisticated air you seek in the cold season. Be remarkable, be unique, be ready for any temperature! Order it now and take your outfits to the next level.\"><span class=\"Y2IQFc\" lang=\"en\">Fabricat din piele natural\u0103 de oaie, acest cojoc combin\u0103 perfect luxul, confortul \u0219i caracterul practic.<\/span><\/p>\n<p class=\"tw-data-text tw-text-large tw-ta\" dir=\"ltr\" data-placeholder=\"Traducere\" data-ved=\"2ahUKEwix-cnU9_KIAxWE0AIHHe_GJBAQ3ewLegQICRAU\" aria-label=\"Text tradus: Find the warmth you need without sacrificing style with this ultra-chic short black shearling coat! Made of natural sheepskin with exclusive python leather inserts, this shell perfectly combines luxury, comfort and practicality. The short length offers freedom of movement while maintaining the sophisticated air you seek in the cold season. Be remarkable, be unique, be ready for any temperature! Order it now and take your outfits to the next level.\"><span class=\"Y2IQFc\" lang=\"en\">Lungimea scurt\u0103 ofer\u0103 libertate de mi\u0219care, men\u021bin\u00e2nd \u00een acela\u0219i timp aerul sofisticat pe care \u00eel c\u0103uta\u021bi \u00een sezonul rece.<\/span><\/p>\n<p class=\"tw-data-text tw-text-large tw-ta\" dir=\"ltr\" data-placeholder=\"Traducere\" data-ved=\"2ahUKEwix-cnU9_KIAxWE0AIHHe_GJBAQ3ewLegQICRAU\" aria-label=\"Text tradus: Find the warmth you need without sacrificing style with this ultra-chic short black shearling coat! Made of natural sheepskin with exclusive python leather inserts, this shell perfectly combines luxury, comfort and practicality. The short length offers freedom of movement while maintaining the sophisticated air you seek in the cold season. Be remarkable, be unique, be ready for any temperature! Order it now and take your outfits to the next level.\"><span class=\"Y2IQFc\" lang=\"en\">Fii remarcabil, fii unic, fii preg\u0103tit pentru orice temperatur\u0103!<\/span><\/p>\n<p class=\"tw-data-text tw-text-large tw-ta\" dir=\"ltr\" data-placeholder=\"Traducere\" data-ved=\"2ahUKEwix-cnU9_KIAxWE0AIHHe_GJBAQ3ewLegQICRAU\" aria-label=\"Text tradus: Find the warmth you need without sacrificing style with this ultra-chic short black shearling coat! Made of natural sheepskin with exclusive python leather inserts, this shell perfectly combines luxury, comfort and practicality. The short length offers freedom of movement while maintaining the sophisticated air you seek in the cold season. Be remarkable, be unique, be ready for any temperature! Order it now and take your outfits to the next level.\"><span class=\"Y2IQFc\" lang=\"en\">Comand\u0103-l acum \u0219i du-\u021bi \u021binutele la nivelul urm\u0103tor.<\/span><\/p>\n","protected":false},"featured_media":5538587,"comment_status":"closed","ping_status":"closed","template":"","meta":[],"product_cat":[446,444],"product_tag":[],"class_list":["post-5538593","product","type-product","status-publish","has-post-thumbnail","hentry","product_cat-cojoace-shearling","product_cat-femei-2"],"acf":[],"_links":{"self":[{"href":"https:\/\/www.ccmboutique.ro\/ro\/wp-json\/wp\/v2\/product\/5538593","targetHints":{"allow":["GET"]}}],"collection":[{"href":"https:\/\/www.ccmboutique.ro\/ro\/wp-json\/wp\/v2\/product"}],"about":[{"href":"https:\/\/www.ccmboutique.ro\/ro\/wp-json\/wp\/v2\/types\/product"}],"replies":[{"embeddable":true,"href":"https:\/\/www.ccmboutique.ro\/ro\/wp-json\/wp\/v2\/comments?post=5538593"}],"version-history":[{"count":1,"href":"https:\/\/www.ccmboutique.ro\/ro\/wp-json\/wp\/v2\/product\/5538593\/revisions"}],"predecessor-version":[{"id":5538600,"href":"https:\/\/www.ccmboutique.ro\/ro\/wp-json\/wp\/v2\/product\/5538593\/revisions\/5538600"}],"wp:featuredmedia":[{"embeddable":true,"href":"https:\/\/www.ccmboutique.ro\/ro\/wp-json\/wp\/v2\/media\/5538587"}],"wp:attachment":[{"href":"https:\/\/www.ccmboutique.ro\/ro\/wp-json\/wp\/v2\/media?parent=5538593"}],"wp:term":[{"taxonomy":"product_cat","embeddable":true,"href":"https:\/\/www.ccmboutique.ro\/ro\/wp-json\/wp\/v2\/product_cat?post=5538593"},{"taxonomy":"product_tag","embeddable":true,"href":"https:\/\/www.ccmboutique.ro\/ro\/wp-json\/wp\/v2\/product_tag?post=5538593"}],"curies":[{"name":"wp","href":"https:\/\/api.w.org\/{rel}","templated":true}]}}