{"id":5538534,"date":"2024-10-03T22:38:47","date_gmt":"2024-10-03T19:38:47","guid":{"rendered":"https:\/\/www.ccmboutique.ro\/shop\/bryana-palton-alcantara\/"},"modified":"2024-10-05T09:57:10","modified_gmt":"2024-10-05T06:57:10","slug":"bryana-alcantara-coat","status":"publish","type":"product","link":"https:\/\/www.ccmboutique.ro\/ro\/shop\/bryana-alcantara-coat\/","title":{"rendered":"Cojoc Shearling BRYANA"},"content":{"rendered":"","protected":false},"excerpt":{"rendered":"<p id=\"tw-target-text\" class=\"tw-data-text tw-text-large tw-ta\" dir=\"ltr\" data-placeholder=\"Traducere\" data-ved=\"2ahUKEwix-cnU9_KIAxWE0AIHHe_GJBAQ3ewLegQICRAU\" aria-label=\"Text tradus: Redefine your style with this luxurious piece! This Alcantara jacket with natural fur details will transform any outfit into a statement of elegance and sophistication. \ud83d\udd17 Don't wait any longer - add a touch of luxury to your wardrobe! Order now online and enjoy personalized elegance directly at your home! \ud83d\udecd\ufe0f\"><span class=\"Y2IQFc\" lang=\"en\">Redefini\u021bi-v\u0103 stilul cu aceast\u0103 pies\u0103 luxoas\u0103!<\/span><\/p>\n<p class=\"tw-data-text tw-text-large tw-ta\" dir=\"ltr\" data-placeholder=\"Traducere\" data-ved=\"2ahUKEwix-cnU9_KIAxWE0AIHHe_GJBAQ3ewLegQICRAU\" aria-label=\"Text tradus: Redefine your style with this luxurious piece! This Alcantara jacket with natural fur details will transform any outfit into a statement of elegance and sophistication. \ud83d\udd17 Don't wait any longer - add a touch of luxury to your wardrobe! Order now online and enjoy personalized elegance directly at your home! \ud83d\udecd\ufe0f\"><span class=\"Y2IQFc\" lang=\"en\">Aceast\u0103 jachet\u0103 din shearling cu detalii din blan\u0103 natural\u0103 va transforma orice \u021binut\u0103 \u00eentr-o declara\u021bie de elegan\u021b\u0103 \u0219i rafinament.<\/span><\/p>\n<p class=\"tw-data-text tw-text-large tw-ta\" dir=\"ltr\" data-placeholder=\"Traducere\" data-ved=\"2ahUKEwix-cnU9_KIAxWE0AIHHe_GJBAQ3ewLegQICRAU\" aria-label=\"Text tradus: Redefine your style with this luxurious piece! This Alcantara jacket with natural fur details will transform any outfit into a statement of elegance and sophistication. \ud83d\udd17 Don't wait any longer - add a touch of luxury to your wardrobe! Order now online and enjoy personalized elegance directly at your home! \ud83d\udecd\ufe0f\"><span class=\"Y2IQFc\" lang=\"en\">Nu mai a\u0219tepta\u021bi &#8211; ad\u0103uga\u021bi o not\u0103 de lux garderobei dumneavoastr\u0103!<\/span><\/p>\n<p class=\"tw-data-text tw-text-large tw-ta\" dir=\"ltr\" data-placeholder=\"Traducere\" data-ved=\"2ahUKEwix-cnU9_KIAxWE0AIHHe_GJBAQ3ewLegQICRAU\" aria-label=\"Text tradus: Redefine your style with this luxurious piece! This Alcantara jacket with natural fur details will transform any outfit into a statement of elegance and sophistication. \ud83d\udd17 Don't wait any longer - add a touch of luxury to your wardrobe! Order now online and enjoy personalized elegance directly at your home! \ud83d\udecd\ufe0f\"><span class=\"Y2IQFc\" lang=\"en\">Comand\u0103 acum online \u0219i bucur\u0103-te de elegan\u021b\u0103 personalizat\u0103 direct la tine acas\u0103!  <\/span><\/p>\n<p class=\"p1\">Pentru orice informa\u021bii suplimentare, v\u0103 st\u0103m la dispozi\u021bie 0040766914884<span class=\"Apple-converted-space\">  <\/span>\/<span class=\"Apple-converted-space\">  <\/span>0040766914901<\/p>\n","protected":false},"featured_media":5538512,"comment_status":"closed","ping_status":"closed","template":"","meta":[],"product_cat":[446,444],"product_tag":[],"class_list":["post-5538534","product","type-product","status-publish","has-post-thumbnail","hentry","product_cat-cojoace-shearling","product_cat-femei-2"],"acf":[],"_links":{"self":[{"href":"https:\/\/www.ccmboutique.ro\/ro\/wp-json\/wp\/v2\/product\/5538534","targetHints":{"allow":["GET"]}}],"collection":[{"href":"https:\/\/www.ccmboutique.ro\/ro\/wp-json\/wp\/v2\/product"}],"about":[{"href":"https:\/\/www.ccmboutique.ro\/ro\/wp-json\/wp\/v2\/types\/product"}],"replies":[{"embeddable":true,"href":"https:\/\/www.ccmboutique.ro\/ro\/wp-json\/wp\/v2\/comments?post=5538534"}],"version-history":[{"count":2,"href":"https:\/\/www.ccmboutique.ro\/ro\/wp-json\/wp\/v2\/product\/5538534\/revisions"}],"predecessor-version":[{"id":5538554,"href":"https:\/\/www.ccmboutique.ro\/ro\/wp-json\/wp\/v2\/product\/5538534\/revisions\/5538554"}],"wp:featuredmedia":[{"embeddable":true,"href":"https:\/\/www.ccmboutique.ro\/ro\/wp-json\/wp\/v2\/media\/5538512"}],"wp:attachment":[{"href":"https:\/\/www.ccmboutique.ro\/ro\/wp-json\/wp\/v2\/media?parent=5538534"}],"wp:term":[{"taxonomy":"product_cat","embeddable":true,"href":"https:\/\/www.ccmboutique.ro\/ro\/wp-json\/wp\/v2\/product_cat?post=5538534"},{"taxonomy":"product_tag","embeddable":true,"href":"https:\/\/www.ccmboutique.ro\/ro\/wp-json\/wp\/v2\/product_tag?post=5538534"}],"curies":[{"name":"wp","href":"https:\/\/api.w.org\/{rel}","templated":true}]}}