{"id":5538504,"date":"2024-10-03T22:24:21","date_gmt":"2024-10-03T19:24:21","guid":{"rendered":"https:\/\/www.ccmboutique.ro\/shop\/trench-ambra\/"},"modified":"2024-10-05T09:30:18","modified_gmt":"2024-10-05T06:30:18","slug":"ambra-trench-coat","status":"publish","type":"product","link":"https:\/\/www.ccmboutique.ro\/ro\/shop\/ambra-trench-coat\/","title":{"rendered":"Trench AMBRA"},"content":{"rendered":"","protected":false},"excerpt":{"rendered":"<p id=\"tw-target-text\" class=\"tw-data-text tw-text-large tw-ta\" dir=\"ltr\" data-placeholder=\"Traducere\" data-ved=\"2ahUKEwix-cnU9_KIAxWE0AIHHe_GJBAQ3ewLegQICRAU\" aria-label=\"Text tradus: When comfort meets style, you won't want anything else! Discover our long waterproof jacket, perfect for days with capricious weather. With an elegant and functional design, this jacket protects you from wind and water, offering at the same time perfect comfort. The hood, accessorized with premium quality natural fur, adds a touch of luxury, and the extremely low weight gives you the feeling that you are wearing nothing - only warmth and freedom. The top quality filling ensures thermal comfort regardless of the temperature, without compromising style. Be prepared for any challenge of the season - order your favorite jacket now and enjoy elegance and protection!\"><span class=\"Y2IQFc\" lang=\"en\">C\u00e2nd confortul \u00eent\u00e2lne\u0219te stilul, nu v\u0103 ve\u021bi dori altceva!<\/span><\/p>\n<p class=\"tw-data-text tw-text-large tw-ta\" dir=\"ltr\" data-placeholder=\"Traducere\" data-ved=\"2ahUKEwix-cnU9_KIAxWE0AIHHe_GJBAQ3ewLegQICRAU\" aria-label=\"Text tradus: When comfort meets style, you won't want anything else! Discover our long waterproof jacket, perfect for days with capricious weather. With an elegant and functional design, this jacket protects you from wind and water, offering at the same time perfect comfort. The hood, accessorized with premium quality natural fur, adds a touch of luxury, and the extremely low weight gives you the feeling that you are wearing nothing - only warmth and freedom. The top quality filling ensures thermal comfort regardless of the temperature, without compromising style. Be prepared for any challenge of the season - order your favorite jacket now and enjoy elegance and protection!\"><span class=\"Y2IQFc\" lang=\"en\">Descoperi\u021bi jacheta noastr\u0103 impermeabil\u0103 lung\u0103, perfect\u0103 pentru zilele cu vreme capricioas\u0103.<\/span><\/p>\n<p class=\"tw-data-text tw-text-large tw-ta\" dir=\"ltr\" data-placeholder=\"Traducere\" data-ved=\"2ahUKEwix-cnU9_KIAxWE0AIHHe_GJBAQ3ewLegQICRAU\" aria-label=\"Text tradus: When comfort meets style, you won't want anything else! Discover our long waterproof jacket, perfect for days with capricious weather. With an elegant and functional design, this jacket protects you from wind and water, offering at the same time perfect comfort. The hood, accessorized with premium quality natural fur, adds a touch of luxury, and the extremely low weight gives you the feeling that you are wearing nothing - only warmth and freedom. The top quality filling ensures thermal comfort regardless of the temperature, without compromising style. Be prepared for any challenge of the season - order your favorite jacket now and enjoy elegance and protection!\"><span class=\"Y2IQFc\" lang=\"en\">Cu un design elegant \u0219i func\u021bional, aceast\u0103 jachet\u0103 v\u0103 protejeaz\u0103 de v\u00e2nt \u0219i ap\u0103, oferind \u00een acela\u0219i timp un confort perfect.<\/span><\/p>\n<p class=\"tw-data-text tw-text-large tw-ta\" dir=\"ltr\" data-placeholder=\"Traducere\" data-ved=\"2ahUKEwix-cnU9_KIAxWE0AIHHe_GJBAQ3ewLegQICRAU\" aria-label=\"Text tradus: When comfort meets style, you won't want anything else! Discover our long waterproof jacket, perfect for days with capricious weather. With an elegant and functional design, this jacket protects you from wind and water, offering at the same time perfect comfort. The hood, accessorized with premium quality natural fur, adds a touch of luxury, and the extremely low weight gives you the feeling that you are wearing nothing - only warmth and freedom. The top quality filling ensures thermal comfort regardless of the temperature, without compromising style. Be prepared for any challenge of the season - order your favorite jacket now and enjoy elegance and protection!\"><span class=\"Y2IQFc\" lang=\"en\">Gluga, accesorizat\u0103 cu blan\u0103 natural\u0103 de calitate superioar\u0103, adaug\u0103 o not\u0103 de lux, iar greutatea extrem de redus\u0103 v\u0103 d\u0103 senza\u021bia c\u0103 nu purta\u021bi nimic &#8211; doar c\u0103ldur\u0103 \u0219i libertate.<\/span><\/p>\n<p class=\"tw-data-text tw-text-large tw-ta\" dir=\"ltr\" data-placeholder=\"Traducere\" data-ved=\"2ahUKEwix-cnU9_KIAxWE0AIHHe_GJBAQ3ewLegQICRAU\" aria-label=\"Text tradus: When comfort meets style, you won't want anything else! Discover our long waterproof jacket, perfect for days with capricious weather. With an elegant and functional design, this jacket protects you from wind and water, offering at the same time perfect comfort. The hood, accessorized with premium quality natural fur, adds a touch of luxury, and the extremely low weight gives you the feeling that you are wearing nothing - only warmth and freedom. The top quality filling ensures thermal comfort regardless of the temperature, without compromising style. Be prepared for any challenge of the season - order your favorite jacket now and enjoy elegance and protection!\"><span class=\"Y2IQFc\" lang=\"en\">Umplutura de calitate superioar\u0103 asigur\u0103 confort termic indiferent de temperatur\u0103, f\u0103r\u0103 a compromite stilul.<\/span><\/p>\n<p class=\"tw-data-text tw-text-large tw-ta\" dir=\"ltr\" data-placeholder=\"Traducere\" data-ved=\"2ahUKEwix-cnU9_KIAxWE0AIHHe_GJBAQ3ewLegQICRAU\" aria-label=\"Text tradus: When comfort meets style, you won't want anything else! Discover our long waterproof jacket, perfect for days with capricious weather. With an elegant and functional design, this jacket protects you from wind and water, offering at the same time perfect comfort. The hood, accessorized with premium quality natural fur, adds a touch of luxury, and the extremely low weight gives you the feeling that you are wearing nothing - only warmth and freedom. The top quality filling ensures thermal comfort regardless of the temperature, without compromising style. Be prepared for any challenge of the season - order your favorite jacket now and enjoy elegance and protection!\"><span class=\"Y2IQFc\" lang=\"en\">Fii preg\u0103tit pentru orice provocare a sezonului &#8211; comand\u0103 acum jacheta ta preferat\u0103 \u0219i bucur\u0103-te de elegan\u021b\u0103 \u0219i protec\u021bie!<\/span><\/p>\n","protected":false},"featured_media":5538491,"comment_status":"closed","ping_status":"closed","template":"","meta":[],"product_cat":[444,455],"product_tag":[],"class_list":["post-5538504","product","type-product","status-publish","has-post-thumbnail","hentry","product_cat-femei-2","product_cat-trenciuri-2"],"acf":[],"_links":{"self":[{"href":"https:\/\/www.ccmboutique.ro\/ro\/wp-json\/wp\/v2\/product\/5538504","targetHints":{"allow":["GET"]}}],"collection":[{"href":"https:\/\/www.ccmboutique.ro\/ro\/wp-json\/wp\/v2\/product"}],"about":[{"href":"https:\/\/www.ccmboutique.ro\/ro\/wp-json\/wp\/v2\/types\/product"}],"replies":[{"embeddable":true,"href":"https:\/\/www.ccmboutique.ro\/ro\/wp-json\/wp\/v2\/comments?post=5538504"}],"version-history":[{"count":1,"href":"https:\/\/www.ccmboutique.ro\/ro\/wp-json\/wp\/v2\/product\/5538504\/revisions"}],"predecessor-version":[{"id":5538546,"href":"https:\/\/www.ccmboutique.ro\/ro\/wp-json\/wp\/v2\/product\/5538504\/revisions\/5538546"}],"wp:featuredmedia":[{"embeddable":true,"href":"https:\/\/www.ccmboutique.ro\/ro\/wp-json\/wp\/v2\/media\/5538491"}],"wp:attachment":[{"href":"https:\/\/www.ccmboutique.ro\/ro\/wp-json\/wp\/v2\/media?parent=5538504"}],"wp:term":[{"taxonomy":"product_cat","embeddable":true,"href":"https:\/\/www.ccmboutique.ro\/ro\/wp-json\/wp\/v2\/product_cat?post=5538504"},{"taxonomy":"product_tag","embeddable":true,"href":"https:\/\/www.ccmboutique.ro\/ro\/wp-json\/wp\/v2\/product_tag?post=5538504"}],"curies":[{"name":"wp","href":"https:\/\/api.w.org\/{rel}","templated":true}]}}