{"id":5538460,"date":"2024-10-03T10:56:27","date_gmt":"2024-10-03T07:56:27","guid":{"rendered":"https:\/\/www.ccmboutique.ro\/shop\/cojoc-shearling-adelya\/"},"modified":"2026-01-27T19:35:10","modified_gmt":"2026-01-27T17:35:10","slug":"adelya-shearling-coat","status":"publish","type":"product","link":"https:\/\/www.ccmboutique.ro\/ro\/shop\/adelya-shearling-coat\/","title":{"rendered":"Cojoc Shearling ADELYA"},"content":{"rendered":"","protected":false},"excerpt":{"rendered":"<p id=\"tw-target-text\" class=\"tw-data-text tw-text-large tw-ta\" dir=\"ltr\" tabindex=\"-1\" role=\"text\" data-placeholder=\"Traducere\" data-ved=\"2ahUKEwiBn9GG1auSAxWG1AIHHQxpCeQQ3ewLegQIDBAW\" aria-label=\"Text tradus: Genuine shearling coat made to order, according to the client's measurements, from premium natural materials, chosen for their texture, durability and elegance. A unique piece. No series. Each piece is created individually, according to the client's measurements, with attention to details and proportions. We do not work in series, each coat is unique. Details of your choice: buttons, collar, pockets. Personalized cut for shoulders, bust, waist, hips and length. Production time: 7\u201314 working days. After placing the order, a CCM Boutique consultant will contact you to confirm the desired dimensions and details. Exclusive design and handmade.\">Cojoc din shearling autentic, accesorizat cu guler de vizon, realizat la comand\u0103, conform m\u0103sur\u0103torilor clientei, din materiale naturale premium, alese pentru textura, durabilitatea \u0219i elegan\u021ba lor.<\/p>\n<p class=\"tw-data-text tw-text-large tw-ta\" dir=\"ltr\" tabindex=\"-1\" role=\"text\" data-placeholder=\"Traducere\" data-ved=\"2ahUKEwiBn9GG1auSAxWG1AIHHQxpCeQQ3ewLegQIDBAW\" aria-label=\"Text tradus: Genuine shearling coat made to order, according to the client's measurements, from premium natural materials, chosen for their texture, durability and elegance. A unique piece. No series. Each piece is created individually, according to the client's measurements, with attention to details and proportions. We do not work in series, each coat is unique. Details of your choice: buttons, collar, pockets. Personalized cut for shoulders, bust, waist, hips and length. Production time: 7\u201314 working days. After placing the order, a CCM Boutique consultant will contact you to confirm the desired dimensions and details. Exclusive design and handmade.\"><span class=\"Y2IQFc\" lang=\"en\">Fiecare pies\u0103 este creat\u0103 individual, conform m\u0103sur\u0103torilor clientei, cu aten\u021bie la detalii \u0219i propor\u021bii.<\/span><\/p>\n<p class=\"tw-data-text tw-text-large tw-ta\" dir=\"ltr\" tabindex=\"-1\" role=\"text\" data-placeholder=\"Traducere\" data-ved=\"2ahUKEwiBn9GG1auSAxWG1AIHHQxpCeQQ3ewLegQIDBAW\" aria-label=\"Text tradus: Genuine shearling coat made to order, according to the client's measurements, from premium natural materials, chosen for their texture, durability and elegance. A unique piece. No series. Each piece is created individually, according to the client's measurements, with attention to details and proportions. We do not work in series, each coat is unique. Details of your choice: buttons, collar, pockets. Personalized cut for shoulders, bust, waist, hips and length. Production time: 7\u201314 working days. After placing the order, a CCM Boutique consultant will contact you to confirm the desired dimensions and details. Exclusive design and handmade.\"><span class=\"Y2IQFc\" lang=\"en\">Nu lucr\u0103m \u00een serie, fiecare cojoc este unic.<\/span><\/p>\n<p class=\"tw-data-text tw-text-large tw-ta\" dir=\"ltr\" tabindex=\"-1\" role=\"text\" data-placeholder=\"Traducere\" data-ved=\"2ahUKEwiBn9GG1auSAxWG1AIHHQxpCeQQ3ewLegQIDBAW\" aria-label=\"Text tradus: Genuine shearling coat made to order, according to the client's measurements, from premium natural materials, chosen for their texture, durability and elegance. A unique piece. No series. Each piece is created individually, according to the client's measurements, with attention to details and proportions. We do not work in series, each coat is unique. Details of your choice: buttons, collar, pockets. Personalized cut for shoulders, bust, waist, hips and length. Production time: 7\u201314 working days. After placing the order, a CCM Boutique consultant will contact you to confirm the desired dimensions and details. Exclusive design and handmade.\"><span class=\"Y2IQFc\" lang=\"en\">Detalii la alegere: nasturi, fermoare, guler, buzunare. Croial\u0103 personalizat\u0103 pentru umeri, bust, talie, \u0219olduri \u0219i lungime.<\/span><\/p>\n<p class=\"tw-data-text tw-text-large tw-ta\" dir=\"ltr\" tabindex=\"-1\" role=\"text\" data-placeholder=\"Traducere\" data-ved=\"2ahUKEwiBn9GG1auSAxWG1AIHHQxpCeQQ3ewLegQIDBAW\" aria-label=\"Text tradus: Genuine shearling coat made to order, according to the client's measurements, from premium natural materials, chosen for their texture, durability and elegance. A unique piece. No series. Each piece is created individually, according to the client's measurements, with attention to details and proportions. We do not work in series, each coat is unique. Details of your choice: buttons, collar, pockets. Personalized cut for shoulders, bust, waist, hips and length. Production time: 7\u201314 working days. After placing the order, a CCM Boutique consultant will contact you to confirm the desired dimensions and details. Exclusive design and handmade.\"><span class=\"Y2IQFc\" lang=\"en\">Timp de produc\u021bie: 7\u201314 zile lucr\u0103toare.<\/span><\/p>\n<p class=\"tw-data-text tw-text-large tw-ta\" dir=\"ltr\" tabindex=\"-1\" role=\"text\" data-placeholder=\"Traducere\" data-ved=\"2ahUKEwiBn9GG1auSAxWG1AIHHQxpCeQQ3ewLegQIDBAW\" aria-label=\"Text tradus: Genuine shearling coat made to order, according to the client's measurements, from premium natural materials, chosen for their texture, durability and elegance. A unique piece. No series. Each piece is created individually, according to the client's measurements, with attention to details and proportions. We do not work in series, each coat is unique. Details of your choice: buttons, collar, pockets. Personalized cut for shoulders, bust, waist, hips and length. Production time: 7\u201314 working days. After placing the order, a CCM Boutique consultant will contact you to confirm the desired dimensions and details. Exclusive design and handmade.\"><span class=\"Y2IQFc\" lang=\"en\">Dup\u0103 plasarea comenzii, un consultant CCM Boutique v\u0103 va contacta pentru a confirma dimensiunile \u0219i detaliile dorite.<\/span><\/p>\n<p class=\"tw-data-text tw-text-large tw-ta\" dir=\"ltr\" tabindex=\"-1\" role=\"text\" data-placeholder=\"Traducere\" data-ved=\"2ahUKEwiBn9GG1auSAxWG1AIHHQxpCeQQ3ewLegQIDBAW\" aria-label=\"Text tradus: Genuine shearling coat made to order, according to the client's measurements, from premium natural materials, chosen for their texture, durability and elegance. A unique piece. No series. Each piece is created individually, according to the client's measurements, with attention to details and proportions. We do not work in series, each coat is unique. Details of your choice: buttons, collar, pockets. Personalized cut for shoulders, bust, waist, hips and length. Production time: 7\u201314 working days. After placing the order, a CCM Boutique consultant will contact you to confirm the desired dimensions and details. Exclusive design and handmade.\"><span class=\"Y2IQFc\" lang=\"en\">Design exclusiv \u0219i lucrat manual.<\/span><\/p>\n","protected":false},"featured_media":5538419,"comment_status":"closed","ping_status":"closed","template":"","meta":[],"product_cat":[446,444],"product_tag":[],"class_list":["post-5538460","product","type-product","status-publish","has-post-thumbnail","hentry","product_cat-cojoace-shearling","product_cat-femei-2"],"acf":[],"_links":{"self":[{"href":"https:\/\/www.ccmboutique.ro\/ro\/wp-json\/wp\/v2\/product\/5538460","targetHints":{"allow":["GET"]}}],"collection":[{"href":"https:\/\/www.ccmboutique.ro\/ro\/wp-json\/wp\/v2\/product"}],"about":[{"href":"https:\/\/www.ccmboutique.ro\/ro\/wp-json\/wp\/v2\/types\/product"}],"replies":[{"embeddable":true,"href":"https:\/\/www.ccmboutique.ro\/ro\/wp-json\/wp\/v2\/comments?post=5538460"}],"version-history":[{"count":4,"href":"https:\/\/www.ccmboutique.ro\/ro\/wp-json\/wp\/v2\/product\/5538460\/revisions"}],"predecessor-version":[{"id":5543448,"href":"https:\/\/www.ccmboutique.ro\/ro\/wp-json\/wp\/v2\/product\/5538460\/revisions\/5543448"}],"wp:featuredmedia":[{"embeddable":true,"href":"https:\/\/www.ccmboutique.ro\/ro\/wp-json\/wp\/v2\/media\/5538419"}],"wp:attachment":[{"href":"https:\/\/www.ccmboutique.ro\/ro\/wp-json\/wp\/v2\/media?parent=5538460"}],"wp:term":[{"taxonomy":"product_cat","embeddable":true,"href":"https:\/\/www.ccmboutique.ro\/ro\/wp-json\/wp\/v2\/product_cat?post=5538460"},{"taxonomy":"product_tag","embeddable":true,"href":"https:\/\/www.ccmboutique.ro\/ro\/wp-json\/wp\/v2\/product_tag?post=5538460"}],"curies":[{"name":"wp","href":"https:\/\/api.w.org\/{rel}","templated":true}]}}