{"id":5538320,"date":"2024-10-01T21:20:48","date_gmt":"2024-10-01T18:20:48","guid":{"rendered":"https:\/\/www.ccmboutique.ro\/shop\/trench-alvena\/"},"modified":"2024-10-05T09:59:08","modified_gmt":"2024-10-05T06:59:08","slug":"alvena-trench-coat","status":"publish","type":"product","link":"https:\/\/www.ccmboutique.ro\/ro\/shop\/alvena-trench-coat\/","title":{"rendered":"Trench ALVENA"},"content":{"rendered":"","protected":false},"excerpt":{"rendered":"<p id=\"tw-target-text\" class=\"tw-data-text tw-text-large tw-ta\" dir=\"ltr\" data-placeholder=\"Traducere\" data-ved=\"2ahUKEwi6sffB2-2IAxWbif0HHVf6HBQQ3ewLegQIDxAU\" aria-label=\"Text tradus: Transform your style this season with a luxury natural leather trench coat! Effortless elegance, for those who dare to be different. This long trench made of natural leather is the ideal choice to add a sophisticated and cool air to any outfit. Whether you combine it with an elegant dress or a pair of casual jeans, your look will attract admiring glances. Create a style that combines relaxed attitude with classic sophistication. Choose natural leather for premium quality and unparalleled comfort! Choose to stand out - check now our exclusive collection of natural leather coats on the website! #trenchpiele #luxuryfashion #trenchcoat #stylish #qualitypremium #fashionstatement #ootd\"><span class=\"Y2IQFc\" lang=\"en\">Transforma\u021bi-v\u0103 stilul \u00een acest sezon cu un trench de lux din piele natural\u0103!<\/span><\/p>\n<p class=\"tw-data-text tw-text-large tw-ta\" dir=\"ltr\" data-placeholder=\"Traducere\" data-ved=\"2ahUKEwi6sffB2-2IAxWbif0HHVf6HBQQ3ewLegQIDxAU\" aria-label=\"Text tradus: Transform your style this season with a luxury natural leather trench coat! Effortless elegance, for those who dare to be different. This long trench made of natural leather is the ideal choice to add a sophisticated and cool air to any outfit. Whether you combine it with an elegant dress or a pair of casual jeans, your look will attract admiring glances. Create a style that combines relaxed attitude with classic sophistication. Choose natural leather for premium quality and unparalleled comfort! Choose to stand out - check now our exclusive collection of natural leather coats on the website! #trenchpiele #luxuryfashion #trenchcoat #stylish #qualitypremium #fashionstatement #ootd\"><span class=\"Y2IQFc\" lang=\"en\">Elegan\u021b\u0103 f\u0103r\u0103 efort, pentru cei care \u00eendr\u0103znesc s\u0103 fie diferi\u021bi.<\/span><\/p>\n<p class=\"tw-data-text tw-text-large tw-ta\" dir=\"ltr\" data-placeholder=\"Traducere\" data-ved=\"2ahUKEwi6sffB2-2IAxWbif0HHVf6HBQQ3ewLegQIDxAU\" aria-label=\"Text tradus: Transform your style this season with a luxury natural leather trench coat! Effortless elegance, for those who dare to be different. This long trench made of natural leather is the ideal choice to add a sophisticated and cool air to any outfit. Whether you combine it with an elegant dress or a pair of casual jeans, your look will attract admiring glances. Create a style that combines relaxed attitude with classic sophistication. Choose natural leather for premium quality and unparalleled comfort! Choose to stand out - check now our exclusive collection of natural leather coats on the website! #trenchpiele #luxuryfashion #trenchcoat #stylish #qualitypremium #fashionstatement #ootd\"><span class=\"Y2IQFc\" lang=\"en\">Acest trench lung din piele natural\u0103 este alegerea ideal\u0103 pentru a ad\u0103uga un aer sofisticat \u0219i rece oric\u0103rei \u021binute.<\/span><\/p>\n<p class=\"tw-data-text tw-text-large tw-ta\" dir=\"ltr\" data-placeholder=\"Traducere\" data-ved=\"2ahUKEwi6sffB2-2IAxWbif0HHVf6HBQQ3ewLegQIDxAU\" aria-label=\"Text tradus: Transform your style this season with a luxury natural leather trench coat! Effortless elegance, for those who dare to be different. This long trench made of natural leather is the ideal choice to add a sophisticated and cool air to any outfit. Whether you combine it with an elegant dress or a pair of casual jeans, your look will attract admiring glances. Create a style that combines relaxed attitude with classic sophistication. Choose natural leather for premium quality and unparalleled comfort! Choose to stand out - check now our exclusive collection of natural leather coats on the website! #trenchpiele #luxuryfashion #trenchcoat #stylish #qualitypremium #fashionstatement #ootd\"><span class=\"Y2IQFc\" lang=\"en\">Fie c\u0103 \u00eel combina\u021bi cu o rochie elegant\u0103 sau cu o pereche de blugi casual, look-ul dvs. va atrage priviri admirative.<\/span><\/p>\n<p class=\"tw-data-text tw-text-large tw-ta\" dir=\"ltr\" data-placeholder=\"Traducere\" data-ved=\"2ahUKEwi6sffB2-2IAxWbif0HHVf6HBQQ3ewLegQIDxAU\" aria-label=\"Text tradus: Transform your style this season with a luxury natural leather trench coat! Effortless elegance, for those who dare to be different. This long trench made of natural leather is the ideal choice to add a sophisticated and cool air to any outfit. Whether you combine it with an elegant dress or a pair of casual jeans, your look will attract admiring glances. Create a style that combines relaxed attitude with classic sophistication. Choose natural leather for premium quality and unparalleled comfort! Choose to stand out - check now our exclusive collection of natural leather coats on the website! #trenchpiele #luxuryfashion #trenchcoat #stylish #qualitypremium #fashionstatement #ootd\"><span class=\"Y2IQFc\" lang=\"en\">Crea\u021bi un stil care combin\u0103 atitudinea relaxat\u0103 cu sofisticarea clasic\u0103.<\/span><\/p>\n<p class=\"tw-data-text tw-text-large tw-ta\" dir=\"ltr\" data-placeholder=\"Traducere\" data-ved=\"2ahUKEwi6sffB2-2IAxWbif0HHVf6HBQQ3ewLegQIDxAU\" aria-label=\"Text tradus: Transform your style this season with a luxury natural leather trench coat! Effortless elegance, for those who dare to be different. This long trench made of natural leather is the ideal choice to add a sophisticated and cool air to any outfit. Whether you combine it with an elegant dress or a pair of casual jeans, your look will attract admiring glances. Create a style that combines relaxed attitude with classic sophistication. Choose natural leather for premium quality and unparalleled comfort! Choose to stand out - check now our exclusive collection of natural leather coats on the website! #trenchpiele #luxuryfashion #trenchcoat #stylish #qualitypremium #fashionstatement #ootd\"><span class=\"Y2IQFc\" lang=\"en\">Alege\u021bi pielea natural\u0103 pentru calitate premium \u0219i confort de neegalat!<\/span><\/p>\n<p class=\"tw-data-text tw-text-large tw-ta\" dir=\"ltr\" data-placeholder=\"Traducere\" data-ved=\"2ahUKEwi6sffB2-2IAxWbif0HHVf6HBQQ3ewLegQIDxAU\" aria-label=\"Text tradus: Transform your style this season with a luxury natural leather trench coat! Effortless elegance, for those who dare to be different. This long trench made of natural leather is the ideal choice to add a sophisticated and cool air to any outfit. Whether you combine it with an elegant dress or a pair of casual jeans, your look will attract admiring glances. Create a style that combines relaxed attitude with classic sophistication. Choose natural leather for premium quality and unparalleled comfort! Choose to stand out - check now our exclusive collection of natural leather coats on the website! #trenchpiele #luxuryfashion #trenchcoat #stylish #qualitypremium #fashionstatement #ootd\"><span class=\"Y2IQFc\" lang=\"en\">Alege\u021bi s\u0103 ie\u0219i\u021bi \u00een eviden\u021b\u0103.<\/span><\/p>\n","protected":false},"featured_media":5538306,"comment_status":"closed","ping_status":"closed","template":"","meta":[],"product_cat":[444,455],"product_tag":[],"class_list":["post-5538320","product","type-product","status-publish","has-post-thumbnail","hentry","product_cat-femei-2","product_cat-trenciuri-2"],"acf":[],"_links":{"self":[{"href":"https:\/\/www.ccmboutique.ro\/ro\/wp-json\/wp\/v2\/product\/5538320","targetHints":{"allow":["GET"]}}],"collection":[{"href":"https:\/\/www.ccmboutique.ro\/ro\/wp-json\/wp\/v2\/product"}],"about":[{"href":"https:\/\/www.ccmboutique.ro\/ro\/wp-json\/wp\/v2\/types\/product"}],"replies":[{"embeddable":true,"href":"https:\/\/www.ccmboutique.ro\/ro\/wp-json\/wp\/v2\/comments?post=5538320"}],"version-history":[{"count":2,"href":"https:\/\/www.ccmboutique.ro\/ro\/wp-json\/wp\/v2\/product\/5538320\/revisions"}],"predecessor-version":[{"id":5538555,"href":"https:\/\/www.ccmboutique.ro\/ro\/wp-json\/wp\/v2\/product\/5538320\/revisions\/5538555"}],"wp:featuredmedia":[{"embeddable":true,"href":"https:\/\/www.ccmboutique.ro\/ro\/wp-json\/wp\/v2\/media\/5538306"}],"wp:attachment":[{"href":"https:\/\/www.ccmboutique.ro\/ro\/wp-json\/wp\/v2\/media?parent=5538320"}],"wp:term":[{"taxonomy":"product_cat","embeddable":true,"href":"https:\/\/www.ccmboutique.ro\/ro\/wp-json\/wp\/v2\/product_cat?post=5538320"},{"taxonomy":"product_tag","embeddable":true,"href":"https:\/\/www.ccmboutique.ro\/ro\/wp-json\/wp\/v2\/product_tag?post=5538320"}],"curies":[{"name":"wp","href":"https:\/\/api.w.org\/{rel}","templated":true}]}}