{"id":5538208,"date":"2024-09-30T22:09:50","date_gmt":"2024-09-30T19:09:50","guid":{"rendered":"https:\/\/www.ccmboutique.ro\/shop\/cojoc-shearling-asha\/"},"modified":"2024-10-05T09:50:57","modified_gmt":"2024-10-05T06:50:57","slug":"asha-shearling-coat","status":"publish","type":"product","link":"https:\/\/www.ccmboutique.ro\/ro\/shop\/asha-shearling-coat\/","title":{"rendered":"Cojoc Shearling ASHA"},"content":{"rendered":"","protected":false},"excerpt":{"rendered":"<p id=\"tw-target-text\" class=\"tw-data-text tw-text-large tw-ta\" dir=\"ltr\" data-placeholder=\"Traducere\" aria-label=\"Text tradus: Dare to redefine luxury with a unique shell, where natural elegance meets spectacular details! Our shearling shell, accessorized with python and mink fur inserts, is the perfect creation for those who appreciate quality and bold details. Its exclusive design combines warmth and comfort with an unforgettable aesthetic. Wearing this piece, you will become the symbol of sophistication and unique style, attracting all eyes this winter. Don't let luxury wait! Contact us now to transform this shell into a personalized masterpiece especially for you. We deliver anywhere in the world, straight to your door. \ud83d\udcde 0040766914884 \/ 0040766914901\" data-ved=\"2ahUKEwjT6YC5huuIAxWThP0HHUQLKwgQ3ewLegQIEhAU\"><span class=\"Y2IQFc\" lang=\"en\">\u00cendr\u0103zni\u021bi s\u0103 redefini\u021bi luxul cu un cojoc unic , unde elegan\u021ba natural\u0103 \u00eent\u00e2lne\u0219te detalii spectaculoase!<\/span><\/p>\n<p id=\"tw-target-text\" class=\"tw-data-text tw-text-large tw-ta\" dir=\"ltr\" data-placeholder=\"Traducere\" aria-label=\"Text tradus: Our shearling shell, accessorized with python and mink fur inserts, is the perfect creation for those who appreciate quality and bold details. Its exclusive design combines warmth and comfort with an unforgettable aesthetic. Wearing this piece, you will become the symbol of sophistication and unique style, attracting all eyes this winter. Don't let luxury wait! Contact us now to transform this shell into a personalized masterpiece especially for you. We deliver anywhere in the world, straight to your door. \ud83d\udcde 0040766914884 \/ 0040766914901\" data-ved=\"2ahUKEwjT6YC5huuIAxWThP0HHUQLKwgQ3ewLegQIEhAU\"><span class=\"Y2IQFc\" lang=\"en\">Cojocul nostru din shearling , accesorizat cu inser\u021bii din piton \u0219i blan\u0103 de nurc\u0103 , este crea\u021bia perfect\u0103 pentru cei care apreciaz\u0103 calitatea \u0219i detaliile \u00eendr\u0103zne\u021be.<\/span><\/p>\n<p class=\"tw-data-text tw-text-large tw-ta\" dir=\"ltr\" data-placeholder=\"Traducere\" aria-label=\"Text tradus: Our shearling shell, accessorized with python and mink fur inserts, is the perfect creation for those who appreciate quality and bold details. Its exclusive design combines warmth and comfort with an unforgettable aesthetic. Wearing this piece, you will become the symbol of sophistication and unique style, attracting all eyes this winter. Don't let luxury wait! Contact us now to transform this shell into a personalized masterpiece especially for you. We deliver anywhere in the world, straight to your door. \ud83d\udcde 0040766914884 \/ 0040766914901\" data-ved=\"2ahUKEwjT6YC5huuIAxWThP0HHUQLKwgQ3ewLegQIEhAU\"><span class=\"Y2IQFc\" lang=\"en\">Designul s\u0103u exclusivist combin\u0103 c\u0103ldura \u0219i confortul cu o estetic\u0103 de neuitat.<\/span><\/p>\n<p class=\"tw-data-text tw-text-large tw-ta\" dir=\"ltr\" data-placeholder=\"Traducere\" aria-label=\"Text tradus: Our shearling shell, accessorized with python and mink fur inserts, is the perfect creation for those who appreciate quality and bold details. Its exclusive design combines warmth and comfort with an unforgettable aesthetic. Wearing this piece, you will become the symbol of sophistication and unique style, attracting all eyes this winter. Don't let luxury wait! Contact us now to transform this shell into a personalized masterpiece especially for you. We deliver anywhere in the world, straight to your door. \ud83d\udcde 0040766914884 \/ 0040766914901\" data-ved=\"2ahUKEwjT6YC5huuIAxWThP0HHUQLKwgQ3ewLegQIEhAU\"><span class=\"Y2IQFc\" lang=\"en\"> Purt\u00e2nd aceast\u0103 pies\u0103, ve\u021bi deveni simbolul sofistic\u0103rii \u0219i al stilului unic, atr\u0103g\u00e2nd toate privirile \u00een aceast\u0103 iarn\u0103.<\/span><\/p>\n<p class=\"tw-data-text tw-text-large tw-ta\" dir=\"ltr\" data-placeholder=\"Traducere\" aria-label=\"Text tradus: Our shearling shell, accessorized with python and mink fur inserts, is the perfect creation for those who appreciate quality and bold details. Its exclusive design combines warmth and comfort with an unforgettable aesthetic. Wearing this piece, you will become the symbol of sophistication and unique style, attracting all eyes this winter. Don't let luxury wait! Contact us now to transform this shell into a personalized masterpiece especially for you. We deliver anywhere in the world, straight to your door. \ud83d\udcde 0040766914884 \/ 0040766914901\" data-ved=\"2ahUKEwjT6YC5huuIAxWThP0HHUQLKwgQ3ewLegQIEhAU\"><span class=\"Y2IQFc\" lang=\"en\">Nu l\u0103sa\u021bi luxul s\u0103 a\u0219tepte! Contacta\u021bi-ne acum pentru a transforma aceast cojoc \u00eentr-o capodoper\u0103 personalizat\u0103 special pentru dvs. <\/span><\/p>\n<p class=\"tw-data-text tw-text-large tw-ta\" dir=\"ltr\" data-placeholder=\"Traducere\" aria-label=\"Text tradus: Our shearling shell, accessorized with python and mink fur inserts, is the perfect creation for those who appreciate quality and bold details. Its exclusive design combines warmth and comfort with an unforgettable aesthetic. Wearing this piece, you will become the symbol of sophistication and unique style, attracting all eyes this winter. Don't let luxury wait! Contact us now to transform this shell into a personalized masterpiece especially for you. We deliver anywhere in the world, straight to your door. \ud83d\udcde 0040766914884 \/ 0040766914901\" data-ved=\"2ahUKEwjT6YC5huuIAxWThP0HHUQLKwgQ3ewLegQIEhAU\"><span class=\"Y2IQFc\" lang=\"en\">Livr\u0103m oriunde \u00een lume, direct la u\u0219a dumneavoastr\u0103.<\/span><\/p>\n<p class=\"tw-data-text tw-text-large tw-ta\" dir=\"ltr\" data-placeholder=\"Traducere\" aria-label=\"Text tradus: Our shearling shell, accessorized with python and mink fur inserts, is the perfect creation for those who appreciate quality and bold details. Its exclusive design combines warmth and comfort with an unforgettable aesthetic. Wearing this piece, you will become the symbol of sophistication and unique style, attracting all eyes this winter. Don't let luxury wait! Contact us now to transform this shell into a personalized masterpiece especially for you. We deliver anywhere in the world, straight to your door. \ud83d\udcde 0040766914884 \/ 0040766914901\" data-ved=\"2ahUKEwjT6YC5huuIAxWThP0HHUQLKwgQ3ewLegQIEhAU\"><span class=\"Y2IQFc\" lang=\"en\">0040766914884 \/ 0040766914901<\/span><\/p>\n","protected":false},"featured_media":5538187,"comment_status":"closed","ping_status":"closed","template":"","meta":[],"product_cat":[446,444],"product_tag":[],"class_list":["post-5538208","product","type-product","status-publish","has-post-thumbnail","hentry","product_cat-cojoace-shearling","product_cat-femei-2"],"acf":[],"_links":{"self":[{"href":"https:\/\/www.ccmboutique.ro\/ro\/wp-json\/wp\/v2\/product\/5538208","targetHints":{"allow":["GET"]}}],"collection":[{"href":"https:\/\/www.ccmboutique.ro\/ro\/wp-json\/wp\/v2\/product"}],"about":[{"href":"https:\/\/www.ccmboutique.ro\/ro\/wp-json\/wp\/v2\/types\/product"}],"replies":[{"embeddable":true,"href":"https:\/\/www.ccmboutique.ro\/ro\/wp-json\/wp\/v2\/comments?post=5538208"}],"version-history":[{"count":3,"href":"https:\/\/www.ccmboutique.ro\/ro\/wp-json\/wp\/v2\/product\/5538208\/revisions"}],"predecessor-version":[{"id":5538553,"href":"https:\/\/www.ccmboutique.ro\/ro\/wp-json\/wp\/v2\/product\/5538208\/revisions\/5538553"}],"wp:featuredmedia":[{"embeddable":true,"href":"https:\/\/www.ccmboutique.ro\/ro\/wp-json\/wp\/v2\/media\/5538187"}],"wp:attachment":[{"href":"https:\/\/www.ccmboutique.ro\/ro\/wp-json\/wp\/v2\/media?parent=5538208"}],"wp:term":[{"taxonomy":"product_cat","embeddable":true,"href":"https:\/\/www.ccmboutique.ro\/ro\/wp-json\/wp\/v2\/product_cat?post=5538208"},{"taxonomy":"product_tag","embeddable":true,"href":"https:\/\/www.ccmboutique.ro\/ro\/wp-json\/wp\/v2\/product_tag?post=5538208"}],"curies":[{"name":"wp","href":"https:\/\/api.w.org\/{rel}","templated":true}]}}