{"id":5538109,"date":"2024-09-30T20:19:46","date_gmt":"2024-09-30T17:19:46","guid":{"rendered":"https:\/\/www.ccmboutique.ro\/shop\/haina-de-blana-amber-gold-fox\/"},"modified":"2024-11-13T21:39:49","modified_gmt":"2024-11-13T19:39:49","slug":"amber-gold-fox-fur-coat","status":"publish","type":"product","link":"https:\/\/www.ccmboutique.ro\/ro\/shop\/amber-gold-fox-fur-coat\/","title":{"rendered":"Haina de blana AMBER Gold"},"content":{"rendered":"<p id=\"tw-target-text\" class=\"tw-data-text tw-text-large tw-ta\" dir=\"ltr\" data-placeholder=\"Traducere\" aria-label=\"Text tradus: Pamper yourself with supreme elegance - the luxury of a natural fur coat that turns heads! The gold frost natural fox fur coat, premium quality, with a sumptuous lapel is perfect to keep you warm in style, offering a unique mix between comfort and sophistication. This sophisticated design will make you feel royal and exude confidence with every step. Discover our exclusive collection now and add this luxury piece to your wardrobe - available for a limited time only! Contact us for custom orders. We deliver anywhere in the world, straight to your door. \ud83d\udcde 0040766914884 \/ 0040766914901\" data-ved=\"2ahUKEwjT6YC5huuIAxWThP0HHUQLKwgQ3ewLegQIEhAU\"><span class=\"Y2IQFc\" lang=\"en\">R\u0103sf\u0103\u021ba\u021bi-v\u0103 cu elegan\u021b\u0103 suprem\u0103 &#8211; luxul unei haine din blan\u0103 natural\u0103 care \u00eentoarce privirile!<\/span><\/p>\n<p class=\"tw-data-text tw-text-large tw-ta\" dir=\"ltr\" data-placeholder=\"Traducere\" aria-label=\"Text tradus: Pamper yourself with supreme elegance - the luxury of a natural fur coat that turns heads! The gold frost natural fox fur coat, premium quality, with a sumptuous lapel is perfect to keep you warm in style, offering a unique mix between comfort and sophistication. This sophisticated design will make you feel royal and exude confidence with every step. Discover our exclusive collection now and add this luxury piece to your wardrobe - available for a limited time only! Contact us for custom orders. We deliver anywhere in the world, straight to your door. \ud83d\udcde 0040766914884 \/ 0040766914901\" data-ved=\"2ahUKEwjT6YC5huuIAxWThP0HHUQLKwgQ3ewLegQIEhAU\"><span class=\"Y2IQFc\" lang=\"en\">Haina din blan\u0103 natural\u0103 de vulpe, de calitate premium, cu un rever somptuos, este perfect\u0103 pentru a v\u0103 \u021bine de cald cu stil, oferind un mix unic \u00eentre confort \u0219i rafinament.<\/span><\/p>\n<p class=\"tw-data-text tw-text-large tw-ta\" dir=\"ltr\" data-placeholder=\"Traducere\" aria-label=\"Text tradus: Pamper yourself with supreme elegance - the luxury of a natural fur coat that turns heads! The gold frost natural fox fur coat, premium quality, with a sumptuous lapel is perfect to keep you warm in style, offering a unique mix between comfort and sophistication. This sophisticated design will make you feel royal and exude confidence with every step. Discover our exclusive collection now and add this luxury piece to your wardrobe - available for a limited time only! Contact us for custom orders. We deliver anywhere in the world, straight to your door. \ud83d\udcde 0040766914884 \/ 0040766914901\" data-ved=\"2ahUKEwjT6YC5huuIAxWThP0HHUQLKwgQ3ewLegQIEhAU\"><span class=\"Y2IQFc\" lang=\"en\">Acest design sofisticat te va face s\u0103 te sim\u021bi regal\u0103 \u0219i s\u0103 emani \u00eencredere la fiecare pas.<\/span><\/p>\n<p class=\"tw-data-text tw-text-large tw-ta\" dir=\"ltr\" data-placeholder=\"Traducere\" aria-label=\"Text tradus: Pamper yourself with supreme elegance - the luxury of a natural fur coat that turns heads! The gold frost natural fox fur coat, premium quality, with a sumptuous lapel is perfect to keep you warm in style, offering a unique mix between comfort and sophistication. This sophisticated design will make you feel royal and exude confidence with every step. Discover our exclusive collection now and add this luxury piece to your wardrobe - available for a limited time only! Contact us for custom orders. We deliver anywhere in the world, straight to your door. \ud83d\udcde 0040766914884 \/ 0040766914901\" data-ved=\"2ahUKEwjT6YC5huuIAxWThP0HHUQLKwgQ3ewLegQIEhAU\"><span class=\"Y2IQFc\" lang=\"en\">Descoperi\u021bi acum colec\u021bia noastr\u0103 exclusiv\u0103 \u0219i ad\u0103uga\u021bi aceast\u0103 pies\u0103 de lux \u00een garderoba dvs. &#8211; disponibil\u0103 doar pentru o perioad\u0103 limitat\u0103!<\/span><\/p>\n<p class=\"tw-data-text tw-text-large tw-ta\" dir=\"ltr\" data-placeholder=\"Traducere\" aria-label=\"Text tradus: Pamper yourself with supreme elegance - the luxury of a natural fur coat that turns heads! The gold frost natural fox fur coat, premium quality, with a sumptuous lapel is perfect to keep you warm in style, offering a unique mix between comfort and sophistication. This sophisticated design will make you feel royal and exude confidence with every step. Discover our exclusive collection now and add this luxury piece to your wardrobe - available for a limited time only! Contact us for custom orders. We deliver anywhere in the world, straight to your door. \ud83d\udcde 0040766914884 \/ 0040766914901\" data-ved=\"2ahUKEwjT6YC5huuIAxWThP0HHUQLKwgQ3ewLegQIEhAU\"><span class=\"Y2IQFc\" lang=\"en\">Contacta\u021bi-ne pentru comenzi personalizate.<\/span><\/p>\n<p class=\"tw-data-text tw-text-large tw-ta\" dir=\"ltr\" data-placeholder=\"Traducere\" aria-label=\"Text tradus: Pamper yourself with supreme elegance - the luxury of a natural fur coat that turns heads! The gold frost natural fox fur coat, premium quality, with a sumptuous lapel is perfect to keep you warm in style, offering a unique mix between comfort and sophistication. This sophisticated design will make you feel royal and exude confidence with every step. Discover our exclusive collection now and add this luxury piece to your wardrobe - available for a limited time only! Contact us for custom orders. We deliver anywhere in the world, straight to your door. \ud83d\udcde 0040766914884 \/ 0040766914901\" data-ved=\"2ahUKEwjT6YC5huuIAxWThP0HHUQLKwgQ3ewLegQIEhAU\"><span class=\"Y2IQFc\" lang=\"en\">Livr\u0103m oriunde \u00een lume, direct la u\u0219a dumneavoastr\u0103.<\/span><\/p>\n<p class=\"tw-data-text tw-text-large tw-ta\" dir=\"ltr\" data-placeholder=\"Traducere\" aria-label=\"Text tradus: Pamper yourself with supreme elegance - the luxury of a natural fur coat that turns heads! The gold frost natural fox fur coat, premium quality, with a sumptuous lapel is perfect to keep you warm in style, offering a unique mix between comfort and sophistication. This sophisticated design will make you feel royal and exude confidence with every step. Discover our exclusive collection now and add this luxury piece to your wardrobe - available for a limited time only! Contact us for custom orders. We deliver anywhere in the world, straight to your door. \ud83d\udcde 0040766914884 \/ 0040766914901\" data-ved=\"2ahUKEwjT6YC5huuIAxWThP0HHUQLKwgQ3ewLegQIEhAU\"><span class=\"Y2IQFc\" lang=\"en\">0040766914884 \/ 0040766914901<\/span><\/p>\n","protected":false},"excerpt":{"rendered":"<p id=\"tw-target-text\" class=\"tw-data-text tw-text-large tw-ta\" dir=\"ltr\" data-placeholder=\"Traducere\" aria-label=\"Text tradus: Pamper yourself with supreme elegance - the luxury of a natural fur coat that turns heads! The gold frost natural fox fur coat, premium quality, with a sumptuous lapel is perfect to keep you warm in style, offering a unique mix between comfort and sophistication. This sophisticated design will make you feel royal and exude confidence with every step. Discover our exclusive collection now and add this luxury piece to your wardrobe - available for a limited time only! Contact us for custom orders. We deliver anywhere in the world, straight to your door. \ud83d\udcde 0040766914884 \/ 0040766914901\" data-ved=\"2ahUKEwjT6YC5huuIAxWThP0HHUQLKwgQ3ewLegQIEhAU\"><span class=\"Y2IQFc\" lang=\"en\">R\u0103sf\u0103\u021ba\u021bi-v\u0103 cu elegan\u021b\u0103 suprem\u0103 &#8211; luxul unei haine din blan\u0103 natural\u0103 care \u00eentoarce privirile!<\/span><\/p>\n<p class=\"tw-data-text tw-text-large tw-ta\" dir=\"ltr\" data-placeholder=\"Traducere\" aria-label=\"Text tradus: Pamper yourself with supreme elegance - the luxury of a natural fur coat that turns heads! The gold frost natural fox fur coat, premium quality, with a sumptuous lapel is perfect to keep you warm in style, offering a unique mix between comfort and sophistication. This sophisticated design will make you feel royal and exude confidence with every step. Discover our exclusive collection now and add this luxury piece to your wardrobe - available for a limited time only! Contact us for custom orders. We deliver anywhere in the world, straight to your door. \ud83d\udcde 0040766914884 \/ 0040766914901\" data-ved=\"2ahUKEwjT6YC5huuIAxWThP0HHUQLKwgQ3ewLegQIEhAU\"><span class=\"Y2IQFc\" lang=\"en\">Haina din blan\u0103 natural\u0103 de vulpe, de calitate premium, cu un rever somptuos, este perfect\u0103 pentru a v\u0103 \u021bine de cald cu stil, oferind un mix unic \u00eentre confort \u0219i rafinament.<\/span><\/p>\n<p class=\"tw-data-text tw-text-large tw-ta\" dir=\"ltr\" data-placeholder=\"Traducere\" aria-label=\"Text tradus: Pamper yourself with supreme elegance - the luxury of a natural fur coat that turns heads! The gold frost natural fox fur coat, premium quality, with a sumptuous lapel is perfect to keep you warm in style, offering a unique mix between comfort and sophistication. This sophisticated design will make you feel royal and exude confidence with every step. Discover our exclusive collection now and add this luxury piece to your wardrobe - available for a limited time only! Contact us for custom orders. We deliver anywhere in the world, straight to your door. \ud83d\udcde 0040766914884 \/ 0040766914901\" data-ved=\"2ahUKEwjT6YC5huuIAxWThP0HHUQLKwgQ3ewLegQIEhAU\"><span class=\"Y2IQFc\" lang=\"en\">Acest design sofisticat te va face s\u0103 te sim\u021bi regal\u0103 \u0219i s\u0103 emani \u00eencredere la fiecare pas.<\/span><\/p>\n<p class=\"tw-data-text tw-text-large tw-ta\" dir=\"ltr\" data-placeholder=\"Traducere\" aria-label=\"Text tradus: Pamper yourself with supreme elegance - the luxury of a natural fur coat that turns heads! The gold frost natural fox fur coat, premium quality, with a sumptuous lapel is perfect to keep you warm in style, offering a unique mix between comfort and sophistication. This sophisticated design will make you feel royal and exude confidence with every step. Discover our exclusive collection now and add this luxury piece to your wardrobe - available for a limited time only! Contact us for custom orders. We deliver anywhere in the world, straight to your door. \ud83d\udcde 0040766914884 \/ 0040766914901\" data-ved=\"2ahUKEwjT6YC5huuIAxWThP0HHUQLKwgQ3ewLegQIEhAU\"><span class=\"Y2IQFc\" lang=\"en\">Descoperi\u021bi acum colec\u021bia noastr\u0103 exclusiv\u0103 \u0219i ad\u0103uga\u021bi aceast\u0103 pies\u0103 de lux \u00een garderoba dvs. &#8211; disponibil\u0103 doar pentru o perioad\u0103 limitat\u0103!<\/span><\/p>\n<p class=\"tw-data-text tw-text-large tw-ta\" dir=\"ltr\" data-placeholder=\"Traducere\" aria-label=\"Text tradus: Pamper yourself with supreme elegance - the luxury of a natural fur coat that turns heads! The gold frost natural fox fur coat, premium quality, with a sumptuous lapel is perfect to keep you warm in style, offering a unique mix between comfort and sophistication. This sophisticated design will make you feel royal and exude confidence with every step. Discover our exclusive collection now and add this luxury piece to your wardrobe - available for a limited time only! Contact us for custom orders. We deliver anywhere in the world, straight to your door. \ud83d\udcde 0040766914884 \/ 0040766914901\" data-ved=\"2ahUKEwjT6YC5huuIAxWThP0HHUQLKwgQ3ewLegQIEhAU\"><span class=\"Y2IQFc\" lang=\"en\">Contacta\u021bi-ne pentru comenzi personalizate.<\/span><\/p>\n<p class=\"tw-data-text tw-text-large tw-ta\" dir=\"ltr\" data-placeholder=\"Traducere\" aria-label=\"Text tradus: Pamper yourself with supreme elegance - the luxury of a natural fur coat that turns heads! The gold frost natural fox fur coat, premium quality, with a sumptuous lapel is perfect to keep you warm in style, offering a unique mix between comfort and sophistication. This sophisticated design will make you feel royal and exude confidence with every step. Discover our exclusive collection now and add this luxury piece to your wardrobe - available for a limited time only! Contact us for custom orders. We deliver anywhere in the world, straight to your door. \ud83d\udcde 0040766914884 \/ 0040766914901\" data-ved=\"2ahUKEwjT6YC5huuIAxWThP0HHUQLKwgQ3ewLegQIEhAU\"><span class=\"Y2IQFc\" lang=\"en\">Livr\u0103m oriunde \u00een lume, direct la u\u0219a dumneavoastr\u0103.<\/span><\/p>\n<p class=\"tw-data-text tw-text-large tw-ta\" dir=\"ltr\" data-placeholder=\"Traducere\" aria-label=\"Text tradus: Pamper yourself with supreme elegance - the luxury of a natural fur coat that turns heads! The gold frost natural fox fur coat, premium quality, with a sumptuous lapel is perfect to keep you warm in style, offering a unique mix between comfort and sophistication. This sophisticated design will make you feel royal and exude confidence with every step. Discover our exclusive collection now and add this luxury piece to your wardrobe - available for a limited time only! Contact us for custom orders. We deliver anywhere in the world, straight to your door. \ud83d\udcde 0040766914884 \/ 0040766914901\" data-ved=\"2ahUKEwjT6YC5huuIAxWThP0HHUQLKwgQ3ewLegQIEhAU\"><span class=\"Y2IQFc\" lang=\"en\">0040766914884 \/ 0040766914901<\/span><\/p>\n","protected":false},"featured_media":5538100,"comment_status":"closed","ping_status":"closed","template":"","meta":[],"product_cat":[444,452],"product_tag":[],"class_list":["post-5538109","product","type-product","status-publish","has-post-thumbnail","hentry","product_cat-femei-2","product_cat-haine-din-blana-2"],"acf":[],"_links":{"self":[{"href":"https:\/\/www.ccmboutique.ro\/ro\/wp-json\/wp\/v2\/product\/5538109","targetHints":{"allow":["GET"]}}],"collection":[{"href":"https:\/\/www.ccmboutique.ro\/ro\/wp-json\/wp\/v2\/product"}],"about":[{"href":"https:\/\/www.ccmboutique.ro\/ro\/wp-json\/wp\/v2\/types\/product"}],"replies":[{"embeddable":true,"href":"https:\/\/www.ccmboutique.ro\/ro\/wp-json\/wp\/v2\/comments?post=5538109"}],"version-history":[{"count":2,"href":"https:\/\/www.ccmboutique.ro\/ro\/wp-json\/wp\/v2\/product\/5538109\/revisions"}],"predecessor-version":[{"id":5540066,"href":"https:\/\/www.ccmboutique.ro\/ro\/wp-json\/wp\/v2\/product\/5538109\/revisions\/5540066"}],"wp:featuredmedia":[{"embeddable":true,"href":"https:\/\/www.ccmboutique.ro\/ro\/wp-json\/wp\/v2\/media\/5538100"}],"wp:attachment":[{"href":"https:\/\/www.ccmboutique.ro\/ro\/wp-json\/wp\/v2\/media?parent=5538109"}],"wp:term":[{"taxonomy":"product_cat","embeddable":true,"href":"https:\/\/www.ccmboutique.ro\/ro\/wp-json\/wp\/v2\/product_cat?post=5538109"},{"taxonomy":"product_tag","embeddable":true,"href":"https:\/\/www.ccmboutique.ro\/ro\/wp-json\/wp\/v2\/product_tag?post=5538109"}],"curies":[{"name":"wp","href":"https:\/\/api.w.org\/{rel}","templated":true}]}}