{"id":5538011,"date":"2024-09-22T12:37:37","date_gmt":"2024-09-22T09:37:37","guid":{"rendered":"https:\/\/www.ccmboutique.ro\/shop\/blazer-arezzo-beige-python\/"},"modified":"2025-12-14T14:10:37","modified_gmt":"2025-12-14T12:10:37","slug":"arezzo-beige-python-piele-blazer","status":"publish","type":"product","link":"https:\/\/www.ccmboutique.ro\/ro\/shop\/arezzo-beige-python-piele-blazer\/","title":{"rendered":"Blazer AREZZO Beige Python"},"content":{"rendered":"","protected":false},"excerpt":{"rendered":"<p class=\"tw-data-text tw-text-large tw-ta\" dir=\"ltr\" data-placeholder=\"Traducere\" data-ved=\"2ahUKEwjw7LqEoNaIAxVEwAIHHQFRA98Q3ewLegQICxAU\" aria-label=\"Translated text: Personalized elegance: The python leather blazer with gold buttons. For the woman who wants to combine luxury with bold style, this python leather blazer is defined by impeccable details and a sophisticated texture. Accessorized with gold buttons, each detail adds a touch of sophistication and exclusivity, turning it into a unique piece. And the best part? It is made to your measurements for a perfect fit. The ideal solution for a refined and personalized look - this blazer not only accentuates your figure, but also brings a touch of luxury to your wardrobe, being perfect for business meetings or exclusive events. \ud83c\udf0d International delivery - order from anywhere and enjoy a personalized piece, created exactly for you. \ud83d\udd17 Define your style! Choose now the python leather blazer with gold buttons, tailored to your measurements and delivered anywhere in the world, to shine on every occasion! \ud83d\udcde 0040766914884 \/ 0040766914901\"><span class=\"Y2IQFc\" lang=\"en\">Pentru femeia care dore\u0219te s\u0103 combine luxul cu stilul \u00eendr\u0103zne\u021b, acest blazer din piele de piton este definit de detalii impecabile \u0219i o textur\u0103 sofisticat\u0103.<\/span><\/p>\n<p class=\"tw-data-text tw-text-large tw-ta\" dir=\"ltr\" data-placeholder=\"Traducere\" data-ved=\"2ahUKEwjw7LqEoNaIAxVEwAIHHQFRA98Q3ewLegQICxAU\" aria-label=\"Translated text: Personalized elegance: The python leather blazer with gold buttons. For the woman who wants to combine luxury with bold style, this python leather blazer is defined by impeccable details and a sophisticated texture. Accessorized with gold buttons, each detail adds a touch of sophistication and exclusivity, turning it into a unique piece. And the best part? It is made to your measurements for a perfect fit. The ideal solution for a refined and personalized look - this blazer not only accentuates your figure, but also brings a touch of luxury to your wardrobe, being perfect for business meetings or exclusive events. \ud83c\udf0d International delivery - order from anywhere and enjoy a personalized piece, created exactly for you. \ud83d\udd17 Define your style! Choose now the python leather blazer with gold buttons, tailored to your measurements and delivered anywhere in the world, to shine on every occasion! \ud83d\udcde 0040766914884 \/ 0040766914901\"><span class=\"Y2IQFc\" lang=\"en\">Accesorizat cu nasturi aurii, fiecare detaliu adaug\u0103 o not\u0103 de rafinament \u0219i exclusivitate, transform\u00e2ndu-l \u00eentr-o pies\u0103 unic\u0103. \u0218i partea cea mai bun\u0103? Este f\u0103cut conform m\u0103sur\u0103torilor tale pentru o potrivire perfect\u0103.<\/span><\/p>\n<p>Multe dintre modelele noastre sunt disponibile doar prin precomand\u0103 \u2013 create special pentru tine, nu produse \u00een serie.<\/p>\n<p>Detalii la alegere: culoare, materiale, nasturi, guler, buzunare.<\/p>\n<p>Croial\u0103 personalizat\u0103 pentru umeri, bust, talie, \u0219olduri \u0219i lungime.<\/p>\n<p>Jachetele vor fi fabricate exclusiv pentru tine.<\/p>\n<p>Odat\u0103 plasarea comenzii, piesa vestimentar\u0103 este rezervat\u0103, croit\u0103 \u0219i livrat\u0103 \u00een termen de 12-15 zile lucr\u0103toare.<\/p>\n<p>Consulta\u021bie individual\u0103 prin WhatsApp, imediat dup\u0103 plasarea comenzii.<\/p>\n<p class=\"tw-data-text tw-text-large tw-ta\" dir=\"ltr\" data-placeholder=\"Traducere\" data-ved=\"2ahUKEwjw7LqEoNaIAxVEwAIHHQFRA98Q3ewLegQICxAU\" aria-label=\"Translated text: Personalized elegance: The python leather blazer with gold buttons. For the woman who wants to combine luxury with bold style, this python leather blazer is defined by impeccable details and a sophisticated texture. Accessorized with gold buttons, each detail adds a touch of sophistication and exclusivity, turning it into a unique piece. And the best part? It is made to your measurements for a perfect fit. The ideal solution for a refined and personalized look - this blazer not only accentuates your figure, but also brings a touch of luxury to your wardrobe, being perfect for business meetings or exclusive events. \ud83c\udf0d International delivery - order from anywhere and enjoy a personalized piece, created exactly for you. \ud83d\udd17 Define your style! Choose now the python leather blazer with gold buttons, tailored to your measurements and delivered anywhere in the world, to shine on every occasion! \ud83d\udcde 0040766914884 \/ 0040766914901\"><span class=\"Y2IQFc\" lang=\"en\">Acest sacou nu doar c\u0103 \u00ee\u021bi accentueaz\u0103 silueta, ci aduce \u0219i o not\u0103 de lux garderobei tale, fiind perfect pentru \u00eent\u00e2lniri de afaceri sau evenimente exclusiviste.<\/span><\/p>\n<p class=\"tw-data-text tw-text-large tw-ta\" dir=\"ltr\" data-placeholder=\"Traducere\" data-ved=\"2ahUKEwjw7LqEoNaIAxVEwAIHHQFRA98Q3ewLegQICxAU\" aria-label=\"Translated text: Personalized elegance: The python leather blazer with gold buttons. For the woman who wants to combine luxury with bold style, this python leather blazer is defined by impeccable details and a sophisticated texture. Accessorized with gold buttons, each detail adds a touch of sophistication and exclusivity, turning it into a unique piece. And the best part? It is made to your measurements for a perfect fit. The ideal solution for a refined and personalized look - this blazer not only accentuates your figure, but also brings a touch of luxury to your wardrobe, being perfect for business meetings or exclusive events. \ud83c\udf0d International delivery - order from anywhere and enjoy a personalized piece, created exactly for you. \ud83d\udd17 Define your style! Choose now the python leather blazer with gold buttons, tailored to your measurements and delivered anywhere in the world, to shine on every occasion! \ud83d\udcde 0040766914884 \/ 0040766914901\"><span class=\"Y2IQFc\" lang=\"en\">Livrare interna\u021bional\u0103 &#8211; comand\u0103 de oriunde \u0219i bucur\u0103-te de o pies\u0103 personalizat\u0103, creat\u0103 exact pentru tine.<\/span><\/p>\n","protected":false},"featured_media":5538008,"comment_status":"closed","ping_status":"closed","template":"","meta":[],"product_cat":[444,451],"product_tag":[],"class_list":["post-5538011","product","type-product","status-publish","has-post-thumbnail","hentry","product_cat-femei-2","product_cat-jachete-din-piele-de-piton"],"acf":[],"_links":{"self":[{"href":"https:\/\/www.ccmboutique.ro\/ro\/wp-json\/wp\/v2\/product\/5538011","targetHints":{"allow":["GET"]}}],"collection":[{"href":"https:\/\/www.ccmboutique.ro\/ro\/wp-json\/wp\/v2\/product"}],"about":[{"href":"https:\/\/www.ccmboutique.ro\/ro\/wp-json\/wp\/v2\/types\/product"}],"replies":[{"embeddable":true,"href":"https:\/\/www.ccmboutique.ro\/ro\/wp-json\/wp\/v2\/comments?post=5538011"}],"version-history":[{"count":3,"href":"https:\/\/www.ccmboutique.ro\/ro\/wp-json\/wp\/v2\/product\/5538011\/revisions"}],"predecessor-version":[{"id":5542768,"href":"https:\/\/www.ccmboutique.ro\/ro\/wp-json\/wp\/v2\/product\/5538011\/revisions\/5542768"}],"wp:featuredmedia":[{"embeddable":true,"href":"https:\/\/www.ccmboutique.ro\/ro\/wp-json\/wp\/v2\/media\/5538008"}],"wp:attachment":[{"href":"https:\/\/www.ccmboutique.ro\/ro\/wp-json\/wp\/v2\/media?parent=5538011"}],"wp:term":[{"taxonomy":"product_cat","embeddable":true,"href":"https:\/\/www.ccmboutique.ro\/ro\/wp-json\/wp\/v2\/product_cat?post=5538011"},{"taxonomy":"product_tag","embeddable":true,"href":"https:\/\/www.ccmboutique.ro\/ro\/wp-json\/wp\/v2\/product_tag?post=5538011"}],"curies":[{"name":"wp","href":"https:\/\/api.w.org\/{rel}","templated":true}]}}