{"id":5537928,"date":"2024-09-20T22:49:09","date_gmt":"2024-09-20T19:49:09","guid":{"rendered":"https:\/\/www.ccmboutique.ro\/shop\/amaya-mink-trench-coat\/"},"modified":"2024-10-05T10:44:59","modified_gmt":"2024-10-05T07:44:59","slug":"amaya-mink-trench-coat","status":"publish","type":"product","link":"https:\/\/www.ccmboutique.ro\/ro\/shop\/amaya-mink-trench-coat\/","title":{"rendered":"Trench AMAYA Mink"},"content":{"rendered":"","protected":false},"excerpt":{"rendered":"<p id=\"tw-target-text\" class=\"tw-data-text tw-text-large tw-ta\" dir=\"ltr\" data-placeholder=\"Traducere\" data-ved=\"2ahUKEwjX0OvwodKIAxUMhv0HHRiDKKgQ3ewLegQICxAU\" aria-label=\"Translated text: Are you ready to face the winter in style? This long coat, with a hood accessorized with natural mink fur, is the perfect partner for the cold season. \u2744\ufe0f Waterproof and wind resistant \ud83c\udf27\ufe0f, offers you comfort and protection even in the harshest conditions! The premium zippers ensure durability, and the elegant design will make you stand out! \ud83d\uded2 Now available on order! \ud83d\udc49 Order now and be prepared for any weather challenge! \u23f3 Limited stock!ii\"><span class=\"Y2IQFc\" lang=\"en\">Sunte\u021bi gata s\u0103 \u00eenfrunta\u021bi iarna cu stil?<\/span><\/p>\n<p class=\"tw-data-text tw-text-large tw-ta\" dir=\"ltr\" data-placeholder=\"Traducere\" data-ved=\"2ahUKEwjX0OvwodKIAxUMhv0HHRiDKKgQ3ewLegQICxAU\" aria-label=\"Translated text: Are you ready to face the winter in style? This long coat, with a hood accessorized with natural mink fur, is the perfect partner for the cold season. \u2744\ufe0f Waterproof and wind resistant \ud83c\udf27\ufe0f, offers you comfort and protection even in the harshest conditions! The premium zippers ensure durability, and the elegant design will make you stand out! \ud83d\uded2 Now available on order! \ud83d\udc49 Order now and be prepared for any weather challenge! \u23f3 Limited stock!ii\"><span class=\"Y2IQFc\" lang=\"en\">Acest trench lung, cu glug\u0103 accesorizat\u0103 cu blan\u0103 natural\u0103 de nurc\u0103, este partenerul perfect pentru sezonul rece.<\/span><\/p>\n<p class=\"tw-data-text tw-text-large tw-ta\" dir=\"ltr\" data-placeholder=\"Traducere\" data-ved=\"2ahUKEwjX0OvwodKIAxUMhv0HHRiDKKgQ3ewLegQICxAU\" aria-label=\"Translated text: Are you ready to face the winter in style? This long coat, with a hood accessorized with natural mink fur, is the perfect partner for the cold season. \u2744\ufe0f Waterproof and wind resistant \ud83c\udf27\ufe0f, offers you comfort and protection even in the harshest conditions! The premium zippers ensure durability, and the elegant design will make you stand out! \ud83d\uded2 Now available on order! \ud83d\udc49 Order now and be prepared for any weather challenge! \u23f3 Limited stock!ii\"><span class=\"Y2IQFc\" lang=\"en\"> Impermeabil \u0219i rezistent la v\u00e2nt \ufe0f, v\u0103 ofer\u0103 confort \u0219i protec\u021bie chiar \u0219i \u00een cele mai dure condi\u021bii!<\/span><\/p>\n<p class=\"tw-data-text tw-text-large tw-ta\" dir=\"ltr\" data-placeholder=\"Traducere\" data-ved=\"2ahUKEwjX0OvwodKIAxUMhv0HHRiDKKgQ3ewLegQICxAU\" aria-label=\"Translated text: Are you ready to face the winter in style? This long coat, with a hood accessorized with natural mink fur, is the perfect partner for the cold season. \u2744\ufe0f Waterproof and wind resistant \ud83c\udf27\ufe0f, offers you comfort and protection even in the harshest conditions! The premium zippers ensure durability, and the elegant design will make you stand out! \ud83d\uded2 Now available on order! \ud83d\udc49 Order now and be prepared for any weather challenge! \u23f3 Limited stock!ii\"><span class=\"Y2IQFc\" lang=\"en\">Fermoarele premium asigur\u0103 durabilitatea, iar designul elegant v\u0103 va face s\u0103 ie\u0219i\u021bi \u00een eviden\u021b\u0103!<\/span><\/p>\n<p class=\"tw-data-text tw-text-large tw-ta\" dir=\"ltr\" data-placeholder=\"Traducere\" data-ved=\"2ahUKEwjX0OvwodKIAxUMhv0HHRiDKKgQ3ewLegQICxAU\" aria-label=\"Translated text: Are you ready to face the winter in style? This long coat, with a hood accessorized with natural mink fur, is the perfect partner for the cold season. \u2744\ufe0f Waterproof and wind resistant \ud83c\udf27\ufe0f, offers you comfort and protection even in the harshest conditions! The premium zippers ensure durability, and the elegant design will make you stand out! \ud83d\uded2 Now available on order! \ud83d\udc49 Order now and be prepared for any weather challenge! \u23f3 Limited stock!ii\"><span class=\"Y2IQFc\" lang=\"en\">Acum disponibil la comand\u0103! Comand\u0103 acum \u0219i fii preg\u0103tit pentru orice provocare meteorologic\u0103! \u23f3 Stoc limitat!  <\/span><\/p>\n","protected":false},"featured_media":5537919,"comment_status":"closed","ping_status":"closed","template":"","meta":[],"product_cat":[444,455],"product_tag":[],"class_list":["post-5537928","product","type-product","status-publish","has-post-thumbnail","hentry","product_cat-femei-2","product_cat-trenciuri-2"],"acf":[],"_links":{"self":[{"href":"https:\/\/www.ccmboutique.ro\/ro\/wp-json\/wp\/v2\/product\/5537928","targetHints":{"allow":["GET"]}}],"collection":[{"href":"https:\/\/www.ccmboutique.ro\/ro\/wp-json\/wp\/v2\/product"}],"about":[{"href":"https:\/\/www.ccmboutique.ro\/ro\/wp-json\/wp\/v2\/types\/product"}],"replies":[{"embeddable":true,"href":"https:\/\/www.ccmboutique.ro\/ro\/wp-json\/wp\/v2\/comments?post=5537928"}],"version-history":[{"count":2,"href":"https:\/\/www.ccmboutique.ro\/ro\/wp-json\/wp\/v2\/product\/5537928\/revisions"}],"predecessor-version":[{"id":5538607,"href":"https:\/\/www.ccmboutique.ro\/ro\/wp-json\/wp\/v2\/product\/5537928\/revisions\/5538607"}],"wp:featuredmedia":[{"embeddable":true,"href":"https:\/\/www.ccmboutique.ro\/ro\/wp-json\/wp\/v2\/media\/5537919"}],"wp:attachment":[{"href":"https:\/\/www.ccmboutique.ro\/ro\/wp-json\/wp\/v2\/media?parent=5537928"}],"wp:term":[{"taxonomy":"product_cat","embeddable":true,"href":"https:\/\/www.ccmboutique.ro\/ro\/wp-json\/wp\/v2\/product_cat?post=5537928"},{"taxonomy":"product_tag","embeddable":true,"href":"https:\/\/www.ccmboutique.ro\/ro\/wp-json\/wp\/v2\/product_tag?post=5537928"}],"curies":[{"name":"wp","href":"https:\/\/api.w.org\/{rel}","templated":true}]}}