{"id":5537902,"date":"2024-09-20T22:14:17","date_gmt":"2024-09-20T19:14:17","guid":{"rendered":"https:\/\/www.ccmboutique.ro\/shop\/palton-imperial-lynx\/"},"modified":"2024-10-05T10:53:12","modified_gmt":"2024-10-05T07:53:12","slug":"imperial-lynx-lin-coat","status":"publish","type":"product","link":"https:\/\/www.ccmboutique.ro\/ro\/shop\/imperial-lynx-lin-coat\/","title":{"rendered":"Palton Imperial LYNX"},"content":{"rendered":"","protected":false},"excerpt":{"rendered":"<p class=\"p1\">Elegan\u021b\u0103 pur\u0103, rafinament f\u0103r\u0103 compromisuri.<\/p>\n<p class=\"p1\">Acest palton din l\u00e2n\u0103 natural\u0103 100 % , accesorizat cu un guler din blan\u0103 de linx, este declara\u021bia de stil suprem\u0103 pentru acest sezon.<\/p>\n<p class=\"p1\">Perfect pentru cei care iubesc exclusivitatea.<\/p>\n<p id=\"tw-target-text\" class=\"tw-data-text tw-text-large tw-ta\" dir=\"ltr\" data-placeholder=\"Traducere\" aria-label=\"Translated text: We deliver anywhere in the world, straight to your door.\" data-ved=\"2ahUKEwjsgPbMitKIAxW0gv0HHclHCfIQ3ewLegQIARAU\"><span class=\"Y2IQFc\" lang=\"en\">Livr\u0103m oriunde \u00een lume, direct la u\u0219a dumneavoastr\u0103.<\/span><\/p>\n","protected":false},"featured_media":5537891,"comment_status":"closed","ping_status":"closed","template":"","meta":[],"product_cat":[444,449],"product_tag":[],"class_list":["post-5537902","product","type-product","status-publish","has-post-thumbnail","hentry","product_cat-femei-2","product_cat-haine-din-lana-casmir-alpaca-2"],"acf":[],"_links":{"self":[{"href":"https:\/\/www.ccmboutique.ro\/ro\/wp-json\/wp\/v2\/product\/5537902","targetHints":{"allow":["GET"]}}],"collection":[{"href":"https:\/\/www.ccmboutique.ro\/ro\/wp-json\/wp\/v2\/product"}],"about":[{"href":"https:\/\/www.ccmboutique.ro\/ro\/wp-json\/wp\/v2\/types\/product"}],"replies":[{"embeddable":true,"href":"https:\/\/www.ccmboutique.ro\/ro\/wp-json\/wp\/v2\/comments?post=5537902"}],"version-history":[{"count":1,"href":"https:\/\/www.ccmboutique.ro\/ro\/wp-json\/wp\/v2\/product\/5537902\/revisions"}],"predecessor-version":[{"id":5538610,"href":"https:\/\/www.ccmboutique.ro\/ro\/wp-json\/wp\/v2\/product\/5537902\/revisions\/5538610"}],"wp:featuredmedia":[{"embeddable":true,"href":"https:\/\/www.ccmboutique.ro\/ro\/wp-json\/wp\/v2\/media\/5537891"}],"wp:attachment":[{"href":"https:\/\/www.ccmboutique.ro\/ro\/wp-json\/wp\/v2\/media?parent=5537902"}],"wp:term":[{"taxonomy":"product_cat","embeddable":true,"href":"https:\/\/www.ccmboutique.ro\/ro\/wp-json\/wp\/v2\/product_cat?post=5537902"},{"taxonomy":"product_tag","embeddable":true,"href":"https:\/\/www.ccmboutique.ro\/ro\/wp-json\/wp\/v2\/product_tag?post=5537902"}],"curies":[{"name":"wp","href":"https:\/\/api.w.org\/{rel}","templated":true}]}}