{"id":5536771,"date":"2024-02-27T12:22:51","date_gmt":"2024-02-27T10:22:51","guid":{"rendered":"https:\/\/www.ccmboutique.ro\/shop\/jacheta-aruna-red\/"},"modified":"2024-02-27T12:22:51","modified_gmt":"2024-02-27T10:22:51","slug":"aruna-rosu-piele-jacheta-piele","status":"publish","type":"product","link":"https:\/\/www.ccmboutique.ro\/ro\/shop\/aruna-rosu-piele-jacheta-piele\/","title":{"rendered":"Jacheta ARUNA Red"},"content":{"rendered":"","protected":false},"excerpt":{"rendered":"<p class=\"p1\">Poate fi f\u0103cuta la comand\u0103 pe orice m\u0103sur\u0103 sau culoare.<\/p>\n<p class=\"p1\">Folosim doar materiale \u0219i accesorii de cea mai bun\u0103 calitate, \u00eencerc\u00e2nd mereu s\u0103 cre\u0103m idei interesante pentru a v\u0103 face stilul unic, personalizat, calitate superioar\u0103.<\/p>\n<p class=\"p1\">Pentru mai multe detalii despre culori \u0219i alte modele personalizate ne pute\u021bi contacta la nr de telefon : 0040766914884 \/ 0040766914901.<\/p>\n<p class=\"p1\">Informa\u021bii importante:<\/p>\n<p class=\"p1\">Vom avea nevoie de m\u0103sur\u0103torile dvs. exacte pentru a ne asigura c\u0103 jacheta se potrive\u0219te perfect. Dac\u0103 nu le ave\u021bi disponibile acum, v\u0103 rug\u0103m s\u0103 selecta\u021bi una dintre m\u0103rimile prestabilite ( XS, S, M, L ).<\/p>\n<p class=\"p1\">\u00cen ambele cazuri, v\u0103 vom contacta dup\u0103 ce a\u021bi finalizat comanda, pentru a ne asigura c\u0103 totul este \u00een ordine.<\/p>\n","protected":false},"featured_media":5535351,"comment_status":"closed","ping_status":"closed","template":"","meta":[],"product_cat":[444,453],"product_tag":[],"class_list":["post-5536771","product","type-product","status-publish","has-post-thumbnail","hentry","product_cat-femei-2","product_cat-jachete-din-piele-naturala"],"acf":[],"_links":{"self":[{"href":"https:\/\/www.ccmboutique.ro\/ro\/wp-json\/wp\/v2\/product\/5536771","targetHints":{"allow":["GET"]}}],"collection":[{"href":"https:\/\/www.ccmboutique.ro\/ro\/wp-json\/wp\/v2\/product"}],"about":[{"href":"https:\/\/www.ccmboutique.ro\/ro\/wp-json\/wp\/v2\/types\/product"}],"replies":[{"embeddable":true,"href":"https:\/\/www.ccmboutique.ro\/ro\/wp-json\/wp\/v2\/comments?post=5536771"}],"version-history":[{"count":0,"href":"https:\/\/www.ccmboutique.ro\/ro\/wp-json\/wp\/v2\/product\/5536771\/revisions"}],"wp:featuredmedia":[{"embeddable":true,"href":"https:\/\/www.ccmboutique.ro\/ro\/wp-json\/wp\/v2\/media\/5535351"}],"wp:attachment":[{"href":"https:\/\/www.ccmboutique.ro\/ro\/wp-json\/wp\/v2\/media?parent=5536771"}],"wp:term":[{"taxonomy":"product_cat","embeddable":true,"href":"https:\/\/www.ccmboutique.ro\/ro\/wp-json\/wp\/v2\/product_cat?post=5536771"},{"taxonomy":"product_tag","embeddable":true,"href":"https:\/\/www.ccmboutique.ro\/ro\/wp-json\/wp\/v2\/product_tag?post=5536771"}],"curies":[{"name":"wp","href":"https:\/\/api.w.org\/{rel}","templated":true}]}}