{"id":5536563,"date":"2024-03-30T12:22:32","date_gmt":"2024-03-30T10:22:32","guid":{"rendered":"https:\/\/www.ccmboutique.ro\/shop\/trench-anabella-croco-print\/"},"modified":"2024-03-30T12:22:32","modified_gmt":"2024-03-30T10:22:32","slug":"anabella-croco-print-trench-coat","status":"publish","type":"product","link":"https:\/\/www.ccmboutique.ro\/ro\/shop\/anabella-croco-print-trench-coat\/","title":{"rendered":"Trench Anabella Croco Print"},"content":{"rendered":"","protected":false},"excerpt":{"rendered":"<p>Nu vei trece neobservat\u0103 cu acest superb trench din piele natural\u0103.<\/p>\n<p>Putem realiza acest model la comand\u0103 \u00een mai multe culori, dimensiuni \u0219i lungimi diferite.<\/p>\n<p>Detaliile conteaz\u0103, calitatea inainte de orice.<\/p>\n<p>Folosim numai materiale de cea mai bun\u0103 calitate, \u00eencerc\u00e2nd mereu s\u0103 cre\u0103m idei interesante pentru a v\u0103 face stilul unic.<\/p>\n<p>Instructiuni de spalare: curatare specializata.<\/p>\n<p class=\"p1\">V\u0103 pute\u021bi bucura de un serviciu privilegiat de croitorie individual\u0103.<\/p>\n<p class=\"p1\">Jachetele vor fi fabricate exclusiv pentru dumneavoastr\u0103: de la modelul potrivit pentru silueta dumneavoastr\u0103 p\u00e2n\u0103 la tonul \u0219i textura.<\/p>\n<p class=\"p1\">Un produs exclusivist va flata silueta \u0219i va reflecta stilul t\u0103u.<\/p>\n<p class=\"p1\">Pentru un serviciu de comand\u0103 personalizat \u0219i mai multe detalii ne pute\u021bi contacta la numerele de telefon 0040766914884 \/ 0040766914901 \u0219i ve\u021bi avea produse care vor fi realizate cu meticulozitate pentru dumneavoastr\u0103.<\/p>\n","protected":false},"featured_media":5536552,"comment_status":"closed","ping_status":"closed","template":"","meta":[],"product_cat":[444,455],"product_tag":[],"class_list":["post-5536563","product","type-product","status-publish","has-post-thumbnail","hentry","product_cat-femei-2","product_cat-trenciuri-2"],"acf":[],"_links":{"self":[{"href":"https:\/\/www.ccmboutique.ro\/ro\/wp-json\/wp\/v2\/product\/5536563","targetHints":{"allow":["GET"]}}],"collection":[{"href":"https:\/\/www.ccmboutique.ro\/ro\/wp-json\/wp\/v2\/product"}],"about":[{"href":"https:\/\/www.ccmboutique.ro\/ro\/wp-json\/wp\/v2\/types\/product"}],"replies":[{"embeddable":true,"href":"https:\/\/www.ccmboutique.ro\/ro\/wp-json\/wp\/v2\/comments?post=5536563"}],"version-history":[{"count":0,"href":"https:\/\/www.ccmboutique.ro\/ro\/wp-json\/wp\/v2\/product\/5536563\/revisions"}],"wp:featuredmedia":[{"embeddable":true,"href":"https:\/\/www.ccmboutique.ro\/ro\/wp-json\/wp\/v2\/media\/5536552"}],"wp:attachment":[{"href":"https:\/\/www.ccmboutique.ro\/ro\/wp-json\/wp\/v2\/media?parent=5536563"}],"wp:term":[{"taxonomy":"product_cat","embeddable":true,"href":"https:\/\/www.ccmboutique.ro\/ro\/wp-json\/wp\/v2\/product_cat?post=5536563"},{"taxonomy":"product_tag","embeddable":true,"href":"https:\/\/www.ccmboutique.ro\/ro\/wp-json\/wp\/v2\/product_tag?post=5536563"}],"curies":[{"name":"wp","href":"https:\/\/api.w.org\/{rel}","templated":true}]}}