{"id":5536035,"date":"2024-02-29T23:31:10","date_gmt":"2024-02-29T21:31:10","guid":{"rendered":"https:\/\/www.ccmboutique.ro\/?post_type=product&#038;p=5536035"},"modified":"2024-10-02T21:40:46","modified_gmt":"2024-10-02T18:40:46","slug":"caramel-fox-fur-hat","status":"publish","type":"product","link":"https:\/\/www.ccmboutique.ro\/ro\/shop\/caramel-fox-fur-hat\/","title":{"rendered":"Caciula Din Blana De Vulpe CARAMEL"},"content":{"rendered":"","protected":false},"excerpt":{"rendered":"<p>O caciula din blan\u0103 de vulpe este un articol vestimentar elegant, cald \u0219i confortabil care nu ar trebui s\u0103 lipseasc\u0103 din garderoba niciunei femei. De\u0219i unele tendin\u021be ale modei tind s\u0103 se estompeze dup\u0103 un timp, caciulile de blan\u0103 au trecut cu succes testul timpului. O caciula din blan\u0103 natural\u0103 va ad\u0103uga stil \u0219i farmec oric\u0103rei \u021binute, fie ea elegant\u0103 sau de zi cu zi. Acest model poate fi purtat cu urechile deschise sau legat deasupra capului. <\/p>\n<p class=\"p1\">Disponibil \u00een mai multe culori.<\/p>\n<p class=\"p1\">Pentru mai multe detalii despre culori \u0219i alte modele personalizate ne pute\u021bi contacta la nr de telefon : 0040766914884 \/ 0040766914901.<\/p>\n","protected":false},"featured_media":5536044,"comment_status":"closed","ping_status":"closed","template":"","meta":[],"product_cat":[434,435],"product_tag":[],"class_list":["post-5536035","product","type-product","status-publish","has-post-thumbnail","hentry","product_cat-accesorii","product_cat-caciuli-de-blana"],"acf":[],"_links":{"self":[{"href":"https:\/\/www.ccmboutique.ro\/ro\/wp-json\/wp\/v2\/product\/5536035","targetHints":{"allow":["GET"]}}],"collection":[{"href":"https:\/\/www.ccmboutique.ro\/ro\/wp-json\/wp\/v2\/product"}],"about":[{"href":"https:\/\/www.ccmboutique.ro\/ro\/wp-json\/wp\/v2\/types\/product"}],"replies":[{"embeddable":true,"href":"https:\/\/www.ccmboutique.ro\/ro\/wp-json\/wp\/v2\/comments?post=5536035"}],"version-history":[{"count":2,"href":"https:\/\/www.ccmboutique.ro\/ro\/wp-json\/wp\/v2\/product\/5536035\/revisions"}],"predecessor-version":[{"id":5538347,"href":"https:\/\/www.ccmboutique.ro\/ro\/wp-json\/wp\/v2\/product\/5536035\/revisions\/5538347"}],"wp:featuredmedia":[{"embeddable":true,"href":"https:\/\/www.ccmboutique.ro\/ro\/wp-json\/wp\/v2\/media\/5536044"}],"wp:attachment":[{"href":"https:\/\/www.ccmboutique.ro\/ro\/wp-json\/wp\/v2\/media?parent=5536035"}],"wp:term":[{"taxonomy":"product_cat","embeddable":true,"href":"https:\/\/www.ccmboutique.ro\/ro\/wp-json\/wp\/v2\/product_cat?post=5536035"},{"taxonomy":"product_tag","embeddable":true,"href":"https:\/\/www.ccmboutique.ro\/ro\/wp-json\/wp\/v2\/product_tag?post=5536035"}],"curies":[{"name":"wp","href":"https:\/\/api.w.org\/{rel}","templated":true}]}}