{"id":5535942,"date":"2024-02-29T22:46:14","date_gmt":"2024-02-29T20:46:14","guid":{"rendered":"https:\/\/www.ccmboutique.ro\/?post_type=product&#038;p=5535942"},"modified":"2024-12-01T22:27:09","modified_gmt":"2024-12-01T20:27:09","slug":"meira-parka-jacket","status":"publish","type":"product","link":"https:\/\/www.ccmboutique.ro\/ro\/shop\/meira-parka-jacket\/","title":{"rendered":"Jacheta Parka MEIRA"},"content":{"rendered":"","protected":false},"excerpt":{"rendered":"<p><span class=\"Y2IQFc\" lang=\"en\">Alege jacheta parka care ti se potriveste si asorteaza-o cu cele mai cool tinute din dressing<\/span><\/p>\n<p class=\"tw-data-text tw-text-large tw-ta\" dir=\"ltr\" data-placeholder=\"Traducere\"><span class=\"Y2IQFc\" lang=\"en\">Acest tip de \u00eembr\u0103c\u0103minte este special conceput pentru zilele reci, fiind extrem de practic \u0219i calduros.<\/span><\/p>\n<p>Se poate realiza la comanda pe orice masura sau culoare.<\/p>\n<p class=\"tw-data-text tw-text-large tw-ta\" dir=\"ltr\" data-placeholder=\"Traducere\"><span class=\"Y2IQFc\" lang=\"en\">Fabricat dintr-un material rezistent la ap\u0103 \u0219i v\u00e2nt, blan\u0103 natural\u0103 100%.<\/span><\/p>\n<p dir=\"ltr\" data-placeholder=\"Traducere\">Pentru un serviciu de comand\u0103 personalizat \u0219i mai multe detalii ne pute\u021bi contacta la numerele de telefon 0040766914884 \/ 0040766914901 \u0219i ve\u021bi avea produse care vor fi realizate cu minu\u021biozitate pentru dvs.<\/p>\n","protected":false},"featured_media":5535967,"comment_status":"closed","ping_status":"closed","template":"","meta":[],"product_cat":[444,454],"product_tag":[],"class_list":["post-5535942","product","type-product","status-publish","has-post-thumbnail","hentry","product_cat-femei-2","product_cat-jachete-parka"],"acf":[],"_links":{"self":[{"href":"https:\/\/www.ccmboutique.ro\/ro\/wp-json\/wp\/v2\/product\/5535942","targetHints":{"allow":["GET"]}}],"collection":[{"href":"https:\/\/www.ccmboutique.ro\/ro\/wp-json\/wp\/v2\/product"}],"about":[{"href":"https:\/\/www.ccmboutique.ro\/ro\/wp-json\/wp\/v2\/types\/product"}],"replies":[{"embeddable":true,"href":"https:\/\/www.ccmboutique.ro\/ro\/wp-json\/wp\/v2\/comments?post=5535942"}],"version-history":[{"count":2,"href":"https:\/\/www.ccmboutique.ro\/ro\/wp-json\/wp\/v2\/product\/5535942\/revisions"}],"predecessor-version":[{"id":5540292,"href":"https:\/\/www.ccmboutique.ro\/ro\/wp-json\/wp\/v2\/product\/5535942\/revisions\/5540292"}],"wp:featuredmedia":[{"embeddable":true,"href":"https:\/\/www.ccmboutique.ro\/ro\/wp-json\/wp\/v2\/media\/5535967"}],"wp:attachment":[{"href":"https:\/\/www.ccmboutique.ro\/ro\/wp-json\/wp\/v2\/media?parent=5535942"}],"wp:term":[{"taxonomy":"product_cat","embeddable":true,"href":"https:\/\/www.ccmboutique.ro\/ro\/wp-json\/wp\/v2\/product_cat?post=5535942"},{"taxonomy":"product_tag","embeddable":true,"href":"https:\/\/www.ccmboutique.ro\/ro\/wp-json\/wp\/v2\/product_tag?post=5535942"}],"curies":[{"name":"wp","href":"https:\/\/api.w.org\/{rel}","templated":true}]}}