{"id":5535838,"date":"2024-02-29T22:11:27","date_gmt":"2024-02-29T20:11:27","guid":{"rendered":"https:\/\/www.ccmboutique.ro\/?post_type=product&#038;p=5535838"},"modified":"2024-02-29T22:25:46","modified_gmt":"2024-02-29T20:25:46","slug":"cojoc-shearling-bibiana","status":"publish","type":"product","link":"https:\/\/www.ccmboutique.ro\/ro\/shop\/cojoc-shearling-bibiana\/","title":{"rendered":"Cojoc Shearling BIBIANA"},"content":{"rendered":"","protected":false},"excerpt":{"rendered":"<p><span class=\"Y2IQFc\" lang=\"en\">O hain\u0103 calduroasa, rezistent\u0103 \u0219i unic\u0103. Nu trebuie sa lipseasca din garderoba nici unei femei .<\/span><\/p>\n<p class=\"p1\">O hain\u0103 rafinat\u0103 din shearling conceput\u0103 pentru a te face s\u0103 ar\u0103\u021bi fermec\u0103toare \u0219i elegant\u0103 la fiecare pas pe care \u00eel faci.<\/p>\n<p class=\"p1\">Confec\u021bionat\u0103 din piele de cea mai bun\u0103 calitate , aceast\u0103 hain\u0103 v\u0103 va scoate cu siguran\u021b\u0103 \u00een eviden\u021b\u0103 din mul\u021bime.<\/p>\n<p>Caldura imbatabila si stil luxos.<\/p>\n<p>C\u0103ldura bl\u0103nii de oaie sau shearling este doar unul dintre avantajele sale.<\/p>\n<p>Cele mai bune jachete din shearling merit\u0103 investi\u021bia.<\/p>\n<p class=\"p1\">V\u0103 pute\u021bi bucura de un serviciu privilegiat de croitorie individual\u0103.<\/p>\n<p class=\"p1\">Pentru comenzi \u0219i mai multe detalii despre culori, pre\u021buri \u0219i alte modele personalizate pute\u021bi trimite un mesaj sau suna la 0040766914884 \/ 0040766914901.<\/p>\n","protected":false},"featured_media":5535850,"comment_status":"closed","ping_status":"closed","template":"","meta":[],"product_cat":[446,444],"product_tag":[],"class_list":["post-5535838","product","type-product","status-publish","has-post-thumbnail","hentry","product_cat-cojoace-shearling","product_cat-femei-2"],"acf":[],"_links":{"self":[{"href":"https:\/\/www.ccmboutique.ro\/ro\/wp-json\/wp\/v2\/product\/5535838","targetHints":{"allow":["GET"]}}],"collection":[{"href":"https:\/\/www.ccmboutique.ro\/ro\/wp-json\/wp\/v2\/product"}],"about":[{"href":"https:\/\/www.ccmboutique.ro\/ro\/wp-json\/wp\/v2\/types\/product"}],"replies":[{"embeddable":true,"href":"https:\/\/www.ccmboutique.ro\/ro\/wp-json\/wp\/v2\/comments?post=5535838"}],"version-history":[{"count":1,"href":"https:\/\/www.ccmboutique.ro\/ro\/wp-json\/wp\/v2\/product\/5535838\/revisions"}],"predecessor-version":[{"id":5535868,"href":"https:\/\/www.ccmboutique.ro\/ro\/wp-json\/wp\/v2\/product\/5535838\/revisions\/5535868"}],"wp:featuredmedia":[{"embeddable":true,"href":"https:\/\/www.ccmboutique.ro\/ro\/wp-json\/wp\/v2\/media\/5535850"}],"wp:attachment":[{"href":"https:\/\/www.ccmboutique.ro\/ro\/wp-json\/wp\/v2\/media?parent=5535838"}],"wp:term":[{"taxonomy":"product_cat","embeddable":true,"href":"https:\/\/www.ccmboutique.ro\/ro\/wp-json\/wp\/v2\/product_cat?post=5535838"},{"taxonomy":"product_tag","embeddable":true,"href":"https:\/\/www.ccmboutique.ro\/ro\/wp-json\/wp\/v2\/product_tag?post=5535838"}],"curies":[{"name":"wp","href":"https:\/\/api.w.org\/{rel}","templated":true}]}}