{"id":5535773,"date":"2024-02-29T21:39:17","date_gmt":"2024-02-29T19:39:17","guid":{"rendered":"https:\/\/www.ccmboutique.ro\/?post_type=product&#038;p=5535773"},"modified":"2024-02-29T22:13:42","modified_gmt":"2024-02-29T20:13:42","slug":"palton-din-lana-pura-pearlie","status":"publish","type":"product","link":"https:\/\/www.ccmboutique.ro\/ro\/shop\/palton-din-lana-pura-pearlie\/","title":{"rendered":"Palton Din Lana Pura PEARLIE"},"content":{"rendered":"","protected":false},"excerpt":{"rendered":"<p>Palton clasic de lux, din l\u00e2n\u0103 pur\u0103.<\/p>\n<p>Fiecare produs este realizat manual cu l\u00e2n\u0103 \u0219i blan\u0103 100% natural\u0103.<\/p>\n<p class=\"p1\">Realizat cu m\u0103iestrie. Croiala dupa masurile clientului.<\/p>\n<p class=\"p1\">Poate fi f\u0103cut la comand\u0103 pe orice m\u0103sur\u0103, disponibil \u00een mai multe culori.<\/p>\n<p class=\"p1\">Folosim doar materiale \u0219i accesorii de cea mai bun\u0103 calitate, \u00eencerc\u00e2nd mereu s\u0103 cre\u0103m idei interesante pentru a v\u0103 face stilul unic, personalizat, calitate superioar\u0103.<\/p>\n<p class=\"p1\">Pentru m\u0103suri personalizate, putem lucra pe baz\u0103 de comand\u0103.<\/p>\n<p class=\"p1\">Pentru orice informa\u021bii suplimentare, v\u0103 st\u0103m la dispozi\u021bie <span class=\"s1\">\ud83d\udcde 0040766914884<\/span>0040766914884 \/ 0040766914901.<\/p>\n","protected":false},"featured_media":5535784,"comment_status":"closed","ping_status":"closed","template":"","meta":[],"product_cat":[444,449],"product_tag":[],"class_list":["post-5535773","product","type-product","status-publish","has-post-thumbnail","hentry","product_cat-femei-2","product_cat-haine-din-lana-casmir-alpaca-2"],"acf":[],"_links":{"self":[{"href":"https:\/\/www.ccmboutique.ro\/ro\/wp-json\/wp\/v2\/product\/5535773","targetHints":{"allow":["GET"]}}],"collection":[{"href":"https:\/\/www.ccmboutique.ro\/ro\/wp-json\/wp\/v2\/product"}],"about":[{"href":"https:\/\/www.ccmboutique.ro\/ro\/wp-json\/wp\/v2\/types\/product"}],"replies":[{"embeddable":true,"href":"https:\/\/www.ccmboutique.ro\/ro\/wp-json\/wp\/v2\/comments?post=5535773"}],"version-history":[{"count":2,"href":"https:\/\/www.ccmboutique.ro\/ro\/wp-json\/wp\/v2\/product\/5535773\/revisions"}],"predecessor-version":[{"id":5535844,"href":"https:\/\/www.ccmboutique.ro\/ro\/wp-json\/wp\/v2\/product\/5535773\/revisions\/5535844"}],"wp:featuredmedia":[{"embeddable":true,"href":"https:\/\/www.ccmboutique.ro\/ro\/wp-json\/wp\/v2\/media\/5535784"}],"wp:attachment":[{"href":"https:\/\/www.ccmboutique.ro\/ro\/wp-json\/wp\/v2\/media?parent=5535773"}],"wp:term":[{"taxonomy":"product_cat","embeddable":true,"href":"https:\/\/www.ccmboutique.ro\/ro\/wp-json\/wp\/v2\/product_cat?post=5535773"},{"taxonomy":"product_tag","embeddable":true,"href":"https:\/\/www.ccmboutique.ro\/ro\/wp-json\/wp\/v2\/product_tag?post=5535773"}],"curies":[{"name":"wp","href":"https:\/\/api.w.org\/{rel}","templated":true}]}}