{"id":5535695,"date":"2024-02-29T13:29:11","date_gmt":"2024-02-29T11:29:11","guid":{"rendered":"https:\/\/www.ccmboutique.ro\/?post_type=product&#038;p=5535695"},"modified":"2025-12-16T17:58:22","modified_gmt":"2025-12-16T15:58:22","slug":"richardine-alcantara-pelerina","status":"publish","type":"product","link":"https:\/\/www.ccmboutique.ro\/ro\/shop\/richardine-alcantara-pelerina\/","title":{"rendered":"Haina Alcantara RICHARDINE"},"content":{"rendered":"","protected":false},"excerpt":{"rendered":"<p id=\"tw-target-text\" class=\"tw-data-text tw-text-large tw-ta\" dir=\"ltr\" tabindex=\"-1\" role=\"text\" data-placeholder=\"Traducere\" data-ved=\"2ahUKEwjojPKcyr2RAxWfRv4FHTp0Hs8Q3ewLegQIDBAW\" aria-label=\"Text tradus: This coat is made of alcantara, accessorized with fox fur. Alcantara has a soft and pleasant texture to the touch, providing comfort and warmth. It is an oversized model, very trendy, offering increased comfort and freedom of movement. This style is ideal for creating relaxed and modern outfits. It is equipped with a drawstring at the waist for an elegant fit, and the closure system is made with the help of snaps. It is lined with satin and has 2 side pockets. Alcantara may require specialized cleaning, and natural fur should be cared for to preserve its appearance and texture.\"><span class=\"Y2IQFc\" lang=\"en\">Aceasta haina este confectionata din alcantara, accesorizata cu blana de vulpe.<\/span><\/p>\n<p class=\"tw-data-text tw-text-large tw-ta\" dir=\"ltr\" tabindex=\"-1\" role=\"text\" data-placeholder=\"Traducere\" data-ved=\"2ahUKEwjojPKcyr2RAxWfRv4FHTp0Hs8Q3ewLegQIDBAW\" aria-label=\"Text tradus: This coat is made of alcantara, accessorized with fox fur. Alcantara has a soft and pleasant texture to the touch, providing comfort and warmth. It is an oversized model, very trendy, offering increased comfort and freedom of movement. This style is ideal for creating relaxed and modern outfits. It is equipped with a drawstring at the waist for an elegant fit, and the closure system is made with the help of snaps. It is lined with satin and has 2 side pockets. Alcantara may require specialized cleaning, and natural fur should be cared for to preserve its appearance and texture.\"><span class=\"Y2IQFc\" lang=\"en\">Alcantara are o textur\u0103 moale \u0219i pl\u0103cut\u0103 la atingere, oferind confort \u0219i c\u0103ldur\u0103.<\/span><\/p>\n<p class=\"tw-data-text tw-text-large tw-ta\" dir=\"ltr\" tabindex=\"-1\" role=\"text\" data-placeholder=\"Traducere\" data-ved=\"2ahUKEwjojPKcyr2RAxWfRv4FHTp0Hs8Q3ewLegQIDBAW\" aria-label=\"Text tradus: This coat is made of alcantara, accessorized with fox fur. Alcantara has a soft and pleasant texture to the touch, providing comfort and warmth. It is an oversized model, very trendy, offering increased comfort and freedom of movement. This style is ideal for creating relaxed and modern outfits. It is equipped with a drawstring at the waist for an elegant fit, and the closure system is made with the help of snaps. It is lined with satin and has 2 side pockets. Alcantara may require specialized cleaning, and natural fur should be cared for to preserve its appearance and texture.\"><span class=\"Y2IQFc\" lang=\"en\">Acest stil este ideal pentru a crea \u021binute relaxate \u0219i moderne.<\/span><\/p>\n<p class=\"tw-data-text tw-text-large tw-ta\" dir=\"ltr\" tabindex=\"-1\" role=\"text\" data-placeholder=\"Traducere\" data-ved=\"2ahUKEwjojPKcyr2RAxWfRv4FHTp0Hs8Q3ewLegQIDBAW\" aria-label=\"Text tradus: This coat is made of alcantara, accessorized with fox fur. Alcantara has a soft and pleasant texture to the touch, providing comfort and warmth. It is an oversized model, very trendy, offering increased comfort and freedom of movement. This style is ideal for creating relaxed and modern outfits. It is equipped with a drawstring at the waist for an elegant fit, and the closure system is made with the help of snaps. It is lined with satin and has 2 side pockets. Alcantara may require specialized cleaning, and natural fur should be cared for to preserve its appearance and texture.\"><span class=\"Y2IQFc\" lang=\"en\">Este prevazuta cu un cordon in talie pentru o cambrare eleganta, iar sistemul de inchidere se face <br \/>cu ajutorul capselor.<\/span><\/p>\n<p class=\"tw-data-text tw-text-large tw-ta\" dir=\"ltr\" tabindex=\"-1\" role=\"text\" data-placeholder=\"Traducere\" data-ved=\"2ahUKEwjojPKcyr2RAxWfRv4FHTp0Hs8Q3ewLegQIDBAW\" aria-label=\"Text tradus: This coat is made of alcantara, accessorized with fox fur. Alcantara has a soft and pleasant texture to the touch, providing comfort and warmth. It is an oversized model, very trendy, offering increased comfort and freedom of movement. This style is ideal for creating relaxed and modern outfits. It is equipped with a drawstring at the waist for an elegant fit, and the closure system is made with the help of snaps. It is lined with satin and has 2 side pockets. Alcantara may require specialized cleaning, and natural fur should be cared for to preserve its appearance and texture.\"><span class=\"Y2IQFc\" lang=\"en\">Este captusita cu saten si dispune de 2 buzunare laterale.<\/span><\/p>\n<p class=\"tw-data-text tw-text-large tw-ta\" dir=\"ltr\" tabindex=\"-1\" role=\"text\" data-placeholder=\"Traducere\" data-ved=\"2ahUKEwjojPKcyr2RAxWfRv4FHTp0Hs8Q3ewLegQIDBAW\" aria-label=\"Text tradus: This coat is made of alcantara, accessorized with fox fur. Alcantara has a soft and pleasant texture to the touch, providing comfort and warmth. It is an oversized model, very trendy, offering increased comfort and freedom of movement. This style is ideal for creating relaxed and modern outfits. It is equipped with a drawstring at the waist for an elegant fit, and the closure system is made with the help of snaps. It is lined with satin and has 2 side pockets. Alcantara may require specialized cleaning, and natural fur should be cared for to preserve its appearance and texture.\"><span class=\"Y2IQFc\" lang=\"en\">Alcantara poate necesita o cur\u0103\u021bare specializat\u0103, iar blana natural\u0103 ar trebui \u00eengrijit\u0103 pentru a-\u0219i p\u0103stra aspectul \u0219i textura.<\/span><\/p>\n<p>Multe dintre modelele noastre sunt disponibile doar prin precomand\u0103 \u2013 create special pentru tine, nu produse \u00een serie.<\/p>\n<p>Detalii la alegere: culoare, materiale, nasturi, guler, buzunare.<\/p>\n<p>Croial\u0103 personalizat\u0103 pentru umeri, bust, talie, \u0219olduri \u0219i lungime.<\/p>\n<p>Odat\u0103 plasarea comenzii, piesa vestimentar\u0103 este rezervat\u0103, croit\u0103 \u0219i livrat\u0103 \u00een termen de 12-15 zile lucr\u0103toare.<\/p>\n<p>Consulta\u021bie individual\u0103 prin WhatsApp, imediat dup\u0103 plasarea comenzii.<\/p>\n","protected":false},"featured_media":5535709,"comment_status":"closed","ping_status":"closed","template":"","meta":[],"product_cat":[444,450],"product_tag":[],"class_list":["post-5535695","product","type-product","status-publish","has-post-thumbnail","hentry","product_cat-femei-2","product_cat-haine-din-alcantara-2"],"acf":[],"_links":{"self":[{"href":"https:\/\/www.ccmboutique.ro\/ro\/wp-json\/wp\/v2\/product\/5535695","targetHints":{"allow":["GET"]}}],"collection":[{"href":"https:\/\/www.ccmboutique.ro\/ro\/wp-json\/wp\/v2\/product"}],"about":[{"href":"https:\/\/www.ccmboutique.ro\/ro\/wp-json\/wp\/v2\/types\/product"}],"replies":[{"embeddable":true,"href":"https:\/\/www.ccmboutique.ro\/ro\/wp-json\/wp\/v2\/comments?post=5535695"}],"version-history":[{"count":3,"href":"https:\/\/www.ccmboutique.ro\/ro\/wp-json\/wp\/v2\/product\/5535695\/revisions"}],"predecessor-version":[{"id":5542881,"href":"https:\/\/www.ccmboutique.ro\/ro\/wp-json\/wp\/v2\/product\/5535695\/revisions\/5542881"}],"wp:featuredmedia":[{"embeddable":true,"href":"https:\/\/www.ccmboutique.ro\/ro\/wp-json\/wp\/v2\/media\/5535709"}],"wp:attachment":[{"href":"https:\/\/www.ccmboutique.ro\/ro\/wp-json\/wp\/v2\/media?parent=5535695"}],"wp:term":[{"taxonomy":"product_cat","embeddable":true,"href":"https:\/\/www.ccmboutique.ro\/ro\/wp-json\/wp\/v2\/product_cat?post=5535695"},{"taxonomy":"product_tag","embeddable":true,"href":"https:\/\/www.ccmboutique.ro\/ro\/wp-json\/wp\/v2\/product_tag?post=5535695"}],"curies":[{"name":"wp","href":"https:\/\/api.w.org\/{rel}","templated":true}]}}