{"id":5535672,"date":"2024-02-29T13:08:31","date_gmt":"2024-02-29T11:08:31","guid":{"rendered":"https:\/\/www.ccmboutique.ro\/?post_type=product&#038;p=5535672"},"modified":"2024-12-02T10:05:57","modified_gmt":"2024-12-02T08:05:57","slug":"aracely-black-fur-coat","status":"publish","type":"product","link":"https:\/\/www.ccmboutique.ro\/ro\/shop\/aracely-black-fur-coat\/","title":{"rendered":"Haina De Blana ARACELY Black"},"content":{"rendered":"","protected":false},"excerpt":{"rendered":"<p class=\"p1\">\u00cembr\u0103\u021bi\u0219\u0103m esen\u021ba modei de lux, oferind produse unice care transcend tendin\u021bele \u0219i rezist\u0103 \u00een timp.<\/p>\n<p class=\"p1\">Vom avea nevoie de m\u0103sur\u0103torile dvs. exacte pentru a ne asigura c\u0103 jacheta se potrive\u0219te perfect. Dac\u0103 nu le ave\u021bi disponibile acum, v\u0103 rug\u0103m s\u0103 selecta\u021bi una dintre m\u0103rimile prestabilite ( XS, S, M, L ).<\/p>\n<p class=\"p1\">Realizat cu m\u0103iestrie.<\/p>\n<p class=\"p1\">Croiala dupa masurile clientului.<\/p>\n<p class=\"p1\">\u00cen ambele cazuri, v\u0103 vom contacta dup\u0103 ce a\u021bi finalizat comanda, pentru a ne asigura c\u0103 totul este \u00een ordine.<\/p>\n<p class=\"p1\">Pentru m\u0103suri personalizate, putem lucra pe baz\u0103 de comand\u0103.<\/p>\n<p class=\"p1\">Pentru orice informa\u021bii suplimentare, suntem la dispozi\u021bia dumneavoastr\u0103 <span class=\"s1\">\ud83d\udcde 0040766914884<\/span><span class=\"Apple-converted-space\">  <\/span>\/<span class=\"Apple-converted-space\">  <\/span>0040766914901.<\/p>\n","protected":false},"featured_media":5535685,"comment_status":"closed","ping_status":"closed","template":"","meta":[],"product_cat":[444,452],"product_tag":[],"class_list":["post-5535672","product","type-product","status-publish","has-post-thumbnail","hentry","product_cat-femei-2","product_cat-haine-din-blana-2"],"acf":[],"_links":{"self":[{"href":"https:\/\/www.ccmboutique.ro\/ro\/wp-json\/wp\/v2\/product\/5535672","targetHints":{"allow":["GET"]}}],"collection":[{"href":"https:\/\/www.ccmboutique.ro\/ro\/wp-json\/wp\/v2\/product"}],"about":[{"href":"https:\/\/www.ccmboutique.ro\/ro\/wp-json\/wp\/v2\/types\/product"}],"replies":[{"embeddable":true,"href":"https:\/\/www.ccmboutique.ro\/ro\/wp-json\/wp\/v2\/comments?post=5535672"}],"version-history":[{"count":2,"href":"https:\/\/www.ccmboutique.ro\/ro\/wp-json\/wp\/v2\/product\/5535672\/revisions"}],"predecessor-version":[{"id":5540329,"href":"https:\/\/www.ccmboutique.ro\/ro\/wp-json\/wp\/v2\/product\/5535672\/revisions\/5540329"}],"wp:featuredmedia":[{"embeddable":true,"href":"https:\/\/www.ccmboutique.ro\/ro\/wp-json\/wp\/v2\/media\/5535685"}],"wp:attachment":[{"href":"https:\/\/www.ccmboutique.ro\/ro\/wp-json\/wp\/v2\/media?parent=5535672"}],"wp:term":[{"taxonomy":"product_cat","embeddable":true,"href":"https:\/\/www.ccmboutique.ro\/ro\/wp-json\/wp\/v2\/product_cat?post=5535672"},{"taxonomy":"product_tag","embeddable":true,"href":"https:\/\/www.ccmboutique.ro\/ro\/wp-json\/wp\/v2\/product_tag?post=5535672"}],"curies":[{"name":"wp","href":"https:\/\/api.w.org\/{rel}","templated":true}]}}