{"id":5535651,"date":"2024-02-29T13:01:34","date_gmt":"2024-02-29T11:01:34","guid":{"rendered":"https:\/\/www.ccmboutique.ro\/?post_type=product&#038;p=5535651"},"modified":"2024-10-28T10:06:27","modified_gmt":"2024-10-28T08:06:27","slug":"adaline-grey-frost-fur-coat","status":"publish","type":"product","link":"https:\/\/www.ccmboutique.ro\/ro\/shop\/adaline-grey-frost-fur-coat\/","title":{"rendered":"Haina De Blana ADALINE Frost"},"content":{"rendered":"","protected":false},"excerpt":{"rendered":"<p class=\"p1\">Blana natural\u0103 de vulpe frost este combinat\u0103 cu piele natural\u0103, ceea ce confer\u0103 hainei un aspect sofisticat. Acest detaliu reprezint\u0103 un echilibru perfect \u00eentre lux \u0219i confort, oferind o senza\u021bie pl\u0103cut\u0103 \u0219i cald\u0103 \u00een zilele reci.<\/p>\n<p class=\"p1\">Aceasta haina este o alegere perfect\u0103 pentru femeile care apreciaz\u0103 versatilitatea \u0219i caracterul practic \u00een mod\u0103.<\/p>\n<p class=\"p1\">Fiecare produs este realizat manual cu piele \u0219i blan\u0103 100% natural\u0103.<\/p>\n<p class=\"p1\">Poate fi f\u0103cuta la comand\u0103 pe orice m\u0103sur\u0103, disponibila \u00een mai multe culori.<\/p>\n<p class=\"p2\">Pentru m\u0103suri personalizate, putem lucra pe baz\u0103 de comand\u0103.<\/p>\n","protected":false},"featured_media":5535658,"comment_status":"closed","ping_status":"closed","template":"","meta":[],"product_cat":[444,452],"product_tag":[],"class_list":["post-5535651","product","type-product","status-publish","has-post-thumbnail","hentry","product_cat-femei-2","product_cat-haine-din-blana-2"],"acf":[],"_links":{"self":[{"href":"https:\/\/www.ccmboutique.ro\/ro\/wp-json\/wp\/v2\/product\/5535651","targetHints":{"allow":["GET"]}}],"collection":[{"href":"https:\/\/www.ccmboutique.ro\/ro\/wp-json\/wp\/v2\/product"}],"about":[{"href":"https:\/\/www.ccmboutique.ro\/ro\/wp-json\/wp\/v2\/types\/product"}],"replies":[{"embeddable":true,"href":"https:\/\/www.ccmboutique.ro\/ro\/wp-json\/wp\/v2\/comments?post=5535651"}],"version-history":[{"count":5,"href":"https:\/\/www.ccmboutique.ro\/ro\/wp-json\/wp\/v2\/product\/5535651\/revisions"}],"predecessor-version":[{"id":5539402,"href":"https:\/\/www.ccmboutique.ro\/ro\/wp-json\/wp\/v2\/product\/5535651\/revisions\/5539402"}],"wp:featuredmedia":[{"embeddable":true,"href":"https:\/\/www.ccmboutique.ro\/ro\/wp-json\/wp\/v2\/media\/5535658"}],"wp:attachment":[{"href":"https:\/\/www.ccmboutique.ro\/ro\/wp-json\/wp\/v2\/media?parent=5535651"}],"wp:term":[{"taxonomy":"product_cat","embeddable":true,"href":"https:\/\/www.ccmboutique.ro\/ro\/wp-json\/wp\/v2\/product_cat?post=5535651"},{"taxonomy":"product_tag","embeddable":true,"href":"https:\/\/www.ccmboutique.ro\/ro\/wp-json\/wp\/v2\/product_tag?post=5535651"}],"curies":[{"name":"wp","href":"https:\/\/api.w.org\/{rel}","templated":true}]}}