{"id":5535443,"date":"2024-02-27T17:37:20","date_gmt":"2024-02-27T15:37:20","guid":{"rendered":"https:\/\/www.ccmboutique.ro\/?post_type=product&#038;p=5535443"},"modified":"2025-12-14T15:52:32","modified_gmt":"2025-12-14T13:52:32","slug":"melina-brown-python-leather-trench-coat","status":"publish","type":"product","link":"https:\/\/www.ccmboutique.ro\/ro\/shop\/melina-brown-python-leather-trench-coat\/","title":{"rendered":"Palton MELINA Brown Python"},"content":{"rendered":"","protected":false},"excerpt":{"rendered":"<p class=\"p1\">Un trench rafinat, lucrat manual, din piele exotic\u0103 de piton autentic, conceput pentru a te face s\u0103 ar\u0103\u021bi glamouroas\u0103 \u0219i elegant\u0103 la fiecare pas.<\/p>\n<p class=\"p1\">Confec\u021bionat din piele de piton de cea mai bun\u0103 calitate, aceasta haina te va face cu siguran\u021b\u0103 s\u0103 ie\u0219i \u00een eviden\u021b\u0103.<\/p>\n<p class=\"p1\">Fabricat din piele de piton de cea mai bun\u0103 calitate, acest trench va face ca fiecare zi \u00een care \u00eel purta\u021bi s\u0103 fie cu adev\u0103rat special\u0103.<\/p>\n<p class=\"p1\">Este un must have pentru garderoba ta \u0219i o op\u021biune uimitoare pentru dulapul t\u0103u.<\/p>\n<p>Multe dintre modelele noastre sunt disponibile doar prin precomand\u0103 \u2013 create special pentru tine, nu produse \u00een serie.<\/p>\n<p>Detalii la alegere: culoare, materiale, nasturi, guler, buzunare.<\/p>\n<p>Croial\u0103 personalizat\u0103 pentru umeri, bust, talie, \u0219olduri \u0219i lungime.<\/p>\n<p>Jachetele vor fi fabricate exclusiv pentru tine.<\/p>\n<p>Odat\u0103 plasarea comenzii, piesa vestimentar\u0103 este rezervat\u0103, croit\u0103 \u0219i livrat\u0103 \u00een termen de 12-15 zile lucr\u0103toare.<\/p>\n<p>Consulta\u021bie individual\u0103 prin WhatsApp, imediat dup\u0103 plasarea comenzii.<\/p>\n","protected":false},"featured_media":5535454,"comment_status":"closed","ping_status":"closed","template":"","meta":[],"product_cat":[444,451],"product_tag":[],"class_list":["post-5535443","product","type-product","status-publish","has-post-thumbnail","hentry","product_cat-femei-2","product_cat-jachete-din-piele-de-piton"],"acf":[],"_links":{"self":[{"href":"https:\/\/www.ccmboutique.ro\/ro\/wp-json\/wp\/v2\/product\/5535443","targetHints":{"allow":["GET"]}}],"collection":[{"href":"https:\/\/www.ccmboutique.ro\/ro\/wp-json\/wp\/v2\/product"}],"about":[{"href":"https:\/\/www.ccmboutique.ro\/ro\/wp-json\/wp\/v2\/types\/product"}],"replies":[{"embeddable":true,"href":"https:\/\/www.ccmboutique.ro\/ro\/wp-json\/wp\/v2\/comments?post=5535443"}],"version-history":[{"count":4,"href":"https:\/\/www.ccmboutique.ro\/ro\/wp-json\/wp\/v2\/product\/5535443\/revisions"}],"predecessor-version":[{"id":5542827,"href":"https:\/\/www.ccmboutique.ro\/ro\/wp-json\/wp\/v2\/product\/5535443\/revisions\/5542827"}],"wp:featuredmedia":[{"embeddable":true,"href":"https:\/\/www.ccmboutique.ro\/ro\/wp-json\/wp\/v2\/media\/5535454"}],"wp:attachment":[{"href":"https:\/\/www.ccmboutique.ro\/ro\/wp-json\/wp\/v2\/media?parent=5535443"}],"wp:term":[{"taxonomy":"product_cat","embeddable":true,"href":"https:\/\/www.ccmboutique.ro\/ro\/wp-json\/wp\/v2\/product_cat?post=5535443"},{"taxonomy":"product_tag","embeddable":true,"href":"https:\/\/www.ccmboutique.ro\/ro\/wp-json\/wp\/v2\/product_tag?post=5535443"}],"curies":[{"name":"wp","href":"https:\/\/api.w.org\/{rel}","templated":true}]}}