{"id":23843,"date":"2023-10-13T15:18:25","date_gmt":"2023-10-13T12:18:25","guid":{"rendered":"https:\/\/www.ccmboutique.ro\/?post_type=product&#038;p=23843"},"modified":"2024-12-02T10:18:20","modified_gmt":"2024-12-02T08:18:20","slug":"lucy-white-fur-coat","status":"publish","type":"product","link":"https:\/\/www.ccmboutique.ro\/ro\/shop\/lucy-white-fur-coat\/","title":{"rendered":"Haina De Blana LUCY White"},"content":{"rendered":"","protected":false},"excerpt":{"rendered":"<p class=\"p1\">Poate fi f\u0103cuta la comand\u0103 pe orice m\u0103sur\u0103 sau culoare.<\/p>\n<p class=\"p1\">Folosim numai materiale \u0219i accesorii de cea mai bun\u0103 calitate, \u00eencerc\u00e2nd mereu s\u0103 cre\u0103m idei interesante pentru a v\u0103 face stilul unic, personalizat, calitate premium.<\/p>\n<p class=\"p1\">Pentru mai multe detalii despre culori \u0219i alte modele personalizate ne pute\u021bi contacta la nr de telefon : 0040766914884 \/ 0040766914901.<\/p>\n<p class=\"p1\">Informa\u021bii importante:<\/p>\n<p class=\"p1\">Vom avea nevoie de m\u0103sur\u0103torile dvs. exacte pentru a ne asigura c\u0103 jacheta se potrive\u0219te perfect. Dac\u0103 nu le ave\u021bi disponibile acum, v\u0103 rug\u0103m s\u0103 selecta\u021bi una dintre m\u0103rimile prestabilite ( XS, S, M, L ).<\/p>\n<p class=\"p1\">\u00cen ambele cazuri, v\u0103 vom contacta dup\u0103 ce a\u021bi finalizat comanda, pentru a ne asigura c\u0103 totul este \u00een ordine.<\/p>\n","protected":false},"featured_media":5535279,"comment_status":"closed","ping_status":"closed","template":"","meta":[],"product_cat":[444,452],"product_tag":[],"class_list":["post-23843","product","type-product","status-publish","has-post-thumbnail","hentry","product_cat-femei-2","product_cat-haine-din-blana-2"],"acf":[],"_links":{"self":[{"href":"https:\/\/www.ccmboutique.ro\/ro\/wp-json\/wp\/v2\/product\/23843","targetHints":{"allow":["GET"]}}],"collection":[{"href":"https:\/\/www.ccmboutique.ro\/ro\/wp-json\/wp\/v2\/product"}],"about":[{"href":"https:\/\/www.ccmboutique.ro\/ro\/wp-json\/wp\/v2\/types\/product"}],"replies":[{"embeddable":true,"href":"https:\/\/www.ccmboutique.ro\/ro\/wp-json\/wp\/v2\/comments?post=23843"}],"version-history":[{"count":3,"href":"https:\/\/www.ccmboutique.ro\/ro\/wp-json\/wp\/v2\/product\/23843\/revisions"}],"predecessor-version":[{"id":5540334,"href":"https:\/\/www.ccmboutique.ro\/ro\/wp-json\/wp\/v2\/product\/23843\/revisions\/5540334"}],"wp:featuredmedia":[{"embeddable":true,"href":"https:\/\/www.ccmboutique.ro\/ro\/wp-json\/wp\/v2\/media\/5535279"}],"wp:attachment":[{"href":"https:\/\/www.ccmboutique.ro\/ro\/wp-json\/wp\/v2\/media?parent=23843"}],"wp:term":[{"taxonomy":"product_cat","embeddable":true,"href":"https:\/\/www.ccmboutique.ro\/ro\/wp-json\/wp\/v2\/product_cat?post=23843"},{"taxonomy":"product_tag","embeddable":true,"href":"https:\/\/www.ccmboutique.ro\/ro\/wp-json\/wp\/v2\/product_tag?post=23843"}],"curies":[{"name":"wp","href":"https:\/\/api.w.org\/{rel}","templated":true}]}}