{"id":23824,"date":"2023-10-13T15:03:24","date_gmt":"2023-10-13T12:03:24","guid":{"rendered":"https:\/\/www.ccmboutique.ro\/?post_type=product&#038;p=23824"},"modified":"2024-02-20T16:58:16","modified_gmt":"2024-02-20T14:58:16","slug":"fabiola-negru-purpuriu-coat","status":"publish","type":"product","link":"https:\/\/www.ccmboutique.ro\/ro\/shop\/fabiola-negru-purpuriu-coat\/","title":{"rendered":"Haina Din Blana De Vulpe Neagra FABIOLA"},"content":{"rendered":"","protected":false},"excerpt":{"rendered":"<p class=\"p1\">\u00cembr\u0103\u021bi\u0219\u0103m esen\u021ba modei de lux, oferind produse unice care transcend tendin\u021bele \u0219i rezist\u0103 \u00een timp.<\/p>\n<p class=\"p1\">Vom avea nevoie de m\u0103surile dvs. exacte pentru a ne asigura c\u0103 jacheta dvs. se potrive\u0219te perfect. Dac\u0103 nu le ave\u021bi disponibile acum, v\u0103 rug\u0103m s\u0103 selecta\u021bi una dintre m\u0103rimile prestabilite (S, M, L, etc.).<\/p>\n<p class=\"p1\">\u00cen ambele cazuri, v\u0103 vom contacta dup\u0103 ce a\u021bi finalizat comanda, pentru a ne asigura c\u0103 totul este \u00een ordine.<\/p>\n","protected":false},"featured_media":5535278,"comment_status":"closed","ping_status":"closed","template":"","meta":[],"product_cat":[444,452],"product_tag":[],"class_list":["post-23824","product","type-product","status-publish","has-post-thumbnail","hentry","product_cat-femei-2","product_cat-haine-din-blana-2"],"acf":[],"_links":{"self":[{"href":"https:\/\/www.ccmboutique.ro\/ro\/wp-json\/wp\/v2\/product\/23824","targetHints":{"allow":["GET"]}}],"collection":[{"href":"https:\/\/www.ccmboutique.ro\/ro\/wp-json\/wp\/v2\/product"}],"about":[{"href":"https:\/\/www.ccmboutique.ro\/ro\/wp-json\/wp\/v2\/types\/product"}],"replies":[{"embeddable":true,"href":"https:\/\/www.ccmboutique.ro\/ro\/wp-json\/wp\/v2\/comments?post=23824"}],"version-history":[{"count":1,"href":"https:\/\/www.ccmboutique.ro\/ro\/wp-json\/wp\/v2\/product\/23824\/revisions"}],"predecessor-version":[{"id":5527940,"href":"https:\/\/www.ccmboutique.ro\/ro\/wp-json\/wp\/v2\/product\/23824\/revisions\/5527940"}],"wp:featuredmedia":[{"embeddable":true,"href":"https:\/\/www.ccmboutique.ro\/ro\/wp-json\/wp\/v2\/media\/5535278"}],"wp:attachment":[{"href":"https:\/\/www.ccmboutique.ro\/ro\/wp-json\/wp\/v2\/media?parent=23824"}],"wp:term":[{"taxonomy":"product_cat","embeddable":true,"href":"https:\/\/www.ccmboutique.ro\/ro\/wp-json\/wp\/v2\/product_cat?post=23824"},{"taxonomy":"product_tag","embeddable":true,"href":"https:\/\/www.ccmboutique.ro\/ro\/wp-json\/wp\/v2\/product_tag?post=23824"}],"curies":[{"name":"wp","href":"https:\/\/api.w.org\/{rel}","templated":true}]}}