{"id":23808,"date":"2023-10-13T00:11:06","date_gmt":"2023-10-12T21:11:06","guid":{"rendered":"https:\/\/www.ccmboutique.ro\/?post_type=product&#038;p=23808"},"modified":"2025-12-14T14:17:10","modified_gmt":"2025-12-14T12:17:10","slug":"jordyn-black-python-coat","status":"publish","type":"product","link":"https:\/\/www.ccmboutique.ro\/ro\/shop\/jordyn-black-python-coat\/","title":{"rendered":"Jacheta JORDYN Python"},"content":{"rendered":"","protected":false},"excerpt":{"rendered":"<p class=\"p1\">O hain\u0103 rafinat\u0103 din piele de piton autentic\u0103, exotic\u0103, lucrat\u0103 manual, conceput\u0103 pentru a te face s\u0103 ar\u0103\u021bi plin\u0103 de farmec \u0219i stil la fiecare pas.<\/p>\n<p class=\"p1\">Confec\u021bionat din piele de piton de cea mai bun\u0103 calitate, aceasta haina te va face cu siguran\u021b\u0103 s\u0103 ie\u0219i \u00een eviden\u021b\u0103.<\/p>\n<p class=\"p1\">Confec\u021bionat\u0103 din piele de piton de cea mai bun\u0103 calitate, aceast\u0103 hain\u0103 va face ca orice zi \u00een care o por\u021bi s\u0103 fie cu adev\u0103rat special\u0103, put\u00e2nd fi purtat\u0103 \u00een mai multe feluri.<\/p>\n<p class=\"p1\">Este un must have pentru garderoba ta \u0219i o op\u021biune uimitoare pentru dulapul t\u0103u.<\/p>\n<p>Multe dintre modelele noastre sunt disponibile doar prin precomand\u0103 \u2013 create special pentru tine, nu produse \u00een serie.<\/p>\n<p>Detalii la alegere: culoare, materiale, nasturi, guler, buzunare.<\/p>\n<p>Croial\u0103 personalizat\u0103 pentru umeri, bust, talie, \u0219olduri \u0219i lungime.<\/p>\n<p>Jachetele vor fi fabricate exclusiv pentru tine.<\/p>\n<p>Odat\u0103 plasarea comenzii, piesa vestimentar\u0103 este rezervat\u0103, croit\u0103 \u0219i livrat\u0103 \u00een termen de 12-15 zile lucr\u0103toare.<\/p>\n<p>Consulta\u021bie individual\u0103 prin WhatsApp, imediat dup\u0103 plasarea comenzii.<\/p>\n","protected":false},"featured_media":5535271,"comment_status":"closed","ping_status":"closed","template":"","meta":[],"product_cat":[444,451],"product_tag":[],"class_list":["post-23808","product","type-product","status-publish","has-post-thumbnail","hentry","product_cat-femei-2","product_cat-jachete-din-piele-de-piton"],"acf":[],"_links":{"self":[{"href":"https:\/\/www.ccmboutique.ro\/ro\/wp-json\/wp\/v2\/product\/23808","targetHints":{"allow":["GET"]}}],"collection":[{"href":"https:\/\/www.ccmboutique.ro\/ro\/wp-json\/wp\/v2\/product"}],"about":[{"href":"https:\/\/www.ccmboutique.ro\/ro\/wp-json\/wp\/v2\/types\/product"}],"replies":[{"embeddable":true,"href":"https:\/\/www.ccmboutique.ro\/ro\/wp-json\/wp\/v2\/comments?post=23808"}],"version-history":[{"count":2,"href":"https:\/\/www.ccmboutique.ro\/ro\/wp-json\/wp\/v2\/product\/23808\/revisions"}],"predecessor-version":[{"id":5542771,"href":"https:\/\/www.ccmboutique.ro\/ro\/wp-json\/wp\/v2\/product\/23808\/revisions\/5542771"}],"wp:featuredmedia":[{"embeddable":true,"href":"https:\/\/www.ccmboutique.ro\/ro\/wp-json\/wp\/v2\/media\/5535271"}],"wp:attachment":[{"href":"https:\/\/www.ccmboutique.ro\/ro\/wp-json\/wp\/v2\/media?parent=23808"}],"wp:term":[{"taxonomy":"product_cat","embeddable":true,"href":"https:\/\/www.ccmboutique.ro\/ro\/wp-json\/wp\/v2\/product_cat?post=23808"},{"taxonomy":"product_tag","embeddable":true,"href":"https:\/\/www.ccmboutique.ro\/ro\/wp-json\/wp\/v2\/product_tag?post=23808"}],"curies":[{"name":"wp","href":"https:\/\/api.w.org\/{rel}","templated":true}]}}