{"id":23769,"date":"2023-10-11T17:11:55","date_gmt":"2023-10-11T14:11:55","guid":{"rendered":"https:\/\/www.ccmboutique.ro\/?post_type=product&#038;p=23769"},"modified":"2024-02-20T16:58:00","modified_gmt":"2024-02-20T14:58:00","slug":"ambra-negru-piele-neagra-blazer-blazer","status":"publish","type":"product","link":"https:\/\/www.ccmboutique.ro\/ro\/shop\/ambra-negru-piele-neagra-blazer-blazer\/","title":{"rendered":"Sacou AMBRA"},"content":{"rendered":"","protected":false},"excerpt":{"rendered":"<p>Sacou din piele de miel, culoare neagr\u0103.<\/p>\n<p class=\"p2\">Poate fi f\u0103cut la comand\u0103 pe orice m\u0103sur\u0103 sau culoare.<\/p>\n<p class=\"p2\">Folosim numai materiale \u0219i accesorii de cea mai bun\u0103 calitate, \u00eencerc\u00e2nd mereu s\u0103 cre\u0103m idei interesante pentru a v\u0103 face stilul unic, personalizat, de calitate premium.<\/p>\n<p class=\"p2\">Pentru comenzi \u0219i mai multe detalii despre culori, pre\u021buri \u0219i alte modele personalizate pute\u021bi trimite un mesaj sau suna la 0040766914884 \/ 0040766914901.<\/p>\n<p class=\"p1\">Informa\u021bii importante:<\/p>\n<p class=\"p1\">Vom avea nevoie de m\u0103sur\u0103torile dvs. exacte pentru a ne asigura c\u0103 jacheta dvs. se potrive\u0219te perfect. Dac\u0103 nu le ave\u021bi disponibile acum, v\u0103 rug\u0103m s\u0103 selecta\u021bi una dintre m\u0103rimile prestabilite (S, M, L, etc.).<\/p>\n<p class=\"p1\">\u00cen ambele cazuri, v\u0103 vom contacta dup\u0103 ce a\u021bi finalizat comanda, pentru a ne asigura c\u0103 totul este \u00een ordine.<\/p>\n","protected":false},"featured_media":5535261,"comment_status":"closed","ping_status":"closed","template":"","meta":[],"product_cat":[444,453],"product_tag":[],"class_list":["post-23769","product","type-product","status-publish","has-post-thumbnail","hentry","product_cat-femei-2","product_cat-jachete-din-piele-naturala"],"acf":[],"_links":{"self":[{"href":"https:\/\/www.ccmboutique.ro\/ro\/wp-json\/wp\/v2\/product\/23769","targetHints":{"allow":["GET"]}}],"collection":[{"href":"https:\/\/www.ccmboutique.ro\/ro\/wp-json\/wp\/v2\/product"}],"about":[{"href":"https:\/\/www.ccmboutique.ro\/ro\/wp-json\/wp\/v2\/types\/product"}],"replies":[{"embeddable":true,"href":"https:\/\/www.ccmboutique.ro\/ro\/wp-json\/wp\/v2\/comments?post=23769"}],"version-history":[{"count":1,"href":"https:\/\/www.ccmboutique.ro\/ro\/wp-json\/wp\/v2\/product\/23769\/revisions"}],"predecessor-version":[{"id":5527929,"href":"https:\/\/www.ccmboutique.ro\/ro\/wp-json\/wp\/v2\/product\/23769\/revisions\/5527929"}],"wp:featuredmedia":[{"embeddable":true,"href":"https:\/\/www.ccmboutique.ro\/ro\/wp-json\/wp\/v2\/media\/5535261"}],"wp:attachment":[{"href":"https:\/\/www.ccmboutique.ro\/ro\/wp-json\/wp\/v2\/media?parent=23769"}],"wp:term":[{"taxonomy":"product_cat","embeddable":true,"href":"https:\/\/www.ccmboutique.ro\/ro\/wp-json\/wp\/v2\/product_cat?post=23769"},{"taxonomy":"product_tag","embeddable":true,"href":"https:\/\/www.ccmboutique.ro\/ro\/wp-json\/wp\/v2\/product_tag?post=23769"}],"curies":[{"name":"wp","href":"https:\/\/api.w.org\/{rel}","templated":true}]}}