{"id":23720,"date":"2023-10-10T10:29:43","date_gmt":"2023-10-10T07:29:43","guid":{"rendered":"https:\/\/www.ccmboutique.ro\/?post_type=product&#038;p=23720"},"modified":"2025-10-11T14:37:04","modified_gmt":"2025-10-11T11:37:04","slug":"amedea-mate-studded-jacket","status":"publish","type":"product","link":"https:\/\/www.ccmboutique.ro\/ro\/shop\/amedea-mate-studded-jacket\/","title":{"rendered":"Jachet\u0103 AMEDEA"},"content":{"rendered":"<p class=\"p1\">U\u0219or de purtat. U\u0219or de stilizat. U\u0219or de asortat. Perfecta pentru orice ocazie.<\/p>\n<p class=\"p1\">\u00cembr\u0103c\u0103minte din piele \u0219i accesorii confec\u021bionate \u00een atelierul nostru.<\/p>\n<p class=\"p1\">Fiecare produs este realizat manual din piele 100% naturala.<\/p>\n<p class=\"p1\">Pentru comenzi \u0219i mai multe detalii despre culori, pre\u021buri \u0219i alte modele personalizate pute\u021bi trimite un mesaj sau suna la 0040766914884 \/ 0040766914901<\/p>\n","protected":false},"excerpt":{"rendered":"<p id=\"tw-target-text\" class=\"tw-data-text tw-text-large tw-ta\" dir=\"ltr\" tabindex=\"-1\" role=\"text\" data-placeholder=\"Traducere\" data-ved=\"2ahUKEwiOw7TzhZyQAxWXgP0HHWYVCz4Q3ewLegQICxAV\" aria-label=\"Text tradus: Are you looking for a genuine leather jacket that fits you perfectly? Our genuine leather jackets are customized exactly to your unique dimensions. Whether you have large breasts and a small waist, or a different arm length than the standard one, we guarantee you a perfectly tailored garment that will provide you with the comfort and style you desire. Each garment is handmade, with special attention to detail and impeccable quality. Have you worn a genuine leather jacket created especially for you? International delivery available \u2013 no matter where you are, luxury and style know no borders. You can enjoy this exclusive piece anywhere in the world. \ud83d\udcde 0040766914884 \/ 0040766914901\"><span class=\"Y2IQFc\" lang=\"en\">Cauti o geaca din piele naturala care sa iti vina perfect pe masura ta ?<\/span><\/p>\n<p class=\"tw-data-text tw-text-large tw-ta\" dir=\"ltr\" tabindex=\"-1\" role=\"text\" data-placeholder=\"Traducere\" data-ved=\"2ahUKEwiOw7TzhZyQAxWXgP0HHWYVCz4Q3ewLegQICxAV\" aria-label=\"Text tradus: Are you looking for a genuine leather jacket that fits you perfectly? Our genuine leather jackets are customized exactly to your unique dimensions. Whether you have large breasts and a small waist, or a different arm length than the standard one, we guarantee you a perfectly tailored garment that will provide you with the comfort and style you desire. Each garment is handmade, with special attention to detail and impeccable quality. Have you worn a genuine leather jacket created especially for you? International delivery available \u2013 no matter where you are, luxury and style know no borders. You can enjoy this exclusive piece anywhere in the world. \ud83d\udcde 0040766914884 \/ 0040766914901\"><span class=\"Y2IQFc\" lang=\"en\">Gecile noastre din piele naturala sunt personalizate exact pe dimensiunile tale.<\/span><\/p>\n<p class=\"tw-data-text tw-text-large tw-ta\" dir=\"ltr\" tabindex=\"-1\" role=\"text\" data-placeholder=\"Traducere\" data-ved=\"2ahUKEwiOw7TzhZyQAxWXgP0HHWYVCz4Q3ewLegQICxAV\" aria-label=\"Text tradus: Are you looking for a genuine leather jacket that fits you perfectly? Our genuine leather jackets are customized exactly to your unique dimensions. Whether you have large breasts and a small waist, or a different arm length than the standard one, we guarantee you a perfectly tailored garment that will provide you with the comfort and style you desire. Each garment is handmade, with special attention to detail and impeccable quality. Have you worn a genuine leather jacket created especially for you? International delivery available \u2013 no matter where you are, luxury and style know no borders. You can enjoy this exclusive piece anywhere in the world. \ud83d\udcde 0040766914884 \/ 0040766914901\"><span class=\"Y2IQFc\" lang=\"en\">Indiferent daca ai sanii mari \u0219i talia mica, lungimea mainilor diferita de cea standard, noi iti garantam o haina perfect adaptata, care sa iti ofere confortul \u0219i stilul dorit.<\/span><\/p>\n<p class=\"tw-data-text tw-text-large tw-ta\" dir=\"ltr\" tabindex=\"-1\" role=\"text\" data-placeholder=\"Traducere\" data-ved=\"2ahUKEwiOw7TzhZyQAxWXgP0HHWYVCz4Q3ewLegQICxAV\" aria-label=\"Text tradus: Are you looking for a genuine leather jacket that fits you perfectly? Our genuine leather jackets are customized exactly to your unique dimensions. Whether you have large breasts and a small waist, or a different arm length than the standard one, we guarantee you a perfectly tailored garment that will provide you with the comfort and style you desire. Each garment is handmade, with special attention to detail and impeccable quality. Have you worn a genuine leather jacket created especially for you? International delivery available \u2013 no matter where you are, luxury and style know no borders. You can enjoy this exclusive piece anywhere in the world. \ud83d\udcde 0040766914884 \/ 0040766914901\"><span class=\"Y2IQFc\" lang=\"en\">Fiecare haina este lucrata manual, cu o atentie deosebit\u0103 la detalii \u0219i calitate impecabila.<\/span><\/p>\n<p class=\"tw-data-text tw-text-large tw-ta\" dir=\"ltr\" tabindex=\"-1\" role=\"text\" data-placeholder=\"Traducere\" data-ved=\"2ahUKEwiOw7TzhZyQAxWXgP0HHWYVCz4Q3ewLegQICxAV\" aria-label=\"Text tradus: Are you looking for a genuine leather jacket that fits you perfectly? Our genuine leather jackets are customized exactly to your unique dimensions. Whether you have large breasts and a small waist, or a different arm length than the standard one, we guarantee you a perfectly tailored garment that will provide you with the comfort and style you desire. Each garment is handmade, with special attention to detail and impeccable quality. Have you worn a genuine leather jacket created especially for you? International delivery available \u2013 no matter where you are, luxury and style know no borders. You can enjoy this exclusive piece anywhere in the world. \ud83d\udcde 0040766914884 \/ 0040766914901\"><span class=\"Y2IQFc\" lang=\"en\">Tu ai purtat o geaca din piele naturala creata special pentru tine ?<\/span><\/p>\n<p class=\"tw-data-text tw-text-large tw-ta\" dir=\"ltr\" tabindex=\"-1\" role=\"text\" data-placeholder=\"Traducere\" data-ved=\"2ahUKEwiOw7TzhZyQAxWXgP0HHWYVCz4Q3ewLegQICxAV\" aria-label=\"Text tradus: Are you looking for a genuine leather jacket that fits you perfectly? Our genuine leather jackets are customized exactly to your unique dimensions. Whether you have large breasts and a small waist, or a different arm length than the standard one, we guarantee you a perfectly tailored garment that will provide you with the comfort and style you desire. Each garment is handmade, with special attention to detail and impeccable quality. Have you worn a genuine leather jacket created especially for you? International delivery available \u2013 no matter where you are, luxury and style know no borders. You can enjoy this exclusive piece anywhere in the world. \ud83d\udcde 0040766914884 \/ 0040766914901\"><span class=\"Y2IQFc\" lang=\"en\">Livrare interna\u021bionala disponibila \u2013 indiferent unde te afli, luxul si stilul nu cunosc granite.<\/span><\/p>\n<p class=\"tw-data-text tw-text-large tw-ta\" dir=\"ltr\" tabindex=\"-1\" role=\"text\" data-placeholder=\"Traducere\" data-ved=\"2ahUKEwiOw7TzhZyQAxWXgP0HHWYVCz4Q3ewLegQICxAV\" aria-label=\"Text tradus: Are you looking for a genuine leather jacket that fits you perfectly? Our genuine leather jackets are customized exactly to your unique dimensions. Whether you have large breasts and a small waist, or a different arm length than the standard one, we guarantee you a perfectly tailored garment that will provide you with the comfort and style you desire. Each garment is handmade, with special attention to detail and impeccable quality. Have you worn a genuine leather jacket created especially for you? International delivery available \u2013 no matter where you are, luxury and style know no borders. You can enjoy this exclusive piece anywhere in the world. \ud83d\udcde 0040766914884 \/ 0040766914901\"><span class=\"Y2IQFc\" lang=\"en\">Te poti bucura de aceasta piesa exclusiva oriunde in lume.<\/span><\/p>\n","protected":false},"featured_media":5535208,"comment_status":"closed","ping_status":"closed","template":"","meta":[],"product_cat":[444,453],"product_tag":[],"class_list":["post-23720","product","type-product","status-publish","has-post-thumbnail","hentry","product_cat-femei-2","product_cat-jachete-din-piele-naturala"],"acf":[],"_links":{"self":[{"href":"https:\/\/www.ccmboutique.ro\/ro\/wp-json\/wp\/v2\/product\/23720","targetHints":{"allow":["GET"]}}],"collection":[{"href":"https:\/\/www.ccmboutique.ro\/ro\/wp-json\/wp\/v2\/product"}],"about":[{"href":"https:\/\/www.ccmboutique.ro\/ro\/wp-json\/wp\/v2\/types\/product"}],"replies":[{"embeddable":true,"href":"https:\/\/www.ccmboutique.ro\/ro\/wp-json\/wp\/v2\/comments?post=23720"}],"version-history":[{"count":2,"href":"https:\/\/www.ccmboutique.ro\/ro\/wp-json\/wp\/v2\/product\/23720\/revisions"}],"predecessor-version":[{"id":5541928,"href":"https:\/\/www.ccmboutique.ro\/ro\/wp-json\/wp\/v2\/product\/23720\/revisions\/5541928"}],"wp:featuredmedia":[{"embeddable":true,"href":"https:\/\/www.ccmboutique.ro\/ro\/wp-json\/wp\/v2\/media\/5535208"}],"wp:attachment":[{"href":"https:\/\/www.ccmboutique.ro\/ro\/wp-json\/wp\/v2\/media?parent=23720"}],"wp:term":[{"taxonomy":"product_cat","embeddable":true,"href":"https:\/\/www.ccmboutique.ro\/ro\/wp-json\/wp\/v2\/product_cat?post=23720"},{"taxonomy":"product_tag","embeddable":true,"href":"https:\/\/www.ccmboutique.ro\/ro\/wp-json\/wp\/v2\/product_tag?post=23720"}],"curies":[{"name":"wp","href":"https:\/\/api.w.org\/{rel}","templated":true}]}}