{"id":23539,"date":"2023-10-05T15:09:54","date_gmt":"2023-10-05T12:09:54","guid":{"rendered":"https:\/\/www.ccmboutique.ro\/?post_type=product&#038;p=23539"},"modified":"2024-10-03T09:06:14","modified_gmt":"2024-10-03T06:06:14","slug":"devy-powder-pink-bomber-jacket","status":"publish","type":"product","link":"https:\/\/www.ccmboutique.ro\/ro\/shop\/devy-powder-pink-bomber-jacket\/","title":{"rendered":"Jachet\u0103 Bomber DEVY"},"content":{"rendered":"","protected":false},"excerpt":{"rendered":"<p class=\"p1\">Se poate realiza la comanda pe orice masura sau culoare.<\/p>\n<p class=\"p1\">Folosim doar materiale \u0219i accesorii de cea mai \u00eenalt\u0103 calitate, \u00eencerc\u00e2nd mereu s\u0103 cre\u0103m idei interesante pentru a face stilul t\u0103u unic, personalizat, calitate premium.<\/p>\n<p class=\"p1\">Pentru comenzi \u0219i mai multe detalii despre culori, pre\u021buri \u0219i alte modele personalizate pute\u021bi trimite un mesaj sau suna la 0040766914884 \/ 0040766914901<\/p>\n","protected":false},"featured_media":5535126,"comment_status":"closed","ping_status":"closed","template":"","meta":[],"product_cat":[444,453],"product_tag":[],"class_list":["post-23539","product","type-product","status-publish","has-post-thumbnail","hentry","product_cat-femei-2","product_cat-jachete-din-piele-naturala"],"acf":[],"_links":{"self":[{"href":"https:\/\/www.ccmboutique.ro\/ro\/wp-json\/wp\/v2\/product\/23539","targetHints":{"allow":["GET"]}}],"collection":[{"href":"https:\/\/www.ccmboutique.ro\/ro\/wp-json\/wp\/v2\/product"}],"about":[{"href":"https:\/\/www.ccmboutique.ro\/ro\/wp-json\/wp\/v2\/types\/product"}],"replies":[{"embeddable":true,"href":"https:\/\/www.ccmboutique.ro\/ro\/wp-json\/wp\/v2\/comments?post=23539"}],"version-history":[{"count":1,"href":"https:\/\/www.ccmboutique.ro\/ro\/wp-json\/wp\/v2\/product\/23539\/revisions"}],"predecessor-version":[{"id":5527898,"href":"https:\/\/www.ccmboutique.ro\/ro\/wp-json\/wp\/v2\/product\/23539\/revisions\/5527898"}],"wp:featuredmedia":[{"embeddable":true,"href":"https:\/\/www.ccmboutique.ro\/ro\/wp-json\/wp\/v2\/media\/5535126"}],"wp:attachment":[{"href":"https:\/\/www.ccmboutique.ro\/ro\/wp-json\/wp\/v2\/media?parent=23539"}],"wp:term":[{"taxonomy":"product_cat","embeddable":true,"href":"https:\/\/www.ccmboutique.ro\/ro\/wp-json\/wp\/v2\/product_cat?post=23539"},{"taxonomy":"product_tag","embeddable":true,"href":"https:\/\/www.ccmboutique.ro\/ro\/wp-json\/wp\/v2\/product_tag?post=23539"}],"curies":[{"name":"wp","href":"https:\/\/api.w.org\/{rel}","templated":true}]}}