{"id":23495,"date":"2023-09-30T16:25:39","date_gmt":"2023-09-30T13:25:39","guid":{"rendered":"https:\/\/www.ccmboutique.ro\/?post_type=product&#038;p=23495"},"modified":"2024-02-20T16:57:01","modified_gmt":"2024-02-20T14:57:01","slug":"palton-de-casmir-camel","status":"publish","type":"product","link":"https:\/\/www.ccmboutique.ro\/ro\/shop\/palton-de-casmir-camel\/","title":{"rendered":"Palton CAMEL Cashmere"},"content":{"rendered":"","protected":false},"excerpt":{"rendered":"<p class=\"p1\">Palton de ca\u0219mir accesorizat cu blan\u0103 natural\u0103 de vulpe.<\/p>\n<p class=\"p1\">Fiecare produs este realizat manual cu l\u00e2n\u0103 \u0219i blan\u0103 100% natural\u0103.<\/p>\n<p><span class=\"Y2IQFc\" lang=\"en\">O hain\u0103 calduroasa, rezistent\u0103 \u0219i unic\u0103. Nu trebuie s\u0103 lipseasc\u0103 din garderoba niciunei femei.<\/span><\/p>\n<p class=\"p1\">Poate fi f\u0103cuta la comand\u0103 pe orice m\u0103sur\u0103, disponibila \u00een mai multe culori.<\/p>\n<p class=\"p1\">Folosim doar materiale \u0219i accesorii de cea mai bun\u0103 calitate, \u00eencerc\u00e2nd mereu s\u0103 cre\u0103m idei interesante pentru a v\u0103 face stilul unic, personalizat, calitate superioar\u0103.<\/p>\n","protected":false},"featured_media":5535114,"comment_status":"closed","ping_status":"closed","template":"","meta":[],"product_cat":[444,449],"product_tag":[],"class_list":["post-23495","product","type-product","status-publish","has-post-thumbnail","hentry","product_cat-femei-2","product_cat-haine-din-lana-casmir-alpaca-2"],"acf":[],"_links":{"self":[{"href":"https:\/\/www.ccmboutique.ro\/ro\/wp-json\/wp\/v2\/product\/23495","targetHints":{"allow":["GET"]}}],"collection":[{"href":"https:\/\/www.ccmboutique.ro\/ro\/wp-json\/wp\/v2\/product"}],"about":[{"href":"https:\/\/www.ccmboutique.ro\/ro\/wp-json\/wp\/v2\/types\/product"}],"replies":[{"embeddable":true,"href":"https:\/\/www.ccmboutique.ro\/ro\/wp-json\/wp\/v2\/comments?post=23495"}],"version-history":[{"count":1,"href":"https:\/\/www.ccmboutique.ro\/ro\/wp-json\/wp\/v2\/product\/23495\/revisions"}],"predecessor-version":[{"id":5527884,"href":"https:\/\/www.ccmboutique.ro\/ro\/wp-json\/wp\/v2\/product\/23495\/revisions\/5527884"}],"wp:featuredmedia":[{"embeddable":true,"href":"https:\/\/www.ccmboutique.ro\/ro\/wp-json\/wp\/v2\/media\/5535114"}],"wp:attachment":[{"href":"https:\/\/www.ccmboutique.ro\/ro\/wp-json\/wp\/v2\/media?parent=23495"}],"wp:term":[{"taxonomy":"product_cat","embeddable":true,"href":"https:\/\/www.ccmboutique.ro\/ro\/wp-json\/wp\/v2\/product_cat?post=23495"},{"taxonomy":"product_tag","embeddable":true,"href":"https:\/\/www.ccmboutique.ro\/ro\/wp-json\/wp\/v2\/product_tag?post=23495"}],"curies":[{"name":"wp","href":"https:\/\/api.w.org\/{rel}","templated":true}]}}