{"id":23113,"date":"2023-08-14T01:08:52","date_gmt":"2023-08-13T22:08:52","guid":{"rendered":"https:\/\/www.ccmboutique.ro\/?post_type=product&#038;p=23113"},"modified":"2024-02-20T16:54:53","modified_gmt":"2024-02-20T14:54:53","slug":"celina-black-tulle-leggings-2","status":"publish","type":"product","link":"https:\/\/www.ccmboutique.ro\/ro\/shop\/celina-black-tulle-leggings-2\/","title":{"rendered":"Colanti Celina Tulle"},"content":{"rendered":"","protected":false},"excerpt":{"rendered":"<p class=\"p1\">Design cu talie \u00eenalt\u0103, tummy control.<\/p>\n<p class=\"p1\">Acesti colanti sunt perfec\u021bi pentru toate tipurile de ocazii.<\/p>\n<p class=\"p1\">Fie c\u0103 este vorba de sporturi \u00een aer liber, dans, alergare, fitness, echita\u021bie, joc, box, munc\u0103, pilates, zumba, balet, c\u0103l\u0103torii sau activit\u0103\u021bi de agrement de zi cu zi.<\/p>\n<p class=\"p1\">De asemenea, potriviti pentru toate anotimpurile; pot fi folositi cu o varietate de pantofi \u0219i topuri.<\/p>\n<p class=\"p1\">Trece\u021bi de la casual la elegant \u00een c\u00e2teva minute.<\/p>\n<p class=\"p1\">Potrivit pentru toate tipurile de corp!<\/p>\n","protected":false},"featured_media":5535007,"comment_status":"closed","ping_status":"closed","template":"","meta":[],"product_cat":[460,457],"product_tag":[],"class_list":["post-23113","product","type-product","status-publish","has-post-thumbnail","hentry","product_cat-colanti-2","product_cat-fitness-2"],"acf":[],"_links":{"self":[{"href":"https:\/\/www.ccmboutique.ro\/ro\/wp-json\/wp\/v2\/product\/23113","targetHints":{"allow":["GET"]}}],"collection":[{"href":"https:\/\/www.ccmboutique.ro\/ro\/wp-json\/wp\/v2\/product"}],"about":[{"href":"https:\/\/www.ccmboutique.ro\/ro\/wp-json\/wp\/v2\/types\/product"}],"replies":[{"embeddable":true,"href":"https:\/\/www.ccmboutique.ro\/ro\/wp-json\/wp\/v2\/comments?post=23113"}],"version-history":[{"count":1,"href":"https:\/\/www.ccmboutique.ro\/ro\/wp-json\/wp\/v2\/product\/23113\/revisions"}],"predecessor-version":[{"id":5527790,"href":"https:\/\/www.ccmboutique.ro\/ro\/wp-json\/wp\/v2\/product\/23113\/revisions\/5527790"}],"wp:featuredmedia":[{"embeddable":true,"href":"https:\/\/www.ccmboutique.ro\/ro\/wp-json\/wp\/v2\/media\/5535007"}],"wp:attachment":[{"href":"https:\/\/www.ccmboutique.ro\/ro\/wp-json\/wp\/v2\/media?parent=23113"}],"wp:term":[{"taxonomy":"product_cat","embeddable":true,"href":"https:\/\/www.ccmboutique.ro\/ro\/wp-json\/wp\/v2\/product_cat?post=23113"},{"taxonomy":"product_tag","embeddable":true,"href":"https:\/\/www.ccmboutique.ro\/ro\/wp-json\/wp\/v2\/product_tag?post=23113"}],"curies":[{"name":"wp","href":"https:\/\/api.w.org\/{rel}","templated":true}]}}