{"id":22562,"date":"2023-08-01T17:58:56","date_gmt":"2023-08-01T14:58:56","guid":{"rendered":"https:\/\/www.ccmboutique.ro\/?post_type=product&#038;p=22562"},"modified":"2025-12-14T14:26:22","modified_gmt":"2025-12-14T12:26:22","slug":"kiran-python-leather-trench-coat","status":"publish","type":"product","link":"https:\/\/www.ccmboutique.ro\/ro\/shop\/kiran-python-leather-trench-coat\/","title":{"rendered":"Palton KIRAN Python"},"content":{"rendered":"","protected":false},"excerpt":{"rendered":"<p>Acest trench este realizat manual din piele de piton exotic\u0103 de cea mai bun\u0103 calitate, conceput la comand\u0103, va face ca orice zi \u00een care \u00eel por\u021bi s\u0103 fie cu adev\u0103rat special\u0103, fiind o op\u021biune uimitoare pentru garderoba ta.<br \/>\nMulte dintre modelele noastre sunt disponibile doar prin precomand\u0103 \u2013 create special pentru tine, nu produse \u00een serie.<br \/>\nDetalii la alegere: culoare, materiale, nasturi, guler, buzunare.<br \/>\nCroial\u0103 personalizat\u0103 pentru umeri, bust, talie, \u0219olduri \u0219i lungime.<br \/>\nJachetele vor fi fabricate exclusiv pentru tine.<br \/>\nOdat\u0103 ce comanda este plasat\u0103, piesa vestimentar\u0103 este rezervat\u0103, croit\u0103 \u0219i livrat\u0103 \u00een termen de 12-15 zile lucr\u0103toare.<br \/>\nConsulta\u021bie individual\u0103 prin WhatsApp, imediat dup\u0103 plasarea comenzii.<\/p>\n","protected":false},"featured_media":5534949,"comment_status":"closed","ping_status":"closed","template":"","meta":[],"product_cat":[444,451],"product_tag":[],"class_list":["post-22562","product","type-product","status-publish","has-post-thumbnail","hentry","product_cat-femei-2","product_cat-jachete-din-piele-de-piton"],"acf":[],"_links":{"self":[{"href":"https:\/\/www.ccmboutique.ro\/ro\/wp-json\/wp\/v2\/product\/22562","targetHints":{"allow":["GET"]}}],"collection":[{"href":"https:\/\/www.ccmboutique.ro\/ro\/wp-json\/wp\/v2\/product"}],"about":[{"href":"https:\/\/www.ccmboutique.ro\/ro\/wp-json\/wp\/v2\/types\/product"}],"replies":[{"embeddable":true,"href":"https:\/\/www.ccmboutique.ro\/ro\/wp-json\/wp\/v2\/comments?post=22562"}],"version-history":[{"count":2,"href":"https:\/\/www.ccmboutique.ro\/ro\/wp-json\/wp\/v2\/product\/22562\/revisions"}],"predecessor-version":[{"id":5542774,"href":"https:\/\/www.ccmboutique.ro\/ro\/wp-json\/wp\/v2\/product\/22562\/revisions\/5542774"}],"wp:featuredmedia":[{"embeddable":true,"href":"https:\/\/www.ccmboutique.ro\/ro\/wp-json\/wp\/v2\/media\/5534949"}],"wp:attachment":[{"href":"https:\/\/www.ccmboutique.ro\/ro\/wp-json\/wp\/v2\/media?parent=22562"}],"wp:term":[{"taxonomy":"product_cat","embeddable":true,"href":"https:\/\/www.ccmboutique.ro\/ro\/wp-json\/wp\/v2\/product_cat?post=22562"},{"taxonomy":"product_tag","embeddable":true,"href":"https:\/\/www.ccmboutique.ro\/ro\/wp-json\/wp\/v2\/product_tag?post=22562"}],"curies":[{"name":"wp","href":"https:\/\/api.w.org\/{rel}","templated":true}]}}