{"id":21853,"date":"2023-07-08T22:15:54","date_gmt":"2023-07-08T19:15:54","guid":{"rendered":"https:\/\/www.ccmboutique.ro\/?post_type=product&#038;p=21853"},"modified":"2024-10-02T21:54:56","modified_gmt":"2024-10-02T18:54:56","slug":"aayra-grey-print-sport-bra","status":"publish","type":"product","link":"https:\/\/www.ccmboutique.ro\/ro\/shop\/aayra-grey-print-sport-bra\/","title":{"rendered":"Bustiera Aayra Grey"},"content":{"rendered":"","protected":false},"excerpt":{"rendered":"<p>Materiale de \u00eenalt\u0103 calitate, transparen\u021b\u0103 zero Mai multe culori disponibile Este produs cu o tehnic\u0103 special\u0103 de cusut prin utilizarea \u021bes\u0103turii lycra pline, produs\u0103 special Compresie, caracteristic\u0103 push-up Pentru comenzi \u0219i mai multe informa\u021bii, ne pute\u021bi contacta telefonic la 0040766914884 0040766914901<\/p>\n","protected":false},"featured_media":5534777,"comment_status":"closed","ping_status":"closed","template":"","meta":[],"product_cat":[459,457],"product_tag":[],"class_list":["post-21853","product","type-product","status-publish","has-post-thumbnail","hentry","product_cat-bustiere-2","product_cat-fitness-2"],"acf":[],"_links":{"self":[{"href":"https:\/\/www.ccmboutique.ro\/ro\/wp-json\/wp\/v2\/product\/21853","targetHints":{"allow":["GET"]}}],"collection":[{"href":"https:\/\/www.ccmboutique.ro\/ro\/wp-json\/wp\/v2\/product"}],"about":[{"href":"https:\/\/www.ccmboutique.ro\/ro\/wp-json\/wp\/v2\/types\/product"}],"replies":[{"embeddable":true,"href":"https:\/\/www.ccmboutique.ro\/ro\/wp-json\/wp\/v2\/comments?post=21853"}],"version-history":[{"count":2,"href":"https:\/\/www.ccmboutique.ro\/ro\/wp-json\/wp\/v2\/product\/21853\/revisions"}],"predecessor-version":[{"id":5538361,"href":"https:\/\/www.ccmboutique.ro\/ro\/wp-json\/wp\/v2\/product\/21853\/revisions\/5538361"}],"wp:featuredmedia":[{"embeddable":true,"href":"https:\/\/www.ccmboutique.ro\/ro\/wp-json\/wp\/v2\/media\/5534777"}],"wp:attachment":[{"href":"https:\/\/www.ccmboutique.ro\/ro\/wp-json\/wp\/v2\/media?parent=21853"}],"wp:term":[{"taxonomy":"product_cat","embeddable":true,"href":"https:\/\/www.ccmboutique.ro\/ro\/wp-json\/wp\/v2\/product_cat?post=21853"},{"taxonomy":"product_tag","embeddable":true,"href":"https:\/\/www.ccmboutique.ro\/ro\/wp-json\/wp\/v2\/product_tag?post=21853"}],"curies":[{"name":"wp","href":"https:\/\/api.w.org\/{rel}","templated":true}]}}