{"id":21776,"date":"2023-07-08T00:38:58","date_gmt":"2023-07-07T21:38:58","guid":{"rendered":"https:\/\/www.ccmboutique.ro\/?post_type=product&#038;p=21776"},"modified":"2024-10-02T21:47:03","modified_gmt":"2024-10-02T18:47:03","slug":"lexia-grey-leather-jacket","status":"publish","type":"product","link":"https:\/\/www.ccmboutique.ro\/ro\/shop\/lexia-grey-leather-jacket\/","title":{"rendered":"Jachet\u0103 LEXIA"},"content":{"rendered":"","protected":false},"excerpt":{"rendered":"<p class=\"p1\">Colec\u021bia de piele pentru femei CCM BOUTIQUE creeaz\u0103 cele mai importante produse de investi\u021bie pe care le ve\u021bi face pentru garderoba dumneavoastr\u0103, cu durata sa de via\u021b\u0103 lung\u0103 \u0219i atemporalitatea sa, \u0219i va aduce o senza\u021bie de lux \u021binutelor dumneavoastr\u0103 de zi cu zi.<\/p>\n<p class=\"p1\"><span class=\"Apple-converted-space\">Calitatea este \u00eens\u0103\u0219i esen\u021ba unei jachete CCM Boutique.<\/span><\/p>\n<p class=\"p1\">V\u0103 pute\u021bi bucura de un serviciu privilegiat de croitorie individual\u0103.<\/p>\n<p class=\"p1\">Jachetele vor fi fabricate exclusiv pentru dumneavoastr\u0103: de la modelul potrivit pentru silueta dumneavoastr\u0103 p\u00e2n\u0103 la tonul \u0219i textura.<\/p>\n<p class=\"p1\">Un produs exclusivist va flata silueta \u0219i va reflecta stilul t\u0103u.<\/p>\n<p class=\"p1\">Pentru un serviciu de comand\u0103 personalizat \u0219i mai multe detalii ne pute\u021bi contacta la numerele de telefon 0040766914884 \/ 0040766914901 \u0219i ve\u021bi avea produse care vor fi realizate cu meticulozitate pentru dumneavoastr\u0103.<\/p>\n","protected":false},"featured_media":5534763,"comment_status":"closed","ping_status":"closed","template":"","meta":[],"product_cat":[444,453],"product_tag":[],"class_list":["post-21776","product","type-product","status-publish","has-post-thumbnail","hentry","product_cat-femei-2","product_cat-jachete-din-piele-naturala"],"acf":[],"_links":{"self":[{"href":"https:\/\/www.ccmboutique.ro\/ro\/wp-json\/wp\/v2\/product\/21776","targetHints":{"allow":["GET"]}}],"collection":[{"href":"https:\/\/www.ccmboutique.ro\/ro\/wp-json\/wp\/v2\/product"}],"about":[{"href":"https:\/\/www.ccmboutique.ro\/ro\/wp-json\/wp\/v2\/types\/product"}],"replies":[{"embeddable":true,"href":"https:\/\/www.ccmboutique.ro\/ro\/wp-json\/wp\/v2\/comments?post=21776"}],"version-history":[{"count":2,"href":"https:\/\/www.ccmboutique.ro\/ro\/wp-json\/wp\/v2\/product\/21776\/revisions"}],"predecessor-version":[{"id":5538350,"href":"https:\/\/www.ccmboutique.ro\/ro\/wp-json\/wp\/v2\/product\/21776\/revisions\/5538350"}],"wp:featuredmedia":[{"embeddable":true,"href":"https:\/\/www.ccmboutique.ro\/ro\/wp-json\/wp\/v2\/media\/5534763"}],"wp:attachment":[{"href":"https:\/\/www.ccmboutique.ro\/ro\/wp-json\/wp\/v2\/media?parent=21776"}],"wp:term":[{"taxonomy":"product_cat","embeddable":true,"href":"https:\/\/www.ccmboutique.ro\/ro\/wp-json\/wp\/v2\/product_cat?post=21776"},{"taxonomy":"product_tag","embeddable":true,"href":"https:\/\/www.ccmboutique.ro\/ro\/wp-json\/wp\/v2\/product_tag?post=21776"}],"curies":[{"name":"wp","href":"https:\/\/api.w.org\/{rel}","templated":true}]}}