{"id":21569,"date":"2023-07-06T12:37:38","date_gmt":"2023-07-06T09:37:38","guid":{"rendered":"https:\/\/www.ccmboutique.ro\/?post_type=product&#038;p=21569"},"modified":"2024-02-20T16:49:39","modified_gmt":"2024-02-20T14:49:39","slug":"karol-white-stripe-zipper-blouse-2","status":"publish","type":"product","link":"https:\/\/www.ccmboutique.ro\/ro\/shop\/karol-white-stripe-zipper-blouse-2\/","title":{"rendered":"Karol Bluz\u0103 cu fermoar cu dungi albe Karol"},"content":{"rendered":"","protected":false},"excerpt":{"rendered":"<p>Materiale de \u00eenalt\u0103 calitate, transparen\u021b\u0103 zero.<\/p>\n<p>Produsi cu o tehnic\u0103 special\u0103 de cusut prin utilizarea unei \u021bes\u0103turi de lycra.<\/p>\n<p>\u021aes\u0103turi care respir\u0103, tipare potrivite \u0219i piese colorate.<\/p>\n<p>Pentru comenzi \u0219i mai multe informa\u021bii, ne pute\u021bi contacta prin telefon la 0040766914884  0040766914901<\/p>\n","protected":false},"featured_media":5534727,"comment_status":"closed","ping_status":"closed","template":"","meta":[],"product_cat":[458,457],"product_tag":[],"class_list":["post-21569","product","type-product","status-publish","has-post-thumbnail","hentry","product_cat-bluze-2","product_cat-fitness-2"],"acf":[],"_links":{"self":[{"href":"https:\/\/www.ccmboutique.ro\/ro\/wp-json\/wp\/v2\/product\/21569","targetHints":{"allow":["GET"]}}],"collection":[{"href":"https:\/\/www.ccmboutique.ro\/ro\/wp-json\/wp\/v2\/product"}],"about":[{"href":"https:\/\/www.ccmboutique.ro\/ro\/wp-json\/wp\/v2\/types\/product"}],"replies":[{"embeddable":true,"href":"https:\/\/www.ccmboutique.ro\/ro\/wp-json\/wp\/v2\/comments?post=21569"}],"version-history":[{"count":1,"href":"https:\/\/www.ccmboutique.ro\/ro\/wp-json\/wp\/v2\/product\/21569\/revisions"}],"predecessor-version":[{"id":5527569,"href":"https:\/\/www.ccmboutique.ro\/ro\/wp-json\/wp\/v2\/product\/21569\/revisions\/5527569"}],"wp:featuredmedia":[{"embeddable":true,"href":"https:\/\/www.ccmboutique.ro\/ro\/wp-json\/wp\/v2\/media\/5534727"}],"wp:attachment":[{"href":"https:\/\/www.ccmboutique.ro\/ro\/wp-json\/wp\/v2\/media?parent=21569"}],"wp:term":[{"taxonomy":"product_cat","embeddable":true,"href":"https:\/\/www.ccmboutique.ro\/ro\/wp-json\/wp\/v2\/product_cat?post=21569"},{"taxonomy":"product_tag","embeddable":true,"href":"https:\/\/www.ccmboutique.ro\/ro\/wp-json\/wp\/v2\/product_tag?post=21569"}],"curies":[{"name":"wp","href":"https:\/\/api.w.org\/{rel}","templated":true}]}}