{"id":21385,"date":"2023-07-04T09:36:58","date_gmt":"2023-07-04T06:36:58","guid":{"rendered":"https:\/\/www.ccmboutique.ro\/?post_type=product&#038;p=21385"},"modified":"2024-10-02T21:55:19","modified_gmt":"2024-10-02T18:55:19","slug":"amparo-khaki-leather-look-snake-leggings","status":"publish","type":"product","link":"https:\/\/www.ccmboutique.ro\/ro\/shop\/amparo-khaki-leather-look-snake-leggings\/","title":{"rendered":"Colanti Amparo Khaki"},"content":{"rendered":"","protected":false},"excerpt":{"rendered":"<p class=\"p1\">\u00cembr\u0103c\u0103minte premium de \u00eenalt\u0103 calitate care poate fi purtat\u0103 at\u00e2t \u00een sala de sport, c\u00e2t \u0219i \u00een afara ei, conceput\u0103 pentru a v\u0103 men\u021bine cool \u0219i elegant.<\/p>\n<p>  Transparen\u021b\u0103 zero, \u021bes\u0103turi respirabile, mucegaiuri potrivite \u0219i piese colorate, talie super \u00eenalt\u0103. Mai multe culori disponibile. Produsi cu o tehnic\u0103 special\u0103 de cusut prin utilizarea unei \u021bes\u0103turi de lycra. Compresie , caracteristic\u0103 push-up. Pentru comenzi si mai multe detalii despre culori , preturi si alte modele, ne puteti contacta la nr de tel : 0040766914884 \/ 0040766914901.<\/p>\n","protected":false},"featured_media":5534656,"comment_status":"closed","ping_status":"closed","template":"","meta":[],"product_cat":[463,457],"product_tag":[],"class_list":["post-21385","product","type-product","status-publish","has-post-thumbnail","hentry","product_cat-colanti-cu-aspect-de-piele-2","product_cat-fitness-2"],"acf":[],"_links":{"self":[{"href":"https:\/\/www.ccmboutique.ro\/ro\/wp-json\/wp\/v2\/product\/21385","targetHints":{"allow":["GET"]}}],"collection":[{"href":"https:\/\/www.ccmboutique.ro\/ro\/wp-json\/wp\/v2\/product"}],"about":[{"href":"https:\/\/www.ccmboutique.ro\/ro\/wp-json\/wp\/v2\/types\/product"}],"replies":[{"embeddable":true,"href":"https:\/\/www.ccmboutique.ro\/ro\/wp-json\/wp\/v2\/comments?post=21385"}],"version-history":[{"count":2,"href":"https:\/\/www.ccmboutique.ro\/ro\/wp-json\/wp\/v2\/product\/21385\/revisions"}],"predecessor-version":[{"id":5538362,"href":"https:\/\/www.ccmboutique.ro\/ro\/wp-json\/wp\/v2\/product\/21385\/revisions\/5538362"}],"wp:featuredmedia":[{"embeddable":true,"href":"https:\/\/www.ccmboutique.ro\/ro\/wp-json\/wp\/v2\/media\/5534656"}],"wp:attachment":[{"href":"https:\/\/www.ccmboutique.ro\/ro\/wp-json\/wp\/v2\/media?parent=21385"}],"wp:term":[{"taxonomy":"product_cat","embeddable":true,"href":"https:\/\/www.ccmboutique.ro\/ro\/wp-json\/wp\/v2\/product_cat?post=21385"},{"taxonomy":"product_tag","embeddable":true,"href":"https:\/\/www.ccmboutique.ro\/ro\/wp-json\/wp\/v2\/product_tag?post=21385"}],"curies":[{"name":"wp","href":"https:\/\/api.w.org\/{rel}","templated":true}]}}