{"id":21191,"date":"2023-07-02T09:58:39","date_gmt":"2023-07-02T06:58:39","guid":{"rendered":"https:\/\/www.ccmboutique.ro\/?post_type=product&#038;p=21191"},"modified":"2024-10-02T21:56:40","modified_gmt":"2024-10-02T18:56:40","slug":"aroha-blouse-albe","status":"publish","type":"product","link":"https:\/\/www.ccmboutique.ro\/ro\/shop\/aroha-blouse-albe\/","title":{"rendered":"Bluza Alba Aroha"},"content":{"rendered":"","protected":false},"excerpt":{"rendered":"<p>Materiale de \u00eenalt\u0103 calitate, transparen\u021b\u0103 zero. Produsi cu o tehnic\u0103 special\u0103 de cusut prin utilizarea unei \u021bes\u0103turi de lycra. \u021aes\u0103turi care respir\u0103, tipare potrivite \u0219i piese colorate. Pentru comenzi \u0219i mai multe informa\u021bii, ne pute\u021bi contacta la num\u0103rul de telefon 0040766914884 0040766914901.<\/p>\n","protected":false},"featured_media":5534606,"comment_status":"closed","ping_status":"closed","template":"","meta":[],"product_cat":[458,457],"product_tag":[],"class_list":["post-21191","product","type-product","status-publish","has-post-thumbnail","hentry","product_cat-bluze-2","product_cat-fitness-2"],"acf":[],"_links":{"self":[{"href":"https:\/\/www.ccmboutique.ro\/ro\/wp-json\/wp\/v2\/product\/21191","targetHints":{"allow":["GET"]}}],"collection":[{"href":"https:\/\/www.ccmboutique.ro\/ro\/wp-json\/wp\/v2\/product"}],"about":[{"href":"https:\/\/www.ccmboutique.ro\/ro\/wp-json\/wp\/v2\/types\/product"}],"replies":[{"embeddable":true,"href":"https:\/\/www.ccmboutique.ro\/ro\/wp-json\/wp\/v2\/comments?post=21191"}],"version-history":[{"count":2,"href":"https:\/\/www.ccmboutique.ro\/ro\/wp-json\/wp\/v2\/product\/21191\/revisions"}],"predecessor-version":[{"id":5538365,"href":"https:\/\/www.ccmboutique.ro\/ro\/wp-json\/wp\/v2\/product\/21191\/revisions\/5538365"}],"wp:featuredmedia":[{"embeddable":true,"href":"https:\/\/www.ccmboutique.ro\/ro\/wp-json\/wp\/v2\/media\/5534606"}],"wp:attachment":[{"href":"https:\/\/www.ccmboutique.ro\/ro\/wp-json\/wp\/v2\/media?parent=21191"}],"wp:term":[{"taxonomy":"product_cat","embeddable":true,"href":"https:\/\/www.ccmboutique.ro\/ro\/wp-json\/wp\/v2\/product_cat?post=21191"},{"taxonomy":"product_tag","embeddable":true,"href":"https:\/\/www.ccmboutique.ro\/ro\/wp-json\/wp\/v2\/product_tag?post=21191"}],"curies":[{"name":"wp","href":"https:\/\/api.w.org\/{rel}","templated":true}]}}