{"id":21068,"date":"2023-06-14T18:54:50","date_gmt":"2023-06-14T15:54:50","guid":{"rendered":"https:\/\/www.ccmboutique.ro\/?post_type=product&#038;p=21068"},"modified":"2024-02-20T16:47:46","modified_gmt":"2024-02-20T14:47:46","slug":"anatoly-himalaya-crocodila-cap","status":"publish","type":"product","link":"https:\/\/www.ccmboutique.ro\/ro\/shop\/anatoly-himalaya-crocodila-cap\/","title":{"rendered":"Sapca Anatoly Himalaya Crocodile"},"content":{"rendered":"","protected":false},"excerpt":{"rendered":"<p class=\"p1\">Piele de crocodil autentic 100% exotic\/piele de crocodil\/aligator.<\/p>\n<p>Aceast\u0103 \u0219apc\u0103 adaug\u0103 o pozi\u021bie sofisticat\u0103 stilului t\u0103u, de la var\u0103 la iarn\u0103.<\/p>\n<p>Pentru un serviciu de comenzi personalizate ne pute\u021bi contacta la numerele de telefon 0040766914884 \/ 0040766914901 \u0219i ve\u021bi avea produse care vor fi realizate cu meticulozitate pentru dumneavoastr\u0103.<\/p>\n","protected":false},"featured_media":5534580,"comment_status":"closed","ping_status":"closed","template":"","meta":[],"product_cat":[434,433],"product_tag":[],"class_list":["post-21068","product","type-product","status-publish","has-post-thumbnail","hentry","product_cat-accesorii","product_cat-sepci-din-piele"],"acf":[],"_links":{"self":[{"href":"https:\/\/www.ccmboutique.ro\/ro\/wp-json\/wp\/v2\/product\/21068","targetHints":{"allow":["GET"]}}],"collection":[{"href":"https:\/\/www.ccmboutique.ro\/ro\/wp-json\/wp\/v2\/product"}],"about":[{"href":"https:\/\/www.ccmboutique.ro\/ro\/wp-json\/wp\/v2\/types\/product"}],"replies":[{"embeddable":true,"href":"https:\/\/www.ccmboutique.ro\/ro\/wp-json\/wp\/v2\/comments?post=21068"}],"version-history":[{"count":1,"href":"https:\/\/www.ccmboutique.ro\/ro\/wp-json\/wp\/v2\/product\/21068\/revisions"}],"predecessor-version":[{"id":5527481,"href":"https:\/\/www.ccmboutique.ro\/ro\/wp-json\/wp\/v2\/product\/21068\/revisions\/5527481"}],"wp:featuredmedia":[{"embeddable":true,"href":"https:\/\/www.ccmboutique.ro\/ro\/wp-json\/wp\/v2\/media\/5534580"}],"wp:attachment":[{"href":"https:\/\/www.ccmboutique.ro\/ro\/wp-json\/wp\/v2\/media?parent=21068"}],"wp:term":[{"taxonomy":"product_cat","embeddable":true,"href":"https:\/\/www.ccmboutique.ro\/ro\/wp-json\/wp\/v2\/product_cat?post=21068"},{"taxonomy":"product_tag","embeddable":true,"href":"https:\/\/www.ccmboutique.ro\/ro\/wp-json\/wp\/v2\/product_tag?post=21068"}],"curies":[{"name":"wp","href":"https:\/\/api.w.org\/{rel}","templated":true}]}}