{"id":20888,"date":"2023-06-05T10:08:12","date_gmt":"2023-06-05T07:08:12","guid":{"rendered":"https:\/\/www.ccmboutique.ro\/?post_type=product&#038;p=20888"},"modified":"2024-02-20T16:47:31","modified_gmt":"2024-02-20T14:47:31","slug":"anatoly-himalaya-crocodilieni-piele-jacket","status":"publish","type":"product","link":"https:\/\/www.ccmboutique.ro\/ro\/shop\/anatoly-himalaya-crocodilieni-piele-jacket\/","title":{"rendered":"Jachet\u0103 din piele de crocodil himalaya Anatoly"},"content":{"rendered":"<p class=\"p1\">Piei de crocodil din Himalaya.<\/p>\n<p class=\"p2\">Piele de crocodil autentic 100% exotic.<\/p>\n<p class=\"p1\">Fiind unul dintre cele mai c\u0103utate obiecte exotice, crocodilul este un material foarte scump \u0219i oarecum durabil, dar foarte delicat.<\/p>\n<p class=\"p1\">Pielea de crocodil este disponibil\u0103 \u00een versiuni mat\u0103 sau lucioas\u0103, aceasta din urm\u0103 fiind \u0219lefuit\u0103 energic pentru a ob\u021bine efectul lucios.<\/p>\n<p class=\"p1\">\u00cen mod ironic, at\u00e2t pielea de aligator, c\u00e2t \u0219i cea de crocodil trebuie \u021binute departe de ap\u0103 pentru a preveni apari\u021bia unor pete persistente pe piele.<\/p>\n<p class=\"p1\">Cel mai scump tip de piele Herm\u00e8s este, de exemplu, crocodilul Matte Porosus provenit din Australia. Porosul poate fi distins prin micile semne de pe suprafa\u021b\u0103, care sunt r\u0103m\u0103\u0219i\u021bele porilor senzoriali care ajut\u0103 crocodilul s\u0103 se orienteze \u00een ap\u0103. Acest tip de piele de crocodil, care provine din burta animalului, are, de asemenea, solzi foarte fini \u0219i simetrici &#8211; ceea ce face ca pielea s\u0103 fie at\u00e2t de scump\u0103.<\/p>\n<p class=\"p1\">Pentru cur\u0103\u021bare, trimite\u021bi jacheta la un centru de cur\u0103\u021bare specializat \u00een cur\u0103\u021barea pielii.<\/p>\n","protected":false},"excerpt":{"rendered":"<p class=\"p1\">Pielle de crocodil Himalaya.<\/p>\n<p class=\"p2\">Piele de crocodil autentic 100% exotic.<\/p>\n<p class=\"p1\">Pielea de crocodil de himalaya este un material foarte scump \u0219i durabil, dar foarte delicat.<\/p>\n<p class=\"p1\">Pielea de crocodil este disponibil\u0103 \u00een versiunea mat\u0103 sau lucioas\u0103, aceasta din urm\u0103 fiind \u0219lefuit\u0103 energic pentru a ob\u021bine efectul lucios.<\/p>\n<p class=\"p1\">\u00cen mod ironic, at\u00e2t pielea de aligator, c\u00e2t \u0219i cea de crocodil trebuie \u021binute departe de ap\u0103 pentru a preveni apari\u021bia unor pete persistente pe piele.<\/p>\n<p class=\"p1\">Cel mai scump tip de piele Herm\u00e8s este, de exemplu, crocodilul Matte Porosus provenit din Australia. Poate fi distins prin micile semne de pe suprafa\u021b\u0103, care sunt r\u0103m\u0103\u0219i\u021bele porilor senzoriali care ajut\u0103 crocodilul s\u0103 se orienteze \u00een ap\u0103. Acest tip de piele de crocodil, care provine de la burta animalului, are, de asemenea, solzi foarte fini \u0219i simetrici, ceea ce face ca pielea s\u0103 fie at\u00e2t de scump\u0103.<\/p>\n<p class=\"p1\">Pentru cur\u0103\u021bare, trimite\u021bi jacheta la un centru de cur\u0103\u021bare specializat \u00een cur\u0103\u021barea pielii.<\/p>\n","protected":false},"featured_media":5534548,"comment_status":"closed","ping_status":"closed","template":"","meta":[],"product_cat":[436,443,438],"product_tag":[],"class_list":["post-20888","product","type-product","status-publish","has-post-thumbnail","hentry","product_cat-barbati-2","product_cat-editii-de-lux-2","product_cat-jachete-din-piele-de-crocodil-2"],"acf":[],"_links":{"self":[{"href":"https:\/\/www.ccmboutique.ro\/ro\/wp-json\/wp\/v2\/product\/20888","targetHints":{"allow":["GET"]}}],"collection":[{"href":"https:\/\/www.ccmboutique.ro\/ro\/wp-json\/wp\/v2\/product"}],"about":[{"href":"https:\/\/www.ccmboutique.ro\/ro\/wp-json\/wp\/v2\/types\/product"}],"replies":[{"embeddable":true,"href":"https:\/\/www.ccmboutique.ro\/ro\/wp-json\/wp\/v2\/comments?post=20888"}],"version-history":[{"count":1,"href":"https:\/\/www.ccmboutique.ro\/ro\/wp-json\/wp\/v2\/product\/20888\/revisions"}],"predecessor-version":[{"id":5527469,"href":"https:\/\/www.ccmboutique.ro\/ro\/wp-json\/wp\/v2\/product\/20888\/revisions\/5527469"}],"wp:featuredmedia":[{"embeddable":true,"href":"https:\/\/www.ccmboutique.ro\/ro\/wp-json\/wp\/v2\/media\/5534548"}],"wp:attachment":[{"href":"https:\/\/www.ccmboutique.ro\/ro\/wp-json\/wp\/v2\/media?parent=20888"}],"wp:term":[{"taxonomy":"product_cat","embeddable":true,"href":"https:\/\/www.ccmboutique.ro\/ro\/wp-json\/wp\/v2\/product_cat?post=20888"},{"taxonomy":"product_tag","embeddable":true,"href":"https:\/\/www.ccmboutique.ro\/ro\/wp-json\/wp\/v2\/product_tag?post=20888"}],"curies":[{"name":"wp","href":"https:\/\/api.w.org\/{rel}","templated":true}]}}