{"id":20867,"date":"2023-05-31T23:47:03","date_gmt":"2023-05-31T20:47:03","guid":{"rendered":"https:\/\/www.ccmboutique.ro\/?post_type=product&#038;p=20867"},"modified":"2024-02-20T16:47:26","modified_gmt":"2024-02-20T14:47:26","slug":"akim-croco-print-print-jacket-piele","status":"publish","type":"product","link":"https:\/\/www.ccmboutique.ro\/ro\/shop\/akim-croco-print-print-jacket-piele\/","title":{"rendered":"Jachet\u0103 din piele naturala croco print AKIM"},"content":{"rendered":"","protected":false},"excerpt":{"rendered":"<p class=\"p1\">Oferim piese de imbracaminte unice \u0219i atent lucrate.<\/p>\n<p class=\"p1\">\u00cembr\u0103c\u0103minte din piele \u0219i accesorii confec\u021bionate \u00een atelierul nostru.<\/p>\n<p class=\"p1\">Fiecare produs este realizat manual din piele 100% naturala.<\/p>\n<p class=\"p1\">Croiala dupa masurile clientului.<\/p>\n<p class=\"p1\">Un model special care v\u0103 va face s\u0103 v\u0103 sim\u021bi\u021bi foarte confortabil.<\/p>\n<p class=\"p1\">Ceea ce ne diferen\u021biaz\u0103 cu adev\u0103rat este angajamentul nostru de nezdruncinat fa\u021b\u0103 de serviciile excep\u021bionale pentru clien\u021bi.<\/p>\n<p class=\"p1\">Clien\u021bii no\u0219tri merit\u0103 tot ce este mai bun \u0219i ne str\u0103duim s\u0103 le dep\u0103\u0219im a\u0219tept\u0103rile \u00een fiecare moment.<\/p>\n<p class=\"p1\"><span class=\"Apple-converted-space\">Clien\u021bii no\u0219tri, care doresc s\u0103 beneficieze de un serviciu de comand\u0103 personalizat, pot contacta magazinele noastre la numerele de telefon 0040766914884 \/ 0040766914901\u0219i vor primi produse care vor fi realizate cu meticulozitate pentru ei.<\/span><\/p>\n","protected":false},"featured_media":5534515,"comment_status":"closed","ping_status":"closed","template":"","meta":[],"product_cat":[436,441],"product_tag":[],"class_list":["post-20867","product","type-product","status-publish","has-post-thumbnail","hentry","product_cat-barbati-2","product_cat-jachete-din-piele-naturala-2"],"acf":[],"_links":{"self":[{"href":"https:\/\/www.ccmboutique.ro\/ro\/wp-json\/wp\/v2\/product\/20867","targetHints":{"allow":["GET"]}}],"collection":[{"href":"https:\/\/www.ccmboutique.ro\/ro\/wp-json\/wp\/v2\/product"}],"about":[{"href":"https:\/\/www.ccmboutique.ro\/ro\/wp-json\/wp\/v2\/types\/product"}],"replies":[{"embeddable":true,"href":"https:\/\/www.ccmboutique.ro\/ro\/wp-json\/wp\/v2\/comments?post=20867"}],"version-history":[{"count":1,"href":"https:\/\/www.ccmboutique.ro\/ro\/wp-json\/wp\/v2\/product\/20867\/revisions"}],"predecessor-version":[{"id":5527466,"href":"https:\/\/www.ccmboutique.ro\/ro\/wp-json\/wp\/v2\/product\/20867\/revisions\/5527466"}],"wp:featuredmedia":[{"embeddable":true,"href":"https:\/\/www.ccmboutique.ro\/ro\/wp-json\/wp\/v2\/media\/5534515"}],"wp:attachment":[{"href":"https:\/\/www.ccmboutique.ro\/ro\/wp-json\/wp\/v2\/media?parent=20867"}],"wp:term":[{"taxonomy":"product_cat","embeddable":true,"href":"https:\/\/www.ccmboutique.ro\/ro\/wp-json\/wp\/v2\/product_cat?post=20867"},{"taxonomy":"product_tag","embeddable":true,"href":"https:\/\/www.ccmboutique.ro\/ro\/wp-json\/wp\/v2\/product_tag?post=20867"}],"curies":[{"name":"wp","href":"https:\/\/api.w.org\/{rel}","templated":true}]}}