{"id":20672,"date":"2023-05-01T00:33:36","date_gmt":"2023-04-30T21:33:36","guid":{"rendered":"https:\/\/www.ccmboutique.ro\/?post_type=product&#038;p=20672"},"modified":"2024-10-02T21:48:03","modified_gmt":"2024-10-02T18:48:03","slug":"katyusha-python-bomber-jacket","status":"publish","type":"product","link":"https:\/\/www.ccmboutique.ro\/ro\/shop\/katyusha-python-bomber-jacket\/","title":{"rendered":"Jacheta Bomber KATYUSHA Python"},"content":{"rendered":"","protected":false},"excerpt":{"rendered":"<p class=\"p1\">Acest bomber din piele de piton \u00ee\u021bi va aduce \u021binuta casual de zi cu zi la un cu totul alt nivel.<\/p>\n<p class=\"p1\">Poate fi f\u0103cuta la comand\u0103 pe orice m\u0103sur\u0103, disponibila \u00een mai multe culori.<\/p>\n<p class=\"p1\">Folosim doar materiale \u0219i accesorii de cea mai bun\u0103 calitate, \u00eencerc\u00e2nd mereu s\u0103 cre\u0103m idei interesante pentru a v\u0103 face stilul unic, personalizat, calitate superioar\u0103.<\/p>\n<p class=\"p1\">Realizat cu m\u0103iestrie.<\/p>\n<p class=\"p1\">Croiala dupa masurile clientului.<\/p>\n<p class=\"p1\">Pentru m\u0103suri personalizate, putem lucra pe baz\u0103 de comand\u0103.<\/p>\n<p class=\"p1\">For any additional information, we are at your disposal <span class=\"s1\">\ud83d\udcde<\/span> 0040766914884<span class=\"Apple-converted-space\"> <\/span>\/<span class=\"Apple-converted-space\"> <\/span>0040766914901.<\/p>\n","protected":false},"featured_media":5536445,"comment_status":"closed","ping_status":"closed","template":"","meta":[],"product_cat":[444,451],"product_tag":[],"class_list":["post-20672","product","type-product","status-publish","has-post-thumbnail","hentry","product_cat-femei-2","product_cat-jachete-din-piele-de-piton"],"acf":[],"_links":{"self":[{"href":"https:\/\/www.ccmboutique.ro\/ro\/wp-json\/wp\/v2\/product\/20672","targetHints":{"allow":["GET"]}}],"collection":[{"href":"https:\/\/www.ccmboutique.ro\/ro\/wp-json\/wp\/v2\/product"}],"about":[{"href":"https:\/\/www.ccmboutique.ro\/ro\/wp-json\/wp\/v2\/types\/product"}],"replies":[{"embeddable":true,"href":"https:\/\/www.ccmboutique.ro\/ro\/wp-json\/wp\/v2\/comments?post=20672"}],"version-history":[{"count":3,"href":"https:\/\/www.ccmboutique.ro\/ro\/wp-json\/wp\/v2\/product\/20672\/revisions"}],"predecessor-version":[{"id":5538351,"href":"https:\/\/www.ccmboutique.ro\/ro\/wp-json\/wp\/v2\/product\/20672\/revisions\/5538351"}],"wp:featuredmedia":[{"embeddable":true,"href":"https:\/\/www.ccmboutique.ro\/ro\/wp-json\/wp\/v2\/media\/5536445"}],"wp:attachment":[{"href":"https:\/\/www.ccmboutique.ro\/ro\/wp-json\/wp\/v2\/media?parent=20672"}],"wp:term":[{"taxonomy":"product_cat","embeddable":true,"href":"https:\/\/www.ccmboutique.ro\/ro\/wp-json\/wp\/v2\/product_cat?post=20672"},{"taxonomy":"product_tag","embeddable":true,"href":"https:\/\/www.ccmboutique.ro\/ro\/wp-json\/wp\/v2\/product_tag?post=20672"}],"curies":[{"name":"wp","href":"https:\/\/api.w.org\/{rel}","templated":true}]}}