{"id":20612,"date":"2023-04-27T11:46:24","date_gmt":"2023-04-27T08:46:24","guid":{"rendered":"https:\/\/www.ccmboutique.ro\/?post_type=product&#038;p=20612"},"modified":"2024-10-02T21:48:45","modified_gmt":"2024-10-02T18:48:45","slug":"kirabo-grey-metalic-piele-jacket","status":"publish","type":"product","link":"https:\/\/www.ccmboutique.ro\/ro\/shop\/kirabo-grey-metalic-piele-jacket\/","title":{"rendered":"Jacheta KIRABO Metalic"},"content":{"rendered":"","protected":false},"excerpt":{"rendered":"<p>Calitatea este \u00eens\u0103\u0219i esen\u021ba unei jachete CCM.<span class=\"Apple-converted-space\">  <\/span>. Detalii cu imprimeu croco.  <\/p>\n<p class=\"p1\">\u00cembr\u0103c\u0103minte din piele \u0219i accesorii confec\u021bionate \u00een atelierul nostru. #LeatherWithLove.<\/p>\n<p class=\"p1\">Fiecare produs este realizat manual cu 100% piele naturala.<\/p>\n<p class=\"p1\">Explora\u021bi num\u0103rul mare de produse \u0219i colec\u021bii de la CCM Boutique, g\u0103si\u021bi hainele de lux care vi se potrivesc cel mai bine pentru a fi mereu la mod\u0103.<\/p>\n<p class=\"p1\">Pentru cur\u0103\u021bare, trimite\u021bi jacheta la un centru de cur\u0103\u021bare specializat.<\/p>\n<p class=\"p1\"><span class=\"Apple-converted-space\">Clien\u021bii no\u0219tri, care doresc s\u0103 beneficieze de un serviciu de comand\u0103 personalizat, pot contacta magazinele noastre la numerele de telefon 0040766914884 \/ 0040766914901\u0219i vor primi produse care vor fi realizate cu meticulozitate pentru ei.<\/span><\/p>\n","protected":false},"featured_media":5534423,"comment_status":"closed","ping_status":"closed","template":"","meta":[],"product_cat":[444,453],"product_tag":[],"class_list":["post-20612","product","type-product","status-publish","has-post-thumbnail","hentry","product_cat-femei-2","product_cat-jachete-din-piele-naturala"],"acf":[],"_links":{"self":[{"href":"https:\/\/www.ccmboutique.ro\/ro\/wp-json\/wp\/v2\/product\/20612","targetHints":{"allow":["GET"]}}],"collection":[{"href":"https:\/\/www.ccmboutique.ro\/ro\/wp-json\/wp\/v2\/product"}],"about":[{"href":"https:\/\/www.ccmboutique.ro\/ro\/wp-json\/wp\/v2\/types\/product"}],"replies":[{"embeddable":true,"href":"https:\/\/www.ccmboutique.ro\/ro\/wp-json\/wp\/v2\/comments?post=20612"}],"version-history":[{"count":2,"href":"https:\/\/www.ccmboutique.ro\/ro\/wp-json\/wp\/v2\/product\/20612\/revisions"}],"predecessor-version":[{"id":5538352,"href":"https:\/\/www.ccmboutique.ro\/ro\/wp-json\/wp\/v2\/product\/20612\/revisions\/5538352"}],"wp:featuredmedia":[{"embeddable":true,"href":"https:\/\/www.ccmboutique.ro\/ro\/wp-json\/wp\/v2\/media\/5534423"}],"wp:attachment":[{"href":"https:\/\/www.ccmboutique.ro\/ro\/wp-json\/wp\/v2\/media?parent=20612"}],"wp:term":[{"taxonomy":"product_cat","embeddable":true,"href":"https:\/\/www.ccmboutique.ro\/ro\/wp-json\/wp\/v2\/product_cat?post=20612"},{"taxonomy":"product_tag","embeddable":true,"href":"https:\/\/www.ccmboutique.ro\/ro\/wp-json\/wp\/v2\/product_tag?post=20612"}],"curies":[{"name":"wp","href":"https:\/\/api.w.org\/{rel}","templated":true}]}}